{"id":656,"date":"2025-02-20T11:56:52","date_gmt":"2025-02-20T10:56:52","guid":{"rendered":"https:\/\/mintofgold.com\/?post_type=product&#038;p=656"},"modified":"2025-02-28T16:50:29","modified_gmt":"2025-02-28T15:50:29","slug":"1-oz-gold-999-9-kinebar","status":"publish","type":"product","link":"https:\/\/www.mintofgold.com\/fr\/1-oz-gold-999-9-kinebar\/","title":{"rendered":"1 oz Or 999.9 - Kinebar"},"content":{"rendered":"<p>Kinebar\u00ae offre une gamme de produits \u00e0 base d'hologrammes - Kinegramem\u00ae. La technologie de l'hologramme est utilis\u00e9e pour les paiements et les transactions bancaires. La technologie holographique n'est pas encore utilis\u00e9e, mais elle permet d'obtenir des r\u00e9sultats concrets dans les domaines de la sant\u00e9 et de la s\u00e9curit\u00e9. Hologramme pokrywa tyln\u0105 stron\u0119 Kinebar\u00ae. W tym celu, podczas procesu produkcji, na powierzchni aplikowane s\u0105 finezyjne mikrostruktury, tworz\u0105c efekt po\u0142ysku.<br \/>\nKinebar jest dost\u0119pny w sze\u015bciu rozmiarach : 1 g, 2 g, 5 g, 10 g, 20 g oraz 1 oz. Le produit est conditionn\u00e9 sous blister, ce qui permet d'obtenir un certificat de conformit\u00e9. Blisterki wykonane s\u0105 z PET i maj\u0105 rozmiar zbli\u017cony do karty kredytowej : 85 mm x 54 mm.<\/p>","protected":false},"excerpt":{"rendered":"<p>Kinebar\u00ae to wybita sztabka z\u0142ota z dodatkowym zabezpieczeniem \u2013 Kinegramem\u00ae. Ta technologia hologramowa jest powszechnie znana z u\u017cycia w paszportach i banknotach. Jest nie tylko atrakcyjna wizualnie, ale tak\u017ce zwi\u0119ksza bezpiecze\u0144stwo tej sztabki. Hologram pokrywa tyln\u0105 stron\u0119 Kinebar\u00ae. W tym celu, podczas procesu produkcji, na powierzchni aplikowane s\u0105 finezyjne mikrostruktury, tworz\u0105c efekt po\u0142ysku. Kinebar jest&#8230;<\/p>","protected":false},"featured_media":657,"comment_status":"closed","ping_status":"closed","template":"","meta":{"_kad_blocks_custom_css":"","_kad_blocks_head_custom_js":"","_kad_blocks_body_custom_js":"","_kad_blocks_footer_custom_js":"","_kad_post_transparent":"default","_kad_post_title":"","_kad_post_layout":"default","_kad_post_sidebar_id":"","_kad_post_content_style":"default","_kad_post_vertical_padding":"default","_kad_post_feature":"","_kad_post_feature_position":"","_kad_post_header":false,"_kad_post_footer":false,"_kad_post_classname":""},"product_brand":[66],"product_cat":[21],"product_tag":[],"class_list":{"0":"post-656","1":"product","2":"type-product","3":"status-publish","4":"has-post-thumbnail","6":"product_brand-heraeus-precious-metals","7":"product_cat-sztabki-zlota","8":"pa_metal-zloto","9":"pa_proba-23","10":"pa_rozmiar-40-4-x-23-3-x-1-3-mm","11":"pa_waga-1-oz","13":"first","14":"instock","15":"shipping-taxable","16":"product-type-simple","17":"entry","18":"content-bg","19":"loop-entry"},"taxonomy_info":{"product_brand":[{"value":66,"label":"HERAEUS - PRECIOUS METALS"}],"product_cat":[{"value":21,"label":"Sztabki z\u0142ota"}],"pa_metal":[{"value":98,"label":"Z\u0142oto"}],"pa_proba":[{"value":23,"label":"999,9"}],"pa_rozmiar":[{"value":90,"label":"40.4 x 23.3 x 1.3 mm"}],"pa_waga":[{"value":107,"label":"1 oz"}]},"featured_image_src_large":["https:\/\/www.mintofgold.com\/wp-content\/uploads\/2025\/02\/1-oz-gold-999-9-kinebar-h-p-m-1024x1024.png",1024,1024,true],"author_info":[],"comment_info":0,"_links":{"self":[{"href":"https:\/\/www.mintofgold.com\/fr\/wp-json\/wp\/v2\/product\/656","targetHints":{"allow":["GET"]}}],"collection":[{"href":"https:\/\/www.mintofgold.com\/fr\/wp-json\/wp\/v2\/product"}],"about":[{"href":"https:\/\/www.mintofgold.com\/fr\/wp-json\/wp\/v2\/types\/product"}],"replies":[{"embeddable":true,"href":"https:\/\/www.mintofgold.com\/fr\/wp-json\/wp\/v2\/comments?post=656"}],"wp:featuredmedia":[{"embeddable":true,"href":"https:\/\/www.mintofgold.com\/fr\/wp-json\/wp\/v2\/media\/657"}],"wp:attachment":[{"href":"https:\/\/www.mintofgold.com\/fr\/wp-json\/wp\/v2\/media?parent=656"}],"wp:term":[{"taxonomy":"product_brand","embeddable":true,"href":"https:\/\/www.mintofgold.com\/fr\/wp-json\/wp\/v2\/product_brand?post=656"},{"taxonomy":"product_cat","embeddable":true,"href":"https:\/\/www.mintofgold.com\/fr\/wp-json\/wp\/v2\/product_cat?post=656"},{"taxonomy":"product_tag","embeddable":true,"href":"https:\/\/www.mintofgold.com\/fr\/wp-json\/wp\/v2\/product_tag?post=656"}],"curies":[{"name":"wp","href":"https:\/\/api.w.org\/{rel}","templated":true}]}}