{"id":55,"date":"2025-02-21T09:04:40","date_gmt":"2025-02-21T08:04:40","guid":{"rendered":"https:\/\/mintofgold.com\/?post_type=product&#038;p=55"},"modified":"2025-02-28T14:13:36","modified_gmt":"2025-02-28T13:13:36","slug":"fortuna-gold-minted-bar-500g","status":"publish","type":"product","link":"https:\/\/www.mintofgold.com\/fr\/fortuna-gold-minted-bar-500g\/","title":{"rendered":"Fortuna Gold Minted Bar - 500g"},"content":{"rendered":"<p>PAMP by\u0142a pierwsz\u0105 mark\u0105 metali szlachetnych, kt\u00f3ra ozdobi\u0142a rewersy swoich sztabek wybitych. En 1979, Lady Fortuna\u2122 by\u0142a pierwszym z tych artystycznych motyw\u00f3w et do dzi\u015b jest \u015bwiatowo uznawanym symbolem gwarantuj\u0105cym doskona\u0142\u0105 jako\u015b\u0107 oraz autentyczno\u015b\u0107 PAMP. Z charakterystycznym, przypominaj\u0105cym lustrzany efekt wyko\u0144czeniem, rzymska bogini dobrobytu zosta\u0142a przedstawiona ze wszystkimi swoimi mitycznymi atrybutami : snopami zbo\u017ca, makami, rogiem obfito\u015bci, cennymi monetami i ko\u0142em fortuny. Bez w\u0105tpienia ikoniczny wizerunek Lady Fortuna\u2122 to najbardziej rozpoznawalny i presti\u017cowy projekt sztabek bulionowych na \u015bwiecie.<\/p>","protected":false},"excerpt":{"rendered":"<p>PAMP by\u0142a pierwsz\u0105 mark\u0105 metali szlachetnych, kt\u00f3ra ozdobi\u0142a rewersy swoich sztabek wybitych. Wprowadzona w 1979 roku, Lady Fortuna&#x2122; by\u0142a pierwszym z tych artystycznych motyw\u00f3w i do dzi\u015b jest \u015bwiatowo uznawanym symbolem gwarantuj\u0105cym doskona\u0142\u0105 jako\u015b\u0107 oraz autentyczno\u015b\u0107 PAMP. Z charakterystycznym, przypominaj\u0105cym lustrzany efekt wyko\u0144czeniem, rzymska bogini dobrobytu zosta\u0142a przedstawiona ze wszystkimi swoimi mitycznymi atrybutami: snopami zbo\u017ca,&#8230;<\/p>","protected":false},"featured_media":56,"comment_status":"closed","ping_status":"closed","template":"","meta":{"_kad_blocks_custom_css":"","_kad_blocks_head_custom_js":"","_kad_blocks_body_custom_js":"","_kad_blocks_footer_custom_js":"","_kad_post_transparent":"default","_kad_post_title":"","_kad_post_layout":"default","_kad_post_sidebar_id":"","_kad_post_content_style":"default","_kad_post_vertical_padding":"default","_kad_post_feature":"","_kad_post_feature_position":"","_kad_post_header":false,"_kad_post_footer":false,"_kad_post_classname":""},"product_brand":[20],"product_cat":[21],"product_tag":[],"class_list":{"0":"post-55","1":"product","2":"type-product","3":"status-publish","4":"has-post-thumbnail","6":"product_brand-pamp","7":"product_cat-sztabki-zlota","8":"pa_grubosc-562-mm","9":"pa_metal-zloto","10":"pa_proba-23","11":"pa_rozmiar-54-x-85-5-mm","12":"pa_waga-500g","14":"first","15":"instock","16":"shipping-taxable","17":"product-type-simple","18":"entry","19":"content-bg","20":"loop-entry"},"taxonomy_info":{"product_brand":[{"value":20,"label":"PAMP"}],"product_cat":[{"value":21,"label":"Sztabki z\u0142ota"}],"pa_grubosc":[{"value":32,"label":"5,62 mm"}],"pa_metal":[{"value":98,"label":"Z\u0142oto"}],"pa_proba":[{"value":23,"label":"999,9"}],"pa_rozmiar":[{"value":30,"label":"54 x 85.5 mm"}],"pa_waga":[{"value":70,"label":"500g"}]},"featured_image_src_large":["https:\/\/www.mintofgold.com\/wp-content\/uploads\/2025\/02\/500g_fortuna_0.png",1000,1000,false],"author_info":[],"comment_info":0,"_links":{"self":[{"href":"https:\/\/www.mintofgold.com\/fr\/wp-json\/wp\/v2\/product\/55","targetHints":{"allow":["GET"]}}],"collection":[{"href":"https:\/\/www.mintofgold.com\/fr\/wp-json\/wp\/v2\/product"}],"about":[{"href":"https:\/\/www.mintofgold.com\/fr\/wp-json\/wp\/v2\/types\/product"}],"replies":[{"embeddable":true,"href":"https:\/\/www.mintofgold.com\/fr\/wp-json\/wp\/v2\/comments?post=55"}],"wp:featuredmedia":[{"embeddable":true,"href":"https:\/\/www.mintofgold.com\/fr\/wp-json\/wp\/v2\/media\/56"}],"wp:attachment":[{"href":"https:\/\/www.mintofgold.com\/fr\/wp-json\/wp\/v2\/media?parent=55"}],"wp:term":[{"taxonomy":"product_brand","embeddable":true,"href":"https:\/\/www.mintofgold.com\/fr\/wp-json\/wp\/v2\/product_brand?post=55"},{"taxonomy":"product_cat","embeddable":true,"href":"https:\/\/www.mintofgold.com\/fr\/wp-json\/wp\/v2\/product_cat?post=55"},{"taxonomy":"product_tag","embeddable":true,"href":"https:\/\/www.mintofgold.com\/fr\/wp-json\/wp\/v2\/product_tag?post=55"}],"curies":[{"name":"wp","href":"https:\/\/api.w.org\/{rel}","templated":true}]}}