{"id":203,"date":"2025-02-16T08:12:27","date_gmt":"2025-02-16T07:12:27","guid":{"rendered":"https:\/\/mintofgold.com\/?post_type=product&#038;p=203"},"modified":"2025-02-26T13:40:19","modified_gmt":"2025-02-26T12:40:19","slug":"lunar-dragon-1-oz-gold-minted-bar","status":"publish","type":"product","link":"https:\/\/www.mintofgold.com\/fr\/lunar-dragon-1-oz-gold-minted-bar\/","title":{"rendered":"Dragon lunaire Barre d'or frapp\u00e9e de 1 oz"},"content":{"rendered":"<p data-start=\"0\" data-end=\"309\"><strong data-start=\"0\" data-end=\"20\">Symbole szcz\u0119\u015bcia<br \/>\n<\/strong>Chi\u0144ski Nowy Rok obchodzony jest 10 lutego 2024 roku, kiedy witamy Rok Smoka. Il s'agit de l'un des \u00e9l\u00e9ments les plus importants de l'astrologie lunaire. Mitologiczny smok uwa\u017ca si\u0119 za symbol odwagi, ambicji, inteligencji i szcz\u0119\u015bcia dla tych, kt\u00f3rzy urodzili si\u0119 pod jego wp\u0142ywem.<\/p>\n<p data-start=\"311\" data-end=\"615\"><strong data-start=\"311\" data-end=\"348\">Projet d'inspiration de fum\u00e9e lunaire<br \/>\n<\/strong>Ta starannie wykonana sztabka z\u0142ota ma wybity wizerunek smoka lunarnego na wzorzystym tle. Gi\u0119tka, pokryta licznymi \u0142uskami istota zamierza chwyci\u0107 p\u0142on\u0105c\u0105 per\u0142\u0119, symbol m\u0105dro\u015bci. W projekcie znajduje si\u0119 r\u00f3wnie\u017c napis \u201eDRAGON\u201d oraz chi\u0144ski znak oznaczaj\u0105cy smoka.<\/p>\n<p data-start=\"617\" data-end=\"911\" data-is-last-node=\"\" data-is-only-node=\"\">Ty\u0142 sztabki jest oznaczony znakiem zarejestrowanym przez London Bullion Market Association (LBMA) Mennicy Perth, a stylizowany \u0142ab\u0119d\u017a symbolizuje nasze 125-letnie do\u015bwiadczenie w dostarczaniu produkt\u00f3w najwy\u017cszej jako\u015bci. Logo oraz waga i czysto\u015b\u0107 sztabki pojawiaj\u0105 si\u0119 na tym samym wzorze t\u0142a.<\/p>\n<p data-start=\"0\" data-end=\"160\"><strong data-start=\"0\" data-end=\"23\">Funkcja autoryzacji<br \/>\n<\/strong>Wybita sztabka zawiera cechy autoryzacji. W postaci wielokrotnych mikro-wygrawerowanych liter s\u0105 one widoczne tylko pod powi\u0119kszeniem.<\/p>\n<p data-start=\"162\" data-end=\"516\" data-is-last-node=\"\" data-is-only-node=\"\"><strong data-start=\"162\" data-end=\"208\">Opakowanie zabezpieczone przed manipulacj\u0105 (en anglais)<br \/>\n<\/strong>Ta wybita sztabka jest zapakowana w opakowanie zabezpieczone przed manipulacj\u0105, kt\u00f3re wy\u015bwietli s\u0142owo \u201eVOID\u201d wok\u00f3\u0142 kraw\u0119dzi blistra, je\u015bli karta zostanie naruszona. Karta ma czerwony kolor z motywem kwiat\u00f3w wi\u015bni i zawiera holograficzny obraz stylizowanego logo \u0142ab\u0119dzia Mennicy Perth, widoczny w \u015bwietle.<\/p>","protected":false},"excerpt":{"rendered":"<p data-start=\"0\" data-end=\"118\">Les produits de cette cat\u00e9gorie sont destin\u00e9s \u00e0 \u00eatre utilis\u00e9s dans le cadre de l'\u00e9levage de bovins de boucherie ou de bovins de Smoka.<\/p>\n<p data-start=\"120\" data-end=\"141\"><strong data-start=\"120\" data-end=\"139\">Kluczowe cechy :<\/strong><\/p>\n<ul data-start=\"143\" data-end=\"346\" data-is-only-node=\"\" data-is-last-node=\"\">\n<li data-start=\"143\" data-end=\"171\">Z\u0142oto o czysto\u015bci 99,99%<\/li>\n<li data-start=\"172\" data-end=\"231\">Projet d'inspiration Rokiem Smoka pour les f\u00eates de fin d'ann\u00e9e<\/li>\n<li data-start=\"232\" data-end=\"282\">Le march\u00e9 de la LBMA s'ouvre \u00e0 Mennic\u0119 Perth<\/li>\n<li data-start=\"283\" data-end=\"346\" data-is-last-node=\"\">Opakowanie zabezpieczone przed manipulacj\u0105 z numerem seryjnym<\/li>\n<\/ul>","protected":false},"featured_media":616,"comment_status":"closed","ping_status":"closed","template":"","meta":{"_kad_blocks_custom_css":"","_kad_blocks_head_custom_js":"","_kad_blocks_body_custom_js":"","_kad_blocks_footer_custom_js":"","_kad_post_transparent":"default","_kad_post_title":"","_kad_post_layout":"default","_kad_post_sidebar_id":"","_kad_post_content_style":"default","_kad_post_vertical_padding":"default","_kad_post_feature":"","_kad_post_feature_position":"","_kad_post_header":false,"_kad_post_footer":false,"_kad_post_classname":""},"product_brand":[118],"product_cat":[21],"product_tag":[],"class_list":{"0":"post-203","1":"product","2":"type-product","3":"status-publish","4":"has-post-thumbnail","6":"product_brand-the-perth-mint","7":"product_cat-sztabki-zlota","8":"pa_metal-zloto","9":"pa_proba-99-99","10":"pa_rozmiar-41-60-x-24-60-x-2-80-mm","11":"pa_waga-1-oz-t","13":"first","14":"instock","15":"shipping-taxable","16":"product-type-simple","17":"entry","18":"content-bg","19":"loop-entry"},"taxonomy_info":{"product_brand":[{"value":118,"label":"THE PERTH MINT"}],"product_cat":[{"value":21,"label":"Sztabki z\u0142ota"}],"pa_metal":[{"value":98,"label":"Z\u0142oto"}],"pa_proba":[{"value":119,"label":"99.99%"}],"pa_rozmiar":[{"value":129,"label":"41.60 x 24.60 x 2.80 mm"}],"pa_waga":[{"value":76,"label":"1 oz t"}]},"featured_image_src_large":["https:\/\/www.mintofgold.com\/wp-content\/uploads\/2025\/02\/lunar-dragon-1oz-gold-minted-bar-the-perth-tpm-1024x1024.png",1024,1024,true],"author_info":[],"comment_info":0,"_links":{"self":[{"href":"https:\/\/www.mintofgold.com\/fr\/wp-json\/wp\/v2\/product\/203","targetHints":{"allow":["GET"]}}],"collection":[{"href":"https:\/\/www.mintofgold.com\/fr\/wp-json\/wp\/v2\/product"}],"about":[{"href":"https:\/\/www.mintofgold.com\/fr\/wp-json\/wp\/v2\/types\/product"}],"replies":[{"embeddable":true,"href":"https:\/\/www.mintofgold.com\/fr\/wp-json\/wp\/v2\/comments?post=203"}],"wp:featuredmedia":[{"embeddable":true,"href":"https:\/\/www.mintofgold.com\/fr\/wp-json\/wp\/v2\/media\/616"}],"wp:attachment":[{"href":"https:\/\/www.mintofgold.com\/fr\/wp-json\/wp\/v2\/media?parent=203"}],"wp:term":[{"taxonomy":"product_brand","embeddable":true,"href":"https:\/\/www.mintofgold.com\/fr\/wp-json\/wp\/v2\/product_brand?post=203"},{"taxonomy":"product_cat","embeddable":true,"href":"https:\/\/www.mintofgold.com\/fr\/wp-json\/wp\/v2\/product_cat?post=203"},{"taxonomy":"product_tag","embeddable":true,"href":"https:\/\/www.mintofgold.com\/fr\/wp-json\/wp\/v2\/product_tag?post=203"}],"curies":[{"name":"wp","href":"https:\/\/api.w.org\/{rel}","templated":true}]}}