{"id":201,"date":"2025-02-16T08:10:58","date_gmt":"2025-02-16T07:10:58","guid":{"rendered":"https:\/\/mintofgold.com\/?post_type=product&#038;p=201"},"modified":"2025-02-26T13:38:33","modified_gmt":"2025-02-26T12:38:33","slug":"kangaroo-1g-gold-minted-bar","status":"publish","type":"product","link":"https:\/\/www.mintofgold.com\/fr\/kangaroo-1g-gold-minted-bar\/","title":{"rendered":"Barre Kangourou 1g Or Min\u00e9"},"content":{"rendered":"<p data-start=\"0\" data-end=\"43\"><strong>Zalety sztabek bulionowych<br \/>\n<\/strong>Te sztabki z\u0142ota o czysto\u015bci 99,99% s\u0105 dost\u0119pne w r\u00f3\u017cnych wygodnych wagach i oznaczone znakiem zarejestrowanym przez London Bullion Market Association (LBMA) Mennicy Perth, co potwierdza ich mi\u0119dzynarodow\u0105 wymienialno\u015b\u0107.<\/p>\n<p data-start=\"269\" data-end=\"468\" data-is-last-node=\"\" data-is-only-node=\"\">Sztabka z\u0142ota o wadze 1 g jest jedn\u0105 z o\u015bmiu dost\u0119pnych wielko\u015bci. Le logo \u201e\u0142ab\u0119dzia\u201d de Mennicy Perth a \u00e9t\u00e9 ajout\u00e9 \u00e0 l'image de marque de la ville, et les mots stylis\u00e9s ont \u00e9t\u00e9 ajout\u00e9s \u00e0 l'image de marque.<\/p>\n<p data-start=\"0\" data-end=\"48\"><strong data-start=\"0\" data-end=\"46\">Opakowanie zabezpieczone przed manipulacj\u0105 (en anglais)<br \/>\n<\/strong>Ka\u017cda wybita sztabka jest zapakowana w opakowanie zabezpieczone przed manipulacj\u0105. Je\u015bli karta zostanie otwarta, na kraw\u0119dziach blistra pojawi si\u0119 s\u0142owo \u201eVOID\u201d. Karta ma grafitowy kolor i zawiera ciemny, przypominaj\u0105cy znak wodny wizerunek stylizowanego logo \u0142ab\u0119dzia Mennicy Perth.<\/p>","protected":false},"excerpt":{"rendered":"<p data-start=\"0\" data-end=\"110\">Ta wybita sztabka z\u0142ota o wadze 1 g jest jedn\u0105 z o\u015bmiu dost\u0119pnych wielko\u015bci oferowanych przez Mennic\u0119 Perth.<\/p>\n<p data-start=\"112\" data-end=\"133\"><strong data-start=\"112\" data-end=\"131\">Kluczowe cechy :<\/strong><\/p>\n<ul data-start=\"135\" data-end=\"289\" data-is-last-node=\"\" data-is-only-node=\"\">\n<li data-start=\"135\" data-end=\"163\">Z\u0142oto o czysto\u015bci 99,99%<\/li>\n<li data-start=\"164\" data-end=\"225\">Znak zarejestrowany w LBMA oraz motyw w kszta\u0142cie kangura<\/li>\n<li data-start=\"226\" data-end=\"289\" data-is-last-node=\"\">Opakowanie zabezpieczone przed manipulacj\u0105 z numerem seryjnym<\/li>\n<\/ul>","protected":false},"featured_media":615,"comment_status":"closed","ping_status":"closed","template":"","meta":{"_kad_blocks_custom_css":"","_kad_blocks_head_custom_js":"","_kad_blocks_body_custom_js":"","_kad_blocks_footer_custom_js":"","_kad_post_transparent":"default","_kad_post_title":"","_kad_post_layout":"default","_kad_post_sidebar_id":"","_kad_post_content_style":"default","_kad_post_vertical_padding":"default","_kad_post_feature":"","_kad_post_feature_position":"","_kad_post_header":false,"_kad_post_footer":false,"_kad_post_classname":""},"product_brand":[118],"product_cat":[21],"product_tag":[],"class_list":{"0":"post-201","1":"product","2":"type-product","3":"status-publish","4":"has-post-thumbnail","6":"product_brand-the-perth-mint","7":"product_cat-sztabki-zlota","8":"pa_metal-zloto","9":"pa_proba-99-99","10":"pa_rozmiar-15-60-x-9-10-x1-30-mm","12":"first","13":"instock","14":"shipping-taxable","15":"product-type-simple","16":"entry","17":"content-bg","18":"loop-entry"},"taxonomy_info":{"product_brand":[{"value":118,"label":"THE PERTH MINT"}],"product_cat":[{"value":21,"label":"Sztabki z\u0142ota"}],"pa_metal":[{"value":98,"label":"Z\u0142oto"}],"pa_proba":[{"value":119,"label":"99.99%"}],"pa_rozmiar":[{"value":130,"label":"15.60 x 9.10 x1.30 mm"}]},"featured_image_src_large":["https:\/\/www.mintofgold.com\/wp-content\/uploads\/2025\/02\/kangaroo-1g-gold-minted-bar-the-perth-tpm-1024x1024.png",1024,1024,true],"author_info":[],"comment_info":0,"_links":{"self":[{"href":"https:\/\/www.mintofgold.com\/fr\/wp-json\/wp\/v2\/product\/201","targetHints":{"allow":["GET"]}}],"collection":[{"href":"https:\/\/www.mintofgold.com\/fr\/wp-json\/wp\/v2\/product"}],"about":[{"href":"https:\/\/www.mintofgold.com\/fr\/wp-json\/wp\/v2\/types\/product"}],"replies":[{"embeddable":true,"href":"https:\/\/www.mintofgold.com\/fr\/wp-json\/wp\/v2\/comments?post=201"}],"wp:featuredmedia":[{"embeddable":true,"href":"https:\/\/www.mintofgold.com\/fr\/wp-json\/wp\/v2\/media\/615"}],"wp:attachment":[{"href":"https:\/\/www.mintofgold.com\/fr\/wp-json\/wp\/v2\/media?parent=201"}],"wp:term":[{"taxonomy":"product_brand","embeddable":true,"href":"https:\/\/www.mintofgold.com\/fr\/wp-json\/wp\/v2\/product_brand?post=201"},{"taxonomy":"product_cat","embeddable":true,"href":"https:\/\/www.mintofgold.com\/fr\/wp-json\/wp\/v2\/product_cat?post=201"},{"taxonomy":"product_tag","embeddable":true,"href":"https:\/\/www.mintofgold.com\/fr\/wp-json\/wp\/v2\/product_tag?post=201"}],"curies":[{"name":"wp","href":"https:\/\/api.w.org\/{rel}","templated":true}]}}