{"id":127,"date":"2025-02-20T12:06:45","date_gmt":"2025-02-20T11:06:45","guid":{"rendered":"https:\/\/mintofgold.com\/?post_type=product&#038;p=127"},"modified":"2025-02-28T16:35:43","modified_gmt":"2025-02-28T15:35:43","slug":"2g-gold-999-9-kinebar","status":"publish","type":"product","link":"https:\/\/www.mintofgold.com\/fr\/2g-gold-999-9-kinebar\/","title":{"rendered":"2g Or 999.9 - Kinebar"},"content":{"rendered":"<p>Kinebar\u00ae est un outil qui permet d'ajouter des \u00e9l\u00e9ments \u00e0 la base de donn\u00e9es Kinegramu\u00ae. La technologie de l'hologramme est une technique de pointe qui permet d'obtenir des r\u00e9sultats dans les domaines du transport et de la banque. Les hologrammes ne sont pas des objets de consommation courante, mais des objets de consommation courante. Hologramme pokrywa tyln\u0105 stron\u0119 Kinebar\u00ae. W tym celu, podczas procesu produkcji, na powierzchni stosowane s\u0105 drobne mikrostruktury, kt\u00f3re tworz\u0105 efekt migotania.<\/p>\n<p>Kinebar dost\u0119pna jest w sze\u015bciu rozmiarach : 1 g, 2 g, 5 g, 10 g, 20 g i 1 oz. Pakowana jest w opakowanie blistrowe, kt\u00f3re zawiera r\u00f3wnie\u017c certyfikat. Blistry wykonane s\u0105 z PET i maj\u0105 rozmiar zbli\u017cony do karty kredytowej, 85 mm x 54 mm.<\/p>","protected":false},"excerpt":{"rendered":"<p>Kinebar\u00ae to bita sztabka z\u0142ota z dodatkowymi zabezpieczeniami w postaci Kinegramu\u00ae. Ta technologia hologramowa jest powszechnie znana z zastosowania w paszportach i banknotach. Jest nie tylko atrakcyjna wizualnie, ale tak\u017ce zwi\u0119ksza bezpiecze\u0144stwo tej sztabki. Hologram pokrywa tyln\u0105 stron\u0119 Kinebar\u00ae. W tym celu, podczas procesu produkcji, na powierzchni stosowane s\u0105 drobne mikrostruktury, kt\u00f3re tworz\u0105 efekt migotania&#8230;.<\/p>","protected":false},"featured_media":624,"comment_status":"closed","ping_status":"closed","template":"","meta":{"_kad_blocks_custom_css":"","_kad_blocks_head_custom_js":"","_kad_blocks_body_custom_js":"","_kad_blocks_footer_custom_js":"","_kad_post_transparent":"default","_kad_post_title":"","_kad_post_layout":"default","_kad_post_sidebar_id":"","_kad_post_content_style":"default","_kad_post_vertical_padding":"default","_kad_post_feature":"","_kad_post_feature_position":"","_kad_post_header":false,"_kad_post_footer":false,"_kad_post_classname":""},"product_brand":[66],"product_cat":[21],"product_tag":[],"class_list":{"0":"post-127","1":"product","2":"type-product","3":"status-publish","4":"has-post-thumbnail","6":"product_brand-heraeus-precious-metals","7":"product_cat-sztabki-zlota","8":"pa_metal-zloto","9":"pa_proba-23","10":"pa_rozmiar-19-1-x-11-5-x-0-5-mm","11":"pa_waga-2g","13":"first","14":"instock","15":"shipping-taxable","16":"product-type-simple","17":"entry","18":"content-bg","19":"loop-entry"},"taxonomy_info":{"product_brand":[{"value":66,"label":"HERAEUS - PRECIOUS METALS"}],"product_cat":[{"value":21,"label":"Sztabki z\u0142ota"}],"pa_metal":[{"value":98,"label":"Z\u0142oto"}],"pa_proba":[{"value":23,"label":"999,9"}],"pa_rozmiar":[{"value":84,"label":"19.1 x 11.5 x 0.5 mm"}],"pa_waga":[{"value":85,"label":"2g"}]},"featured_image_src_large":["https:\/\/www.mintofgold.com\/wp-content\/uploads\/2025\/02\/2_g_Gold_999_9_01_Kinebar-1024x1024.png",1024,1024,true],"author_info":[],"comment_info":0,"_links":{"self":[{"href":"https:\/\/www.mintofgold.com\/fr\/wp-json\/wp\/v2\/product\/127","targetHints":{"allow":["GET"]}}],"collection":[{"href":"https:\/\/www.mintofgold.com\/fr\/wp-json\/wp\/v2\/product"}],"about":[{"href":"https:\/\/www.mintofgold.com\/fr\/wp-json\/wp\/v2\/types\/product"}],"replies":[{"embeddable":true,"href":"https:\/\/www.mintofgold.com\/fr\/wp-json\/wp\/v2\/comments?post=127"}],"wp:featuredmedia":[{"embeddable":true,"href":"https:\/\/www.mintofgold.com\/fr\/wp-json\/wp\/v2\/media\/624"}],"wp:attachment":[{"href":"https:\/\/www.mintofgold.com\/fr\/wp-json\/wp\/v2\/media?parent=127"}],"wp:term":[{"taxonomy":"product_brand","embeddable":true,"href":"https:\/\/www.mintofgold.com\/fr\/wp-json\/wp\/v2\/product_brand?post=127"},{"taxonomy":"product_cat","embeddable":true,"href":"https:\/\/www.mintofgold.com\/fr\/wp-json\/wp\/v2\/product_cat?post=127"},{"taxonomy":"product_tag","embeddable":true,"href":"https:\/\/www.mintofgold.com\/fr\/wp-json\/wp\/v2\/product_tag?post=127"}],"curies":[{"name":"wp","href":"https:\/\/api.w.org\/{rel}","templated":true}]}}