{"id":1534,"date":"2026-01-08T15:19:56","date_gmt":"2026-01-08T14:19:56","guid":{"rendered":"https:\/\/www.mintofgold.com\/?page_id=1534"},"modified":"2026-01-08T15:19:58","modified_gmt":"2026-01-08T14:19:58","slug":"exclusive-delivery-options","status":"publish","type":"page","link":"https:\/\/www.mintofgold.com\/fr\/exclusive-delivery-options\/","title":{"rendered":"Options de livraison exclusives"},"content":{"rendered":"<style>.kb-row-layout-id1534_0aa629-bf > .kt-row-column-wrap{align-content:start;}:where(.kb-row-layout-id1534_0aa629-bf > .kt-row-column-wrap) > .wp-block-kadence-column{justify-content:start;}.kb-row-layout-id1534_0aa629-bf > .kt-row-column-wrap{column-gap:var(--global-kb-gap-md, 2rem);row-gap:var(--global-kb-gap-md, 2rem);max-width:var( --global-content-width, 1520px );padding-left:var(--global-content-edge-padding);padding-right:var(--global-content-edge-padding);padding-top:var(--global-kb-spacing-sm, 1.5rem);padding-bottom:var(--global-kb-spacing-sm, 1.5rem);grid-template-columns:minmax(0, 1fr);}.kb-row-layout-id1534_0aa629-bf > .kt-row-layout-overlay{opacity:0.30;}@media all and (max-width: 1024px){.kb-row-layout-id1534_0aa629-bf > .kt-row-column-wrap{grid-template-columns:minmax(0, 1fr);}}@media all and (max-width: 767px){.kb-row-layout-id1534_0aa629-bf > .kt-row-column-wrap{grid-template-columns:minmax(0, 1fr);}}<\/style><div class=\"kb-row-layout-wrap kb-row-layout-id1534_0aa629-bf alignnone wp-block-kadence-rowlayout\"><div class=\"kt-row-column-wrap kt-has-1-columns kt-row-layout-equal kt-tab-layout-inherit kt-mobile-layout-row kt-row-valign-top kb-theme-content-width\">\n<style>.kadence-column1534_3a3c17-57 > .kt-inside-inner-col,.kadence-column1534_3a3c17-57 > .kt-inside-inner-col:before{border-top-left-radius:0px;border-top-right-radius:0px;border-bottom-right-radius:0px;border-bottom-left-radius:0px;}.kadence-column1534_3a3c17-57 > .kt-inside-inner-col{column-gap:var(--global-kb-gap-sm, 1rem);}.kadence-column1534_3a3c17-57 > .kt-inside-inner-col{flex-direction:column;}.kadence-column1534_3a3c17-57 > .kt-inside-inner-col > .aligncenter{width:100%;}.kadence-column1534_3a3c17-57 > .kt-inside-inner-col:before{opacity:0.3;}.kadence-column1534_3a3c17-57{position:relative;}@media all and (max-width: 1024px){.kadence-column1534_3a3c17-57 > .kt-inside-inner-col{flex-direction:column;justify-content:center;}}@media all and (max-width: 767px){.kadence-column1534_3a3c17-57 > .kt-inside-inner-col{flex-direction:column;justify-content:center;}}<\/style>\n<div class=\"wp-block-kadence-column kadence-column1534_3a3c17-57\"><div class=\"kt-inside-inner-col\">\n<p><strong>Envoi s\u00e9curis\u00e9 et assurance compl\u00e8te<\/strong><br>Nous exp\u00e9dions nos produits exclusivement par l'interm\u00e9diaire d'un canal de livraison de confiance de grande valeur. Chaque colis est enti\u00e8rement assur\u00e9 jusqu'\u00e0 concurrence de la valeur de la commande.<\/p>\n\n\n\n<p><strong>Emballage discret<\/strong><br>L'emballage ext\u00e9rieur ne r\u00e9v\u00e8le pas le contenu. Le respect de la vie priv\u00e9e et la s\u00e9curit\u00e9 sont la norme.<\/p>\n\n\n\n<p><strong>V\u00e9rification avant exp\u00e9dition<\/strong><br>Avant l'exp\u00e9dition, nous rev\u00e9rifions les d\u00e9tails de la pierre par rapport au certificat (4Cs, num\u00e9ro\/inscription au laser).<\/p>\n\n\n\n<p><strong>Option VIP<\/strong><br>Pour les commandes de grande valeur - livraison personnelle ou collecte \u00e0 un endroit convenu, conform\u00e9ment aux proc\u00e9dures de s\u00e9curit\u00e9.<\/p>\n<\/div><\/div>\n\n<\/div><\/div>","protected":false},"excerpt":{"rendered":"<p>Exp\u00e9dition s\u00e9curis\u00e9e et assurance compl\u00e8teNous exp\u00e9dions nos produits exclusivement par l'interm\u00e9diaire d'un canal de livraison de confiance de grande valeur. Chaque colis est enti\u00e8rement assur\u00e9 \u00e0 hauteur de la valeur de la commande. Emballage discretL'emballage ext\u00e9rieur ne r\u00e9v\u00e8le pas le contenu. Le respect de la vie priv\u00e9e et la s\u00e9curit\u00e9 sont la norme. V\u00e9rification avant exp\u00e9ditionAvant l'exp\u00e9dition, nous v\u00e9rifions \u00e0 nouveau les d\u00e9tails de la pierre par rapport au certificat (4C, num\u00e9ro\/inscription au laser). Option VIPPour les commandes de grande valeur...<\/p>","protected":false},"author":2,"featured_media":0,"parent":0,"menu_order":0,"comment_status":"closed","ping_status":"closed","template":"","meta":{"_kad_blocks_custom_css":"","_kad_blocks_head_custom_js":"","_kad_blocks_body_custom_js":"","_kad_blocks_footer_custom_js":"","_kad_post_transparent":"","_kad_post_title":"","_kad_post_layout":"","_kad_post_sidebar_id":"","_kad_post_content_style":"","_kad_post_vertical_padding":"","_kad_post_feature":"","_kad_post_feature_position":"","_kad_post_header":false,"_kad_post_footer":false,"_kad_post_classname":"","footnotes":""},"class_list":["post-1534","page","type-page","status-publish","hentry"],"taxonomy_info":[],"featured_image_src_large":false,"author_info":{"display_name":"Micha\u0142","author_link":"https:\/\/www.mintofgold.com\/fr\/author\/michal\/"},"comment_info":0,"_links":{"self":[{"href":"https:\/\/www.mintofgold.com\/fr\/wp-json\/wp\/v2\/pages\/1534","targetHints":{"allow":["GET"]}}],"collection":[{"href":"https:\/\/www.mintofgold.com\/fr\/wp-json\/wp\/v2\/pages"}],"about":[{"href":"https:\/\/www.mintofgold.com\/fr\/wp-json\/wp\/v2\/types\/page"}],"author":[{"embeddable":true,"href":"https:\/\/www.mintofgold.com\/fr\/wp-json\/wp\/v2\/users\/2"}],"replies":[{"embeddable":true,"href":"https:\/\/www.mintofgold.com\/fr\/wp-json\/wp\/v2\/comments?post=1534"}],"version-history":[{"count":1,"href":"https:\/\/www.mintofgold.com\/fr\/wp-json\/wp\/v2\/pages\/1534\/revisions"}],"predecessor-version":[{"id":1535,"href":"https:\/\/www.mintofgold.com\/fr\/wp-json\/wp\/v2\/pages\/1534\/revisions\/1535"}],"wp:attachment":[{"href":"https:\/\/www.mintofgold.com\/fr\/wp-json\/wp\/v2\/media?parent=1534"}],"curies":[{"name":"wp","href":"https:\/\/api.w.org\/{rel}","templated":true}]}}