{"id":1511,"date":"2026-01-08T12:28:00","date_gmt":"2026-01-08T11:28:00","guid":{"rendered":"https:\/\/www.mintofgold.com\/?page_id=1511"},"modified":"2026-01-08T12:28:02","modified_gmt":"2026-01-08T11:28:02","slug":"why-invest","status":"publish","type":"page","link":"https:\/\/www.mintofgold.com\/fr\/why-invest\/","title":{"rendered":"Pourquoi investir ?"},"content":{"rendered":"<style>.kb-row-layout-id1511_e34266-99 > .kt-row-column-wrap{align-content:start;}:where(.kb-row-layout-id1511_e34266-99 > .kt-row-column-wrap) > .wp-block-kadence-column{justify-content:start;}.kb-row-layout-id1511_e34266-99 > .kt-row-column-wrap{column-gap:var(--global-kb-gap-md, 2rem);row-gap:var(--global-kb-gap-md, 2rem);max-width:var( --global-content-width, 1520px );padding-left:var(--global-content-edge-padding);padding-right:var(--global-content-edge-padding);padding-top:var(--global-kb-spacing-sm, 1.5rem);padding-bottom:var(--global-kb-spacing-sm, 1.5rem);grid-template-columns:minmax(0, 1fr);}.kb-row-layout-id1511_e34266-99 > .kt-row-layout-overlay{opacity:0.30;}@media all and (max-width: 1024px){.kb-row-layout-id1511_e34266-99 > .kt-row-column-wrap{grid-template-columns:minmax(0, 1fr);}}@media all and (max-width: 767px){.kb-row-layout-id1511_e34266-99 > .kt-row-column-wrap{grid-template-columns:minmax(0, 1fr);}}<\/style><div class=\"kb-row-layout-wrap kb-row-layout-id1511_e34266-99 alignnone wp-block-kadence-rowlayout\"><div class=\"kt-row-column-wrap kt-has-1-columns kt-row-layout-equal kt-tab-layout-inherit kt-mobile-layout-row kt-row-valign-top kb-theme-content-width\">\n<style>.kadence-column1511_346ec8-ca > .kt-inside-inner-col,.kadence-column1511_346ec8-ca > .kt-inside-inner-col:before{border-top-left-radius:0px;border-top-right-radius:0px;border-bottom-right-radius:0px;border-bottom-left-radius:0px;}.kadence-column1511_346ec8-ca > .kt-inside-inner-col{column-gap:var(--global-kb-gap-sm, 1rem);}.kadence-column1511_346ec8-ca > .kt-inside-inner-col{flex-direction:column;}.kadence-column1511_346ec8-ca > .kt-inside-inner-col > .aligncenter{width:100%;}.kadence-column1511_346ec8-ca > .kt-inside-inner-col:before{opacity:0.3;}.kadence-column1511_346ec8-ca{position:relative;}@media all and (max-width: 1024px){.kadence-column1511_346ec8-ca > .kt-inside-inner-col{flex-direction:column;justify-content:center;}}@media all and (max-width: 767px){.kadence-column1511_346ec8-ca > .kt-inside-inner-col{flex-direction:column;justify-content:center;}}<\/style>\n<div class=\"wp-block-kadence-column kadence-column1511_346ec8-ca\"><div class=\"kt-inside-inner-col\">\n<p><strong>Valeur stable et raret\u00e9<\/strong><br>Les diamants naturels de haute qualit\u00e9 (4C de premier ordre, confirm\u00e9s par une certification) se caract\u00e9risent par une offre limit\u00e9e et une demande mondiale. \u00c0 long terme, ils constituent l'une des \u201cr\u00e9serves de valeur\u201d les plus classiques et les plus tangibles.<\/p>\n\n\n\n<p><strong>Ind\u00e9pendance vis-\u00e0-vis des march\u00e9s financiers<\/strong><br>Les diamants ne sont pas un actif de papier ; ils diversifient un portefeuille au-del\u00e0 des march\u00e9s boursiers. La communication des prix est bas\u00e9e sur des r\u00e9f\u00e9rences ind\u00e9pendantes et des donn\u00e9es industrielles provenant des principaux hubs (Anvers, Ramat Gan, Duba\u00ef), ainsi que sur les commentaires des m\u00e9dias financiers. En p\u00e9riode de volatilit\u00e9 accrue sur les march\u00e9s des mati\u00e8res premi\u00e8res et des capitaux, l'importance des actifs tangibles s'accro\u00eet.<\/p>\n\n\n\n<p><strong>Liquidit\u00e9 mondiale<\/strong><br>Un diamant naturel muni d'un certificat (GIA\/IGI) et d'un num\u00e9ro d'inscription est reconnu dans le monde entier. Cela facilite la v\u00e9rification et la revente dans les canaux B2B et B2C.<\/p>\n\n\n\n<p><strong>Diamants naturels uniquement<\/strong><br>Nous proposons exclusivement des pierres naturelles avec des certificats ind\u00e9pendants - pas de diamants cultiv\u00e9s en laboratoire.<\/p>\n<\/div><\/div>\n\n<\/div><\/div>","protected":false},"excerpt":{"rendered":"<p>Valeur stable et raret\u00e9Les diamants naturels de haute qualit\u00e9 (top-tier 4Cs, confirm\u00e9s par la certification) sont caract\u00e9ris\u00e9s par une offre limit\u00e9e et une demande mondiale. \u00c0 long terme, ils constituent l'une des \u201cr\u00e9serves de valeur\u201d les plus classiques et les plus tangibles. Ind\u00e9pendance par rapport aux march\u00e9s financiersLes diamants ne sont pas un actif papier ; ils diversifient un portefeuille au-del\u00e0 des march\u00e9s boursiers. La communication des prix est bas\u00e9e sur...<\/p>","protected":false},"author":2,"featured_media":0,"parent":0,"menu_order":0,"comment_status":"closed","ping_status":"closed","template":"","meta":{"_kad_blocks_custom_css":"","_kad_blocks_head_custom_js":"","_kad_blocks_body_custom_js":"","_kad_blocks_footer_custom_js":"","_kad_post_transparent":"","_kad_post_title":"","_kad_post_layout":"","_kad_post_sidebar_id":"","_kad_post_content_style":"","_kad_post_vertical_padding":"","_kad_post_feature":"","_kad_post_feature_position":"","_kad_post_header":false,"_kad_post_footer":false,"_kad_post_classname":"","footnotes":""},"class_list":["post-1511","page","type-page","status-publish","hentry"],"taxonomy_info":[],"featured_image_src_large":false,"author_info":{"display_name":"Micha\u0142","author_link":"https:\/\/www.mintofgold.com\/fr\/author\/michal\/"},"comment_info":0,"_links":{"self":[{"href":"https:\/\/www.mintofgold.com\/fr\/wp-json\/wp\/v2\/pages\/1511","targetHints":{"allow":["GET"]}}],"collection":[{"href":"https:\/\/www.mintofgold.com\/fr\/wp-json\/wp\/v2\/pages"}],"about":[{"href":"https:\/\/www.mintofgold.com\/fr\/wp-json\/wp\/v2\/types\/page"}],"author":[{"embeddable":true,"href":"https:\/\/www.mintofgold.com\/fr\/wp-json\/wp\/v2\/users\/2"}],"replies":[{"embeddable":true,"href":"https:\/\/www.mintofgold.com\/fr\/wp-json\/wp\/v2\/comments?post=1511"}],"version-history":[{"count":1,"href":"https:\/\/www.mintofgold.com\/fr\/wp-json\/wp\/v2\/pages\/1511\/revisions"}],"predecessor-version":[{"id":1512,"href":"https:\/\/www.mintofgold.com\/fr\/wp-json\/wp\/v2\/pages\/1511\/revisions\/1512"}],"wp:attachment":[{"href":"https:\/\/www.mintofgold.com\/fr\/wp-json\/wp\/v2\/media?parent=1511"}],"curies":[{"name":"wp","href":"https:\/\/api.w.org\/{rel}","templated":true}]}}