{"id":672,"date":"2025-02-20T11:42:37","date_gmt":"2025-02-20T10:42:37","guid":{"rendered":"https:\/\/mintofgold.com\/?post_type=product&#038;p=672"},"modified":"2025-02-28T18:36:41","modified_gmt":"2025-02-28T17:36:41","slug":"1-kg-gold-999-9-bars","status":"publish","type":"product","link":"https:\/\/www.mintofgold.com\/de\/1-kg-gold-999-9-bars\/","title":{"rendered":"1 kg Gold 999.9 &#8211; Bars"},"content":{"rendered":"<p>Heraeus produkuje sztabki odlewane w czterech rozmiarach: 100 g, 250 g, 500 g, 1 000 g. Podobnie jak wszystkie sztabki z\u0142ota Heraeus, sztabka 1 kg posiada numer seryjny. Czysto\u015b\u0107 wynosi 999,9. Sztabka ta jest dostarczana z certyfikatem, kt\u00f3ry razem ze sztabk\u0105 jest zapiecz\u0119towany w folii plastikowej.<\/p>","protected":false},"excerpt":{"rendered":"<p>Heraeus produkuje sztabki odlewane w czterech rozmiarach: 100 g, 250 g, 500 g, 1 000 g. Podobnie jak wszystkie sztabki z\u0142ota Heraeus, sztabka 1 kg posiada numer seryjny. Czysto\u015b\u0107 wynosi 999,9. Sztabka ta jest dostarczana z certyfikatem, kt\u00f3ry razem ze sztabk\u0105 jest zapiecz\u0119towany w folii plastikowej.<\/p>","protected":false},"featured_media":673,"comment_status":"closed","ping_status":"closed","template":"","meta":{"_kad_blocks_custom_css":"","_kad_blocks_head_custom_js":"","_kad_blocks_body_custom_js":"","_kad_blocks_footer_custom_js":"","_kad_post_transparent":"default","_kad_post_title":"","_kad_post_layout":"default","_kad_post_sidebar_id":"","_kad_post_content_style":"default","_kad_post_vertical_padding":"default","_kad_post_feature":"","_kad_post_feature_position":"","_kad_post_header":false,"_kad_post_footer":false,"_kad_post_classname":""},"product_brand":[66],"product_cat":[21],"product_tag":[],"class_list":{"0":"post-672","1":"product","2":"type-product","3":"status-publish","4":"has-post-thumbnail","6":"product_brand-heraeus-precious-metals","7":"product_cat-sztabki-zlota","8":"pa_metal-zloto","9":"pa_proba-23","10":"pa_rozmiar-116-x-51-x-9-2-mm","11":"pa_waga-1kg","13":"first","14":"instock","15":"shipping-taxable","16":"product-type-simple","17":"entry","18":"content-bg","19":"loop-entry"},"taxonomy_info":{"product_brand":[{"value":66,"label":"HERAEUS - PRECIOUS METALS"}],"product_cat":[{"value":21,"label":"Sztabki z\u0142ota"}],"pa_metal":[{"value":98,"label":"Z\u0142oto"}],"pa_proba":[{"value":23,"label":"999,9"}],"pa_rozmiar":[{"value":196,"label":"116 x 51 x 9.2 mm"}],"pa_waga":[{"value":169,"label":"1kg"}]},"featured_image_src_large":["https:\/\/www.mintofgold.com\/wp-content\/uploads\/2025\/02\/1-kg-gold-999-9-bars-odlew-h-p-m-1024x1024.png",1024,1024,true],"author_info":[],"comment_info":0,"_links":{"self":[{"href":"https:\/\/www.mintofgold.com\/de\/wp-json\/wp\/v2\/product\/672","targetHints":{"allow":["GET"]}}],"collection":[{"href":"https:\/\/www.mintofgold.com\/de\/wp-json\/wp\/v2\/product"}],"about":[{"href":"https:\/\/www.mintofgold.com\/de\/wp-json\/wp\/v2\/types\/product"}],"replies":[{"embeddable":true,"href":"https:\/\/www.mintofgold.com\/de\/wp-json\/wp\/v2\/comments?post=672"}],"wp:featuredmedia":[{"embeddable":true,"href":"https:\/\/www.mintofgold.com\/de\/wp-json\/wp\/v2\/media\/673"}],"wp:attachment":[{"href":"https:\/\/www.mintofgold.com\/de\/wp-json\/wp\/v2\/media?parent=672"}],"wp:term":[{"taxonomy":"product_brand","embeddable":true,"href":"https:\/\/www.mintofgold.com\/de\/wp-json\/wp\/v2\/product_brand?post=672"},{"taxonomy":"product_cat","embeddable":true,"href":"https:\/\/www.mintofgold.com\/de\/wp-json\/wp\/v2\/product_cat?post=672"},{"taxonomy":"product_tag","embeddable":true,"href":"https:\/\/www.mintofgold.com\/de\/wp-json\/wp\/v2\/product_tag?post=672"}],"curies":[{"name":"wp","href":"https:\/\/api.w.org\/{rel}","templated":true}]}}