{"id":57,"date":"2025-02-21T09:06:14","date_gmt":"2025-02-21T08:06:14","guid":{"rendered":"https:\/\/mintofgold.com\/?post_type=product&#038;p=57"},"modified":"2025-02-28T14:13:48","modified_gmt":"2025-02-28T13:13:48","slug":"fortuna-gold-minted-bar-250g","status":"publish","type":"product","link":"https:\/\/www.mintofgold.com\/de\/fortuna-gold-minted-bar-250g\/","title":{"rendered":"Fortuna Gold gepr\u00e4gter Barren - 250g"},"content":{"rendered":"<p>PAMP by\u0142a pierwsz\u0105 mark\u0105 metali szlachetnych, kt\u00f3ra ozdobi\u0142a rewersy swoich sztabek wybitymi motywami. Im Jahr 1979 wurde Lady Fortuna\u2122 durch die k\u00fcnstlerische Gestaltung und die Autonomie von PAMP zu einem der bekanntesten Symbole der Welt. Z charakterystycznym, lustrzanym wyko\u0144czeniem, rzymska bogini dobrobytu jest przedstawiona ze wszystkimi swoimi mitycznymi atrybutami: snopami pszenicy, makami, rogiem obfito\u015bci, cennymi monetami i ko\u0142em fortuny. Bez w\u0105tpienia ikoniczny wizerunek Lady Fortuny\u2122 jest najbardziej rozpoznawalnym i presti\u017cowym wzorem sztabek bulionowych na \u015bwiecie. Akredytowana przez Szwajcarskie Federalne Biuro, ka\u017cda sztabka jest indywidualnie rejestrowana i zapiecz\u0119towana w ochronnym opakowaniu CertiPAMP\u2122 z zintegrowanym i oficjalnym certyfikatem badania, kt\u00f3ry gwarantuje zawarto\u015b\u0107 czystego metalu szlachetnego oraz wag\u0119, zabezpieczony usuwaln\u0105 foli\u0105.<\/p>","protected":false},"excerpt":{"rendered":"<p>PAMP by\u0142a pierwsz\u0105 mark\u0105 metali szlachetnych, kt\u00f3ra ozdobi\u0142a rewersy swoich sztabek wybitymi motywami. Wprowadzona w 1979 roku Lady Fortuna&#x2122; by\u0142a pierwszym z tych artystycznych wzor\u00f3w i do dzi\u015b jest \u015bwiatowo rozpoznawalnym symbolem gwarantuj\u0105cym doskona\u0142\u0105 jako\u015b\u0107 i autentyczno\u015b\u0107 PAMP. Z charakterystycznym, lustrzanym wyko\u0144czeniem, rzymska bogini dobrobytu jest przedstawiona ze wszystkimi swoimi mitycznymi atrybutami: snopami pszenicy, makami,&#8230;<\/p>","protected":false},"featured_media":58,"comment_status":"closed","ping_status":"closed","template":"","meta":{"_kad_blocks_custom_css":"","_kad_blocks_head_custom_js":"","_kad_blocks_body_custom_js":"","_kad_blocks_footer_custom_js":"","_kad_post_transparent":"default","_kad_post_title":"","_kad_post_layout":"default","_kad_post_sidebar_id":"","_kad_post_content_style":"default","_kad_post_vertical_padding":"default","_kad_post_feature":"","_kad_post_feature_position":"","_kad_post_header":false,"_kad_post_footer":false,"_kad_post_classname":""},"product_brand":[20],"product_cat":[21],"product_tag":[],"class_list":{"0":"post-57","1":"product","2":"type-product","3":"status-publish","4":"has-post-thumbnail","6":"product_brand-pamp","7":"product_cat-sztabki-zlota","8":"pa_grubosc-694-mm","9":"pa_metal-zloto","10":"pa_proba-23","11":"pa_rozmiar-35-x-60-mm","12":"pa_waga-250g","14":"first","15":"instock","16":"shipping-taxable","17":"product-type-simple","18":"entry","19":"content-bg","20":"loop-entry"},"taxonomy_info":{"product_brand":[{"value":20,"label":"PAMP"}],"product_cat":[{"value":21,"label":"Sztabki z\u0142ota"}],"pa_grubosc":[{"value":35,"label":"6,94 mm"}],"pa_metal":[{"value":98,"label":"Z\u0142oto"}],"pa_proba":[{"value":23,"label":"999,9"}],"pa_rozmiar":[{"value":33,"label":"35 x 60 mm"}],"pa_waga":[{"value":71,"label":"250g"}]},"featured_image_src_large":["https:\/\/www.mintofgold.com\/wp-content\/uploads\/2025\/02\/250g_fortuna.png",1000,1000,false],"author_info":[],"comment_info":0,"_links":{"self":[{"href":"https:\/\/www.mintofgold.com\/de\/wp-json\/wp\/v2\/product\/57","targetHints":{"allow":["GET"]}}],"collection":[{"href":"https:\/\/www.mintofgold.com\/de\/wp-json\/wp\/v2\/product"}],"about":[{"href":"https:\/\/www.mintofgold.com\/de\/wp-json\/wp\/v2\/types\/product"}],"replies":[{"embeddable":true,"href":"https:\/\/www.mintofgold.com\/de\/wp-json\/wp\/v2\/comments?post=57"}],"wp:featuredmedia":[{"embeddable":true,"href":"https:\/\/www.mintofgold.com\/de\/wp-json\/wp\/v2\/media\/58"}],"wp:attachment":[{"href":"https:\/\/www.mintofgold.com\/de\/wp-json\/wp\/v2\/media?parent=57"}],"wp:term":[{"taxonomy":"product_brand","embeddable":true,"href":"https:\/\/www.mintofgold.com\/de\/wp-json\/wp\/v2\/product_brand?post=57"},{"taxonomy":"product_cat","embeddable":true,"href":"https:\/\/www.mintofgold.com\/de\/wp-json\/wp\/v2\/product_cat?post=57"},{"taxonomy":"product_tag","embeddable":true,"href":"https:\/\/www.mintofgold.com\/de\/wp-json\/wp\/v2\/product_tag?post=57"}],"curies":[{"name":"wp","href":"https:\/\/api.w.org\/{rel}","templated":true}]}}