{"id":48,"date":"2025-02-21T09:00:55","date_gmt":"2025-02-21T08:00:55","guid":{"rendered":"https:\/\/mintofgold.com\/?post_type=product&#038;p=48"},"modified":"2025-02-28T14:19:11","modified_gmt":"2025-02-28T13:19:11","slug":"newmont-1oz-pure-gold-bar-lady-of-liberty","status":"publish","type":"product","link":"https:\/\/www.mintofgold.com\/de\/newmont-1oz-pure-gold-bar-lady-of-liberty\/","title":{"rendered":"Newmont 1oz reines Gold Barren - Lady of Liberty"},"content":{"rendered":"<p>Sztabka czystego z\u0142ota PAMP\/Newmont 1 oz Lady of Liberty zu sztabka z\u0142ota, kt\u00f3r\u0105 mo\u017cna prze\u015bledzi\u0107 od kopalni do rynku, wykonana wy\u0142\u0105cznie ze z\u0142ota wydobywanego przez Newmont, rafinowana i bita przez MKS PAMP w Szwajcarii - wspierana przez Provenance. Das Projekt im Art-D\u00e9co-Stil, das die Freiheitsdame, das Symbol der Freiheit, der Demokratie und des Friedens symbolisiert, wurde im Rahmen der Ausstellung interpretiert. Te uczucia s\u0105 symbolizowane przez miecz Lady of Liberty, broni\u0105cy wolno\u015bci ludzi, oraz p\u0142yn\u0105c\u0105 tog\u0119 w stylu grecko-rzymskim, reprezentuj\u0105c\u0105 demokratyczne idea\u0142y, podczas gdy ona niesie latarni\u0119 o\u015bwietlaj\u0105c\u0105 drog\u0119 do jasnej przysz\u0142o\u015bci.<\/p>\n<p>Newmont to wiod\u0105ca na \u015bwiecie firma zajmuj\u0105ca si\u0119 wydobyciem z\u0142ota oraz producent miedzi, cynku, o\u0142owiu i srebra. Die Portfolio-Firma, die \u00fcber eine gro\u00dfe Anzahl von Mitarbeitern, Perspektiven und Talenten verf\u00fcgt, ist in den Rechtssystemen von Afryce, Australii, Ameryce \u0141aci\u0144skiej und Karaibach, Ameryce P\u00f3\u0142nocnej und Papui-Nowej Gwinei vertreten. Newmont ist einer der gr\u00f6\u00dften Produzenten in der S&amp;P-500-Indexierung und hat sich auf die Entwicklung von Praktiken im Bereich der Unternehmensf\u00fchrung, der sozialen Verantwortung und der Unternehmensf\u00fchrung (ESG) spezialisiert. Newmont ist in zwei Branchen t\u00e4tig, die sich durch einen soliden Standard in der Produktion, in der Umsetzung und im technischen Bereich auszeichnen. Die Firma wurde im Jahr 1921 gegr\u00fcndet, und im Jahr 1925 wurde sie in die Produktion aufgenommen.<\/p>","protected":false},"excerpt":{"rendered":"<p>Sztabka czystego z\u0142ota PAMP\/Newmont 1 oz Lady of Liberty to sztabka z\u0142ota, kt\u00f3r\u0105 mo\u017cna prze\u015bledzi\u0107 od kopalni do rynku, wykonana wy\u0142\u0105cznie ze z\u0142ota wydobywanego przez Newmont, rafinowana i bita przez MKS PAMP w Szwajcarii \u2013 wspierana przez Provenance. Ta pi\u0119kna sztabka prezentuje interpretacj\u0119 projektu w stylu Art Deco, przedstawiaj\u0105c\u0105 Lady of Liberty, symbol wolno\u015bci, demokracji&#8230;<\/p>","protected":false},"featured_media":49,"comment_status":"closed","ping_status":"closed","template":"","meta":{"_kad_blocks_custom_css":"","_kad_blocks_head_custom_js":"","_kad_blocks_body_custom_js":"","_kad_blocks_footer_custom_js":"","_kad_post_transparent":"default","_kad_post_title":"","_kad_post_layout":"default","_kad_post_sidebar_id":"","_kad_post_content_style":"default","_kad_post_vertical_padding":"default","_kad_post_feature":"","_kad_post_feature_position":"","_kad_post_header":false,"_kad_post_footer":false,"_kad_post_classname":""},"product_brand":[20],"product_cat":[21],"product_tag":[],"class_list":{"0":"post-48","1":"product","2":"type-product","3":"status-publish","4":"has-post-thumbnail","6":"product_brand-pamp","7":"product_cat-sztabki-zlota","8":"pa_grubosc-166-mm","9":"pa_metal-zloto","10":"pa_proba-23","11":"pa_rozmiar-24x41-mm","12":"pa_waga-1-ounce","14":"first","15":"instock","16":"shipping-taxable","17":"product-type-simple","18":"entry","19":"content-bg","20":"loop-entry"},"taxonomy_info":{"product_brand":[{"value":20,"label":"PAMP"}],"product_cat":[{"value":21,"label":"Sztabki z\u0142ota"}],"pa_grubosc":[{"value":26,"label":"1,66 mm"}],"pa_metal":[{"value":98,"label":"Z\u0142oto"}],"pa_proba":[{"value":23,"label":"999,9"}],"pa_rozmiar":[{"value":24,"label":"24x41 mm"}],"pa_waga":[{"value":68,"label":"1 Ounce"}]},"featured_image_src_large":["https:\/\/www.mintofgold.com\/wp-content\/uploads\/2025\/02\/lady-of-liberty_reverse_certipamp_0.png",1000,1000,false],"author_info":[],"comment_info":0,"_links":{"self":[{"href":"https:\/\/www.mintofgold.com\/de\/wp-json\/wp\/v2\/product\/48","targetHints":{"allow":["GET"]}}],"collection":[{"href":"https:\/\/www.mintofgold.com\/de\/wp-json\/wp\/v2\/product"}],"about":[{"href":"https:\/\/www.mintofgold.com\/de\/wp-json\/wp\/v2\/types\/product"}],"replies":[{"embeddable":true,"href":"https:\/\/www.mintofgold.com\/de\/wp-json\/wp\/v2\/comments?post=48"}],"wp:featuredmedia":[{"embeddable":true,"href":"https:\/\/www.mintofgold.com\/de\/wp-json\/wp\/v2\/media\/49"}],"wp:attachment":[{"href":"https:\/\/www.mintofgold.com\/de\/wp-json\/wp\/v2\/media?parent=48"}],"wp:term":[{"taxonomy":"product_brand","embeddable":true,"href":"https:\/\/www.mintofgold.com\/de\/wp-json\/wp\/v2\/product_brand?post=48"},{"taxonomy":"product_cat","embeddable":true,"href":"https:\/\/www.mintofgold.com\/de\/wp-json\/wp\/v2\/product_cat?post=48"},{"taxonomy":"product_tag","embeddable":true,"href":"https:\/\/www.mintofgold.com\/de\/wp-json\/wp\/v2\/product_tag?post=48"}],"curies":[{"name":"wp","href":"https:\/\/api.w.org\/{rel}","templated":true}]}}