{"id":334,"date":"2025-02-19T12:19:07","date_gmt":"2025-02-19T11:19:07","guid":{"rendered":"https:\/\/mintofgold.com\/?post_type=product&#038;p=334"},"modified":"2025-02-21T22:25:13","modified_gmt":"2025-02-21T21:25:13","slug":"goldseed-999-9","status":"publish","type":"product","link":"https:\/\/www.mintofgold.com\/de\/goldseed-999-9\/","title":{"rendered":"Goldseed 999.9"},"content":{"rendered":"","protected":false},"excerpt":{"rendered":"<p>10x1g wybitych sztabek z\u0142ota, indywidualnie odczepianych. Dodatkowa funkcja zabezpieczaj\u0105ca przed manipulacj\u0105. Idealne na prezent lub do kolekcjonowania<\/p>","protected":false},"featured_media":335,"comment_status":"closed","ping_status":"closed","template":"","meta":{"_kad_blocks_custom_css":"","_kad_blocks_head_custom_js":"","_kad_blocks_body_custom_js":"","_kad_blocks_footer_custom_js":"","_kad_post_transparent":"default","_kad_post_title":"","_kad_post_layout":"default","_kad_post_sidebar_id":"","_kad_post_content_style":"default","_kad_post_vertical_padding":"default","_kad_post_feature":"","_kad_post_feature_position":"","_kad_post_header":false,"_kad_post_footer":false,"_kad_post_classname":""},"product_brand":[95],"product_cat":[21],"product_tag":[],"class_list":{"0":"post-334","1":"product","2":"type-product","3":"status-publish","4":"has-post-thumbnail","6":"product_brand-argor-heraeus","7":"product_cat-sztabki-zlota","8":"pa_kolekcja-goldseed","9":"pa_metal-zloto","10":"pa_proba-23","11":"pa_rozmiar-10-0-x-10-0-x-0-65-mm","13":"first","14":"instock","15":"shipping-taxable","16":"product-type-simple","17":"entry","18":"content-bg","19":"loop-entry"},"taxonomy_info":{"product_brand":[{"value":95,"label":"ARGOR HERAEUS"}],"product_cat":[{"value":21,"label":"Sztabki z\u0142ota"}],"pa_kolekcja":[{"value":151,"label":"Goldseed"}],"pa_metal":[{"value":98,"label":"Z\u0142oto"}],"pa_proba":[{"value":23,"label":"999,9"}],"pa_rozmiar":[{"value":150,"label":"10.0 x 10.0 x 0.65 mm"}]},"featured_image_src_large":["https:\/\/www.mintofgold.com\/wp-content\/uploads\/2025\/02\/Goldseed-2023-a.png",887,887,false],"author_info":[],"comment_info":0,"_links":{"self":[{"href":"https:\/\/www.mintofgold.com\/de\/wp-json\/wp\/v2\/product\/334","targetHints":{"allow":["GET"]}}],"collection":[{"href":"https:\/\/www.mintofgold.com\/de\/wp-json\/wp\/v2\/product"}],"about":[{"href":"https:\/\/www.mintofgold.com\/de\/wp-json\/wp\/v2\/types\/product"}],"replies":[{"embeddable":true,"href":"https:\/\/www.mintofgold.com\/de\/wp-json\/wp\/v2\/comments?post=334"}],"wp:featuredmedia":[{"embeddable":true,"href":"https:\/\/www.mintofgold.com\/de\/wp-json\/wp\/v2\/media\/335"}],"wp:attachment":[{"href":"https:\/\/www.mintofgold.com\/de\/wp-json\/wp\/v2\/media?parent=334"}],"wp:term":[{"taxonomy":"product_brand","embeddable":true,"href":"https:\/\/www.mintofgold.com\/de\/wp-json\/wp\/v2\/product_brand?post=334"},{"taxonomy":"product_cat","embeddable":true,"href":"https:\/\/www.mintofgold.com\/de\/wp-json\/wp\/v2\/product_cat?post=334"},{"taxonomy":"product_tag","embeddable":true,"href":"https:\/\/www.mintofgold.com\/de\/wp-json\/wp\/v2\/product_tag?post=334"}],"curies":[{"name":"wp","href":"https:\/\/api.w.org\/{rel}","templated":true}]}}