{"id":277,"date":"2025-02-13T14:23:58","date_gmt":"2025-02-13T13:23:58","guid":{"rendered":"https:\/\/mintofgold.com\/?post_type=product&#038;p=277"},"modified":"2025-02-26T12:14:15","modified_gmt":"2025-02-26T11:14:15","slug":"the-falcon-1-ounce","status":"publish","type":"product","link":"https:\/\/www.mintofgold.com\/de\/the-falcon-1-ounce\/","title":{"rendered":"Der Falke - 1 Unze"},"content":{"rendered":"","protected":false},"excerpt":{"rendered":"<p>Sok\u00f3\u0142, mistrz przestworzy, jest przedstawiony spoczywaj\u0105cy na skale, z\u0142o\u017conymi skrzyd\u0142ami i wzrokiem utkwionym w horyzoncie. Mistery grawer podkre\u015bla jego ostry dzi\u00f3b, przenikliwe oczy i pot\u0119\u017cne szpony, uchwytuj\u0105c jego ponadczasow\u0105 elegantcj\u0119 oraz kulturowe znaczenie.<\/p>","protected":false},"featured_media":586,"comment_status":"closed","ping_status":"closed","template":"","meta":{"_kad_blocks_custom_css":"","_kad_blocks_head_custom_js":"","_kad_blocks_body_custom_js":"","_kad_blocks_footer_custom_js":"","_kad_post_transparent":"default","_kad_post_title":"","_kad_post_layout":"default","_kad_post_sidebar_id":"","_kad_post_content_style":"default","_kad_post_vertical_padding":"default","_kad_post_feature":"","_kad_post_feature_position":"","_kad_post_header":false,"_kad_post_footer":false,"_kad_post_classname":""},"product_brand":[140],"product_cat":[21],"product_tag":[],"class_list":{"0":"post-277","1":"product","2":"type-product","3":"status-publish","4":"has-post-thumbnail","6":"product_brand-emirates-gold","7":"product_cat-sztabki-zlota","8":"pa_metal-zloto","9":"pa_proba-24-k","10":"pa_rodzaj-certyfikowana-bita-sztabka","11":"pa_waga-1-oz-t","13":"first","14":"instock","15":"shipping-taxable","16":"product-type-simple","17":"entry","18":"content-bg","19":"loop-entry"},"taxonomy_info":{"product_brand":[{"value":140,"label":"EMIRATES GOLD"}],"product_cat":[{"value":21,"label":"Sztabki z\u0142ota"}],"pa_metal":[{"value":98,"label":"Z\u0142oto"}],"pa_proba":[{"value":139,"label":"24 K"}],"pa_rodzaj":[{"value":138,"label":"Certyfikowana bita sztabka"}],"pa_waga":[{"value":76,"label":"1 oz t"}]},"featured_image_src_large":["https:\/\/www.mintofgold.com\/wp-content\/uploads\/2025\/02\/the-falcon-1-Ounce-a-1024x1024.png",1024,1024,true],"author_info":[],"comment_info":0,"_links":{"self":[{"href":"https:\/\/www.mintofgold.com\/de\/wp-json\/wp\/v2\/product\/277","targetHints":{"allow":["GET"]}}],"collection":[{"href":"https:\/\/www.mintofgold.com\/de\/wp-json\/wp\/v2\/product"}],"about":[{"href":"https:\/\/www.mintofgold.com\/de\/wp-json\/wp\/v2\/types\/product"}],"replies":[{"embeddable":true,"href":"https:\/\/www.mintofgold.com\/de\/wp-json\/wp\/v2\/comments?post=277"}],"wp:featuredmedia":[{"embeddable":true,"href":"https:\/\/www.mintofgold.com\/de\/wp-json\/wp\/v2\/media\/586"}],"wp:attachment":[{"href":"https:\/\/www.mintofgold.com\/de\/wp-json\/wp\/v2\/media?parent=277"}],"wp:term":[{"taxonomy":"product_brand","embeddable":true,"href":"https:\/\/www.mintofgold.com\/de\/wp-json\/wp\/v2\/product_brand?post=277"},{"taxonomy":"product_cat","embeddable":true,"href":"https:\/\/www.mintofgold.com\/de\/wp-json\/wp\/v2\/product_cat?post=277"},{"taxonomy":"product_tag","embeddable":true,"href":"https:\/\/www.mintofgold.com\/de\/wp-json\/wp\/v2\/product_tag?post=277"}],"curies":[{"name":"wp","href":"https:\/\/api.w.org\/{rel}","templated":true}]}}