{"id":227,"date":"2025-02-16T08:24:38","date_gmt":"2025-02-16T07:24:38","guid":{"rendered":"https:\/\/mintofgold.com\/?post_type=product&#038;p=227"},"modified":"2025-02-26T14:06:18","modified_gmt":"2025-02-26T13:06:18","slug":"kangaroo-10g-gold-minted-bar","status":"publish","type":"product","link":"https:\/\/www.mintofgold.com\/de\/kangaroo-10g-gold-minted-bar\/","title":{"rendered":"K\u00e4nguru 10g Gold gepr\u00e4gter Barren"},"content":{"rendered":"<p data-start=\"0\" data-end=\"43\"><strong>Atrakcyjne zalety sztabek bulionowych<br \/>\n<\/strong>Te sztabki bulionowe o czysto\u015bci 99,99% s\u0105 dost\u0119pne w r\u00f3\u017cnych dogodnych wagach i opatrzone znakiem zarejestrowanym przez London Bullion Market Association (LBMA), co stanowi symbol mi\u0119dzynarodowej wymienialno\u015bci.<\/p>\n<p data-start=\"261\" data-end=\"458\" data-is-last-node=\"\" data-is-only-node=\"\">Die 10-Gramm-M\u00fcnze wurde in einem anderen Format als der Originalm\u00fcnze gepr\u00e4gt. Das Logo der Perth Mint und die stilisierten Motive der M\u00fcnzpr\u00e4gung sind auf dem M\u00fcnzbild zu sehen.<\/p>\n<p><strong>Opakowanie zabezpieczaj\u0105ce przed manipulacj\u0105<br \/>\n<\/strong>Ka\u017cda bita sztabka jest umieszczona w opakowaniu zabezpieczaj\u0105cym przed manipulacj\u0105. Je\u015bli karta zostanie naruszona, wok\u00f3\u0142 kraw\u0119dzi blistra pojawi si\u0119 s\u0142owo \u201eVOID\u201d. Karta ma w\u0119glowy kolor i zawiera ciemny, przypominaj\u0105cy znak wodny wizerunek stylizowanego \u0142ab\u0119dzia - logo The Perth Mint.<\/p>","protected":false},"excerpt":{"rendered":"<p>Die 10-Gramm-M\u00fcnze wurde von The Perth Mint hergestellt und ist in der M\u00fcnzanstalt erh\u00e4ltlich.<\/p>\n<p><strong>Kluczowe cechy:<\/strong><\/p>\n<ul>\n<li>Z\u0142oto o czysto\u015bci 99,99%<\/li>\n<li>Zawiera znak zarejestrowany w LBMA oraz motyw w kszta\u0142cie kangura<\/li>\n<li>Opakowanie zabezpieczaj\u0105ce przed manipulacj\u0105 z numerem seryjnym<\/li>\n<\/ul>","protected":false},"featured_media":619,"comment_status":"closed","ping_status":"closed","template":"","meta":{"_kad_blocks_custom_css":"","_kad_blocks_head_custom_js":"","_kad_blocks_body_custom_js":"","_kad_blocks_footer_custom_js":"","_kad_post_transparent":"default","_kad_post_title":"","_kad_post_layout":"default","_kad_post_sidebar_id":"","_kad_post_content_style":"default","_kad_post_vertical_padding":"default","_kad_post_feature":"","_kad_post_feature_position":"","_kad_post_header":false,"_kad_post_footer":false,"_kad_post_classname":""},"product_brand":[118],"product_cat":[21],"product_tag":[],"class_list":{"0":"post-227","1":"product","2":"type-product","3":"status-publish","4":"has-post-thumbnail","6":"product_brand-the-perth-mint","7":"product_cat-sztabki-zlota","8":"pa_metal-zloto","9":"pa_proba-99-99","10":"pa_rozmiar-26-00-x-16-00-x-2-50-mm","11":"pa_waga-10g","13":"first","14":"instock","15":"shipping-taxable","16":"product-type-simple","17":"entry","18":"content-bg","19":"loop-entry"},"taxonomy_info":{"product_brand":[{"value":118,"label":"THE PERTH MINT"}],"product_cat":[{"value":21,"label":"Sztabki z\u0142ota"}],"pa_metal":[{"value":98,"label":"Z\u0142oto"}],"pa_proba":[{"value":119,"label":"99.99%"}],"pa_rozmiar":[{"value":136,"label":"26.00 x 16.00 x 2.50 mm"}],"pa_waga":[{"value":79,"label":"10g"}]},"featured_image_src_large":["https:\/\/www.mintofgold.com\/wp-content\/uploads\/2025\/02\/kangaroo-10g-gold-minted-bar-the-perth-tpm-1024x1024.png",1024,1024,true],"author_info":[],"comment_info":0,"_links":{"self":[{"href":"https:\/\/www.mintofgold.com\/de\/wp-json\/wp\/v2\/product\/227","targetHints":{"allow":["GET"]}}],"collection":[{"href":"https:\/\/www.mintofgold.com\/de\/wp-json\/wp\/v2\/product"}],"about":[{"href":"https:\/\/www.mintofgold.com\/de\/wp-json\/wp\/v2\/types\/product"}],"replies":[{"embeddable":true,"href":"https:\/\/www.mintofgold.com\/de\/wp-json\/wp\/v2\/comments?post=227"}],"wp:featuredmedia":[{"embeddable":true,"href":"https:\/\/www.mintofgold.com\/de\/wp-json\/wp\/v2\/media\/619"}],"wp:attachment":[{"href":"https:\/\/www.mintofgold.com\/de\/wp-json\/wp\/v2\/media?parent=227"}],"wp:term":[{"taxonomy":"product_brand","embeddable":true,"href":"https:\/\/www.mintofgold.com\/de\/wp-json\/wp\/v2\/product_brand?post=227"},{"taxonomy":"product_cat","embeddable":true,"href":"https:\/\/www.mintofgold.com\/de\/wp-json\/wp\/v2\/product_cat?post=227"},{"taxonomy":"product_tag","embeddable":true,"href":"https:\/\/www.mintofgold.com\/de\/wp-json\/wp\/v2\/product_tag?post=227"}],"curies":[{"name":"wp","href":"https:\/\/api.w.org\/{rel}","templated":true}]}}