{"id":180,"date":"2025-02-17T13:00:10","date_gmt":"2025-02-17T12:00:10","guid":{"rendered":"https:\/\/mintofgold.com\/?post_type=product&#038;p=180"},"modified":"2025-02-28T21:49:12","modified_gmt":"2025-02-28T20:49:12","slug":"2025-lunar-year-of-the-snake-10g-99-99-pure-gold-bar","status":"publish","type":"product","link":"https:\/\/www.mintofgold.com\/de\/2025-lunar-year-of-the-snake-10g-99-99-pure-gold-bar\/","title":{"rendered":"2025 Mondjahr der Schlange - 10g 99,99% Reines Gold Barren"},"content":{"rendered":"<p data-start=\"0\" data-end=\"151\">Sztabka <strong data-start=\"8\" data-end=\"33\">Rok Lunarny W\u0119\u017ca 2025<\/strong> to produkt <strong data-start=\"45\" data-end=\"64\">Premium Bullion<\/strong> w specjalnym opakowaniu, stworzony z my\u015bl\u0105 o obchodach chi\u0144skiego roku ksi\u0119\u017cycowego.<br \/>\nDzi\u0119ki unikalnemu wzornictwu sztabka <strong data-start=\"190\" data-end=\"215\">Rok Lunarny W\u0119\u017ca 2025<\/strong> sprawia, \u017ce kolekcjonowanie lub podarowanie z\u0142ota o czysto\u015bci <strong data-start=\"278\" data-end=\"288\">99,99%<\/strong> staje si\u0119 wyj\u0105tkowym gestem \u2013 to trwa\u0142y skarb, kt\u00f3ry jest zar\u00f3wno cenny, jak i czysty.<\/p>\n<p data-start=\"379\" data-end=\"441\"><strong>Premium Bullion od Kanadyjskiej Mennicy Kr\u00f3lewskiej:<br \/>\n<\/strong>Kiedy \u017cycie wymaga czego\u015b wyj\u0105tkowego.<\/p>\n<p data-start=\"484\" data-end=\"514\"><strong>Specjalne opakowanie<br \/>\n<\/strong>Dlaczego nazywa si\u0119 to <strong data-start=\"539\" data-end=\"558\">Premium Bullion<\/strong>?<br data-start=\"559\" data-end=\"562\" \/>Twoja sztabka <strong data-start=\"576\" data-end=\"595\">Premium Bullion<\/strong> jest zaprezentowana w <strong data-start=\"618\" data-end=\"662\">indywidualnie zaprojektowanym opakowaniu<\/strong> inspirowanym <strong data-start=\"676\" data-end=\"700\">Rokiem Lunarnym W\u0119\u017ca<\/strong>. Ka\u017cda <strong data-start=\"708\" data-end=\"724\">10 g sztabka<\/strong> jest <strong data-start=\"730\" data-end=\"756\">hermetycznie zamkni\u0119ta<\/strong> w <strong data-start=\"759\" data-end=\"806\">zabezpieczonym przed manipulacj\u0105 opakowaniu<\/strong>, kt\u00f3re nawi\u0105zuje do <strong data-start=\"827\" data-end=\"876\">tradycyjnych z\u0142otych i czerwonych barw \u015bwi\u0119ta<\/strong>. To nie tylko <strong data-start=\"891\" data-end=\"916\">elegancka prezentacja<\/strong>, ale tak\u017ce dodatkowa warstwa ochrony dla Twojej inwestycji.<\/p>\n<p data-start=\"516\" data-end=\"976\"><strong>Zabezpieczenie<br \/>\n<\/strong>Zawiera kultowy znak bezpiecze\u0144stwa grawerowany laserowo, widoczny na monetach Gold Maple Leaf i Silver Maple Leaf. Widoczny pod powi\u0119kszeniem mikrograwerunek \u201e25\u201d potwierdza autentyczno\u015b\u0107 Twojej inwestycji.<\/p>","protected":false},"excerpt":{"rendered":"<p>Sztabka Rok Lunarny W\u0119\u017ca 2025 to produkt Premium Bullion w specjalnym opakowaniu, stworzony z my\u015bl\u0105 o obchodach chi\u0144skiego roku ksi\u0119\u017cycowego. Dzi\u0119ki unikalnemu wzornictwu sztabka Rok Lunarny W\u0119\u017ca 2025 sprawia, \u017ce kolekcjonowanie lub podarowanie z\u0142ota o czysto\u015bci 99,99% staje si\u0119 wyj\u0105tkowym gestem \u2013 to trwa\u0142y skarb, kt\u00f3ry jest zar\u00f3wno cenny, jak i czysty. Premium Bullion od&#8230;<\/p>","protected":false},"featured_media":626,"comment_status":"closed","ping_status":"closed","template":"","meta":{"_kad_blocks_custom_css":"","_kad_blocks_head_custom_js":"","_kad_blocks_body_custom_js":"","_kad_blocks_footer_custom_js":"","_kad_post_transparent":"default","_kad_post_title":"","_kad_post_layout":"default","_kad_post_sidebar_id":"","_kad_post_content_style":"default","_kad_post_vertical_padding":"default","_kad_post_feature":"","_kad_post_feature_position":"","_kad_post_header":false,"_kad_post_footer":false,"_kad_post_classname":""},"product_brand":[116],"product_cat":[21],"product_tag":[],"class_list":{"0":"post-180","1":"product","2":"type-product","3":"status-publish","4":"has-post-thumbnail","6":"product_brand-the-royal-canadian-mint","7":"product_cat-sztabki-zlota","8":"pa_metal-czyste-zloto","9":"pa_proba-99-99","10":"pa_rozmiar-25-32-mm-x-14-24-mm","11":"pa_waga-10g","13":"first","14":"instock","15":"shipping-taxable","16":"product-type-simple","17":"entry","18":"content-bg","19":"loop-entry"},"taxonomy_info":{"product_brand":[{"value":116,"label":"THE ROYAL CANADIAN MINT"}],"product_cat":[{"value":21,"label":"Sztabki z\u0142ota"}],"pa_metal":[{"value":203,"label":"Czyste z\u0142oto"}],"pa_proba":[{"value":119,"label":"99.99%"}],"pa_rozmiar":[{"value":121,"label":"25.32 mm x 14.24 mm"}],"pa_waga":[{"value":79,"label":"10g"}]},"featured_image_src_large":["https:\/\/www.mintofgold.com\/wp-content\/uploads\/2025\/02\/10-g-lunar-vear-of-the-Snake-royal-canadian-rcm.png",800,800,false],"author_info":[],"comment_info":0,"_links":{"self":[{"href":"https:\/\/www.mintofgold.com\/de\/wp-json\/wp\/v2\/product\/180","targetHints":{"allow":["GET"]}}],"collection":[{"href":"https:\/\/www.mintofgold.com\/de\/wp-json\/wp\/v2\/product"}],"about":[{"href":"https:\/\/www.mintofgold.com\/de\/wp-json\/wp\/v2\/types\/product"}],"replies":[{"embeddable":true,"href":"https:\/\/www.mintofgold.com\/de\/wp-json\/wp\/v2\/comments?post=180"}],"wp:featuredmedia":[{"embeddable":true,"href":"https:\/\/www.mintofgold.com\/de\/wp-json\/wp\/v2\/media\/626"}],"wp:attachment":[{"href":"https:\/\/www.mintofgold.com\/de\/wp-json\/wp\/v2\/media?parent=180"}],"wp:term":[{"taxonomy":"product_brand","embeddable":true,"href":"https:\/\/www.mintofgold.com\/de\/wp-json\/wp\/v2\/product_brand?post=180"},{"taxonomy":"product_cat","embeddable":true,"href":"https:\/\/www.mintofgold.com\/de\/wp-json\/wp\/v2\/product_cat?post=180"},{"taxonomy":"product_tag","embeddable":true,"href":"https:\/\/www.mintofgold.com\/de\/wp-json\/wp\/v2\/product_tag?post=180"}],"curies":[{"name":"wp","href":"https:\/\/api.w.org\/{rel}","templated":true}]}}