{"id":136,"date":"2025-02-20T12:14:58","date_gmt":"2025-02-20T11:14:58","guid":{"rendered":"https:\/\/mintofgold.com\/?post_type=product&#038;p=136"},"modified":"2025-02-28T16:31:01","modified_gmt":"2025-02-28T15:31:01","slug":"10g-gold-999-9-kinebar","status":"publish","type":"product","link":"https:\/\/www.mintofgold.com\/de\/10g-gold-999-9-kinebar\/","title":{"rendered":"10g Gold 999,9 - Kinebar"},"content":{"rendered":"<p>Kinebar\u00ae to wyt\u0142aczana sztabka z\u0142ota z dodatkowym zabezpieczeniem - Kinegram\u00ae. Die Technologie des Hologramms ist ein wichtiger Bestandteil der Banknoten- und Bankleitzahlentechnologie. Nie tylko nadaje sztabce atrakcyjny wygl\u0105d, ale tak\u017ce zwi\u0119ksza jej bezpiecze\u0144stwo. Hologramm pokrywa tyln\u0105 stron\u0119 Kinebar\u00ae. In diesem Bereich wird das Verfahren zur Herstellung von Nanoprodukten mit Hilfe von Mikrostrukturen durchgef\u00fchrt, die einen hohen Wirkungsgrad haben.<\/p>\n<p>Kinebar\u00ae wird in folgenden Gr\u00f6\u00dfen angeboten: 1 g, 2 g, 5 g, 10 g, 20 g und 1 oz. Die Tabletten werden in einem Blister verpackt, in dem sie mit einem Zertifikat versehen sind. Blistry s\u0105 wykonane z PET i ka\u017cdy z nich ma wymiary zbli\u017cone do karty kredytowej - 85 mm x 54 mm.<\/p>","protected":false},"excerpt":{"rendered":"<p>Kinebar\u00ae to wyt\u0142aczana sztabka z\u0142ota z dodatkowym zabezpieczeniem \u2013 Kinegram\u00ae. Technologia hologramu jest powszechnie znana z zastosowania w paszportach i banknotach. Nie tylko nadaje sztabce atrakcyjny wygl\u0105d, ale tak\u017ce zwi\u0119ksza jej bezpiecze\u0144stwo. Hologram pokrywa tyln\u0105 stron\u0119 Kinebar\u00ae. W tym celu podczas procesu produkcji na powierzchni\u0119 nanoszone s\u0105 drobne mikrostruktury, tworz\u0105c efekt po\u0142ysku. Kinebar\u00ae jest dost\u0119pny&#8230;<\/p>","protected":false},"featured_media":606,"comment_status":"closed","ping_status":"closed","template":"","meta":{"_kad_blocks_custom_css":"","_kad_blocks_head_custom_js":"","_kad_blocks_body_custom_js":"","_kad_blocks_footer_custom_js":"","_kad_post_transparent":"default","_kad_post_title":"","_kad_post_layout":"default","_kad_post_sidebar_id":"","_kad_post_content_style":"default","_kad_post_vertical_padding":"default","_kad_post_feature":"","_kad_post_feature_position":"","_kad_post_header":false,"_kad_post_footer":false,"_kad_post_classname":""},"product_brand":[66],"product_cat":[21],"product_tag":[],"class_list":{"0":"post-136","1":"product","2":"type-product","3":"status-publish","4":"has-post-thumbnail","6":"product_brand-heraeus-precious-metals","7":"product_cat-sztabki-zlota","8":"pa_metal-zloto","9":"pa_proba-23","10":"pa_waga-31-5-x-18-5-x-1-1-mm","12":"first","13":"instock","14":"shipping-taxable","15":"product-type-simple","16":"entry","17":"content-bg","18":"loop-entry"},"taxonomy_info":{"product_brand":[{"value":66,"label":"HERAEUS - PRECIOUS METALS"}],"product_cat":[{"value":21,"label":"Sztabki z\u0142ota"}],"pa_metal":[{"value":98,"label":"Z\u0142oto"}],"pa_proba":[{"value":23,"label":"999,9"}],"pa_waga":[{"value":188,"label":"31.5 x 18.5 x 1.1 mm"}]},"featured_image_src_large":["https:\/\/www.mintofgold.com\/wp-content\/uploads\/2025\/02\/10_g_Gold_999_9_Kinebar_01_h_p_m-1024x1024.png",1024,1024,true],"author_info":[],"comment_info":0,"_links":{"self":[{"href":"https:\/\/www.mintofgold.com\/de\/wp-json\/wp\/v2\/product\/136","targetHints":{"allow":["GET"]}}],"collection":[{"href":"https:\/\/www.mintofgold.com\/de\/wp-json\/wp\/v2\/product"}],"about":[{"href":"https:\/\/www.mintofgold.com\/de\/wp-json\/wp\/v2\/types\/product"}],"replies":[{"embeddable":true,"href":"https:\/\/www.mintofgold.com\/de\/wp-json\/wp\/v2\/comments?post=136"}],"wp:featuredmedia":[{"embeddable":true,"href":"https:\/\/www.mintofgold.com\/de\/wp-json\/wp\/v2\/media\/606"}],"wp:attachment":[{"href":"https:\/\/www.mintofgold.com\/de\/wp-json\/wp\/v2\/media?parent=136"}],"wp:term":[{"taxonomy":"product_brand","embeddable":true,"href":"https:\/\/www.mintofgold.com\/de\/wp-json\/wp\/v2\/product_brand?post=136"},{"taxonomy":"product_cat","embeddable":true,"href":"https:\/\/www.mintofgold.com\/de\/wp-json\/wp\/v2\/product_cat?post=136"},{"taxonomy":"product_tag","embeddable":true,"href":"https:\/\/www.mintofgold.com\/de\/wp-json\/wp\/v2\/product_tag?post=136"}],"curies":[{"name":"wp","href":"https:\/\/api.w.org\/{rel}","templated":true}]}}