{"id":1531,"date":"2026-01-08T15:18:24","date_gmt":"2026-01-08T14:18:24","guid":{"rendered":"https:\/\/www.mintofgold.com\/?page_id=1531"},"modified":"2026-01-08T15:18:26","modified_gmt":"2026-01-08T14:18:26","slug":"certificates-and-authenticity","status":"publish","type":"page","link":"https:\/\/www.mintofgold.com\/de\/certificates-and-authenticity\/","title":{"rendered":"Bescheinigungen und Authentizit\u00e4t"},"content":{"rendered":"<style>.kb-row-layout-id1531_b84aeb-fa > .kt-row-column-wrap{align-content:start;}:where(.kb-row-layout-id1531_b84aeb-fa > .kt-row-column-wrap) > .wp-block-kadence-column{justify-content:start;}.kb-row-layout-id1531_b84aeb-fa > .kt-row-column-wrap{column-gap:var(--global-kb-gap-md, 2rem);row-gap:var(--global-kb-gap-md, 2rem);max-width:var( --global-content-width, 1520px );padding-left:var(--global-content-edge-padding);padding-right:var(--global-content-edge-padding);padding-top:var(--global-kb-spacing-sm, 1.5rem);padding-bottom:var(--global-kb-spacing-sm, 1.5rem);grid-template-columns:minmax(0, 1fr);}.kb-row-layout-id1531_b84aeb-fa > .kt-row-layout-overlay{opacity:0.30;}@media all and (max-width: 1024px){.kb-row-layout-id1531_b84aeb-fa > .kt-row-column-wrap{grid-template-columns:minmax(0, 1fr);}}@media all and (max-width: 767px){.kb-row-layout-id1531_b84aeb-fa > .kt-row-column-wrap{grid-template-columns:minmax(0, 1fr);}}<\/style><div class=\"kb-row-layout-wrap kb-row-layout-id1531_b84aeb-fa alignnone wp-block-kadence-rowlayout\"><div class=\"kt-row-column-wrap kt-has-1-columns kt-row-layout-equal kt-tab-layout-inherit kt-mobile-layout-row kt-row-valign-top kb-theme-content-width\">\n<style>.kadence-column1531_df6a2a-83 > .kt-inside-inner-col,.kadence-column1531_df6a2a-83 > .kt-inside-inner-col:before{border-top-left-radius:0px;border-top-right-radius:0px;border-bottom-right-radius:0px;border-bottom-left-radius:0px;}.kadence-column1531_df6a2a-83 > .kt-inside-inner-col{column-gap:var(--global-kb-gap-sm, 1rem);}.kadence-column1531_df6a2a-83 > .kt-inside-inner-col{flex-direction:column;}.kadence-column1531_df6a2a-83 > .kt-inside-inner-col > .aligncenter{width:100%;}.kadence-column1531_df6a2a-83 > .kt-inside-inner-col:before{opacity:0.3;}.kadence-column1531_df6a2a-83{position:relative;}@media all and (max-width: 1024px){.kadence-column1531_df6a2a-83 > .kt-inside-inner-col{flex-direction:column;justify-content:center;}}@media all and (max-width: 767px){.kadence-column1531_df6a2a-83 > .kt-inside-inner-col{flex-direction:column;justify-content:center;}}<\/style>\n<div class=\"wp-block-kadence-column kadence-column1531_df6a2a-83\"><div class=\"kt-inside-inner-col\">\n<p>Alle unsere Diamanten werden mit einem Qualit\u00e4tszertifikat geliefert, das von unabh\u00e4ngigen gemmologischen Labors ausgestellt wurde. Die Zertifikate enthalten die 4Cs, eine Identifikations-\/Inskriptionsnummer, ein Einschlussdiagramm und die Schliffproportionen. Jedes Zertifikat kann online \u00fcberpr\u00fcft werden:<\/p>\n\n\n\n<p><strong><a href=\"https:\/\/www.gia.edu\/report-check\" rel=\"nofollow noopener\" target=\"_blank\">GIA - Bericht pr\u00fcfen<\/a><\/strong><\/p>\n\n\n\n<p><strong><a href=\"https:\/\/www.igi.org\/verify-your-report\/\" rel=\"nofollow noopener\" target=\"_blank\">IGI - \u00dcberpr\u00fcfen Sie Ihren Bericht<\/a><\/strong><\/p>\n<\/div><\/div>\n\n<\/div><\/div>","protected":false},"excerpt":{"rendered":"<p>Alle unsere Diamanten werden mit einem Qualit\u00e4tszertifikat geliefert, das von unabh\u00e4ngigen gemmologischen Labors ausgestellt wurde. Die Zertifikate enthalten die 4Cs, eine Identifikations-\/Inskriptionsnummer, ein Einschlussdiagramm und die Schliffproportionen. Jedes Zertifikat kann online \u00fcberpr\u00fcft werden: GIA - Berichtspr\u00fcfung IGI - \u00dcberpr\u00fcfen Sie Ihren Bericht<\/p>","protected":false},"author":2,"featured_media":0,"parent":0,"menu_order":0,"comment_status":"closed","ping_status":"closed","template":"","meta":{"_kad_blocks_custom_css":"","_kad_blocks_head_custom_js":"","_kad_blocks_body_custom_js":"","_kad_blocks_footer_custom_js":"","_kad_post_transparent":"","_kad_post_title":"","_kad_post_layout":"","_kad_post_sidebar_id":"","_kad_post_content_style":"","_kad_post_vertical_padding":"","_kad_post_feature":"","_kad_post_feature_position":"","_kad_post_header":false,"_kad_post_footer":false,"_kad_post_classname":"","footnotes":""},"class_list":["post-1531","page","type-page","status-publish","hentry"],"taxonomy_info":[],"featured_image_src_large":false,"author_info":{"display_name":"Micha\u0142","author_link":"https:\/\/www.mintofgold.com\/de\/author\/michal\/"},"comment_info":0,"_links":{"self":[{"href":"https:\/\/www.mintofgold.com\/de\/wp-json\/wp\/v2\/pages\/1531","targetHints":{"allow":["GET"]}}],"collection":[{"href":"https:\/\/www.mintofgold.com\/de\/wp-json\/wp\/v2\/pages"}],"about":[{"href":"https:\/\/www.mintofgold.com\/de\/wp-json\/wp\/v2\/types\/page"}],"author":[{"embeddable":true,"href":"https:\/\/www.mintofgold.com\/de\/wp-json\/wp\/v2\/users\/2"}],"replies":[{"embeddable":true,"href":"https:\/\/www.mintofgold.com\/de\/wp-json\/wp\/v2\/comments?post=1531"}],"version-history":[{"count":1,"href":"https:\/\/www.mintofgold.com\/de\/wp-json\/wp\/v2\/pages\/1531\/revisions"}],"predecessor-version":[{"id":1532,"href":"https:\/\/www.mintofgold.com\/de\/wp-json\/wp\/v2\/pages\/1531\/revisions\/1532"}],"wp:attachment":[{"href":"https:\/\/www.mintofgold.com\/de\/wp-json\/wp\/v2\/media?parent=1531"}],"curies":[{"name":"wp","href":"https:\/\/api.w.org\/{rel}","templated":true}]}}