{"id":1511,"date":"2026-01-08T12:28:00","date_gmt":"2026-01-08T11:28:00","guid":{"rendered":"https:\/\/www.mintofgold.com\/?page_id=1511"},"modified":"2026-01-08T12:28:02","modified_gmt":"2026-01-08T11:28:02","slug":"why-invest","status":"publish","type":"page","link":"https:\/\/www.mintofgold.com\/de\/why-invest\/","title":{"rendered":"Warum investieren"},"content":{"rendered":"<style>.kb-row-layout-id1511_e34266-99 > .kt-row-column-wrap{align-content:start;}:where(.kb-row-layout-id1511_e34266-99 > .kt-row-column-wrap) > .wp-block-kadence-column{justify-content:start;}.kb-row-layout-id1511_e34266-99 > .kt-row-column-wrap{column-gap:var(--global-kb-gap-md, 2rem);row-gap:var(--global-kb-gap-md, 2rem);max-width:var( --global-content-width, 1520px );padding-left:var(--global-content-edge-padding);padding-right:var(--global-content-edge-padding);padding-top:var(--global-kb-spacing-sm, 1.5rem);padding-bottom:var(--global-kb-spacing-sm, 1.5rem);grid-template-columns:minmax(0, 1fr);}.kb-row-layout-id1511_e34266-99 > .kt-row-layout-overlay{opacity:0.30;}@media all and (max-width: 1024px){.kb-row-layout-id1511_e34266-99 > .kt-row-column-wrap{grid-template-columns:minmax(0, 1fr);}}@media all and (max-width: 767px){.kb-row-layout-id1511_e34266-99 > .kt-row-column-wrap{grid-template-columns:minmax(0, 1fr);}}<\/style><div class=\"kb-row-layout-wrap kb-row-layout-id1511_e34266-99 alignnone wp-block-kadence-rowlayout\"><div class=\"kt-row-column-wrap kt-has-1-columns kt-row-layout-equal kt-tab-layout-inherit kt-mobile-layout-row kt-row-valign-top kb-theme-content-width\">\n<style>.kadence-column1511_346ec8-ca > .kt-inside-inner-col,.kadence-column1511_346ec8-ca > .kt-inside-inner-col:before{border-top-left-radius:0px;border-top-right-radius:0px;border-bottom-right-radius:0px;border-bottom-left-radius:0px;}.kadence-column1511_346ec8-ca > .kt-inside-inner-col{column-gap:var(--global-kb-gap-sm, 1rem);}.kadence-column1511_346ec8-ca > .kt-inside-inner-col{flex-direction:column;}.kadence-column1511_346ec8-ca > .kt-inside-inner-col > .aligncenter{width:100%;}.kadence-column1511_346ec8-ca > .kt-inside-inner-col:before{opacity:0.3;}.kadence-column1511_346ec8-ca{position:relative;}@media all and (max-width: 1024px){.kadence-column1511_346ec8-ca > .kt-inside-inner-col{flex-direction:column;justify-content:center;}}@media all and (max-width: 767px){.kadence-column1511_346ec8-ca > .kt-inside-inner-col{flex-direction:column;justify-content:center;}}<\/style>\n<div class=\"wp-block-kadence-column kadence-column1511_346ec8-ca\"><div class=\"kt-inside-inner-col\">\n<p><strong>Wertbest\u00e4ndigkeit und Seltenheit<\/strong><br>Hochwertige Naturdiamanten (Top-Tier 4Cs, best\u00e4tigt durch Zertifizierung) zeichnen sich durch ein begrenztes Angebot und eine weltweite Nachfrage aus. Langfristig gesehen sind sie einer der klassischsten und greifbarsten \u201cWertaufbewahrungsmittel\u201d.<\/p>\n\n\n\n<p><strong>Unabh\u00e4ngigkeit von den Finanzm\u00e4rkten<\/strong><br>Diamanten sind kein Papierwert; sie diversifizieren ein Portfolio \u00fcber die B\u00f6rsen hinaus. Die Preiskommunikation st\u00fctzt sich auf unabh\u00e4ngige Benchmarks und Branchendaten von den wichtigsten Handelspl\u00e4tzen (Antwerpen, Ramat Gan, Dubai) sowie auf Kommentare der Finanzmedien. In Zeiten erh\u00f6hter Volatilit\u00e4t an den Rohstoff- und Kapitalm\u00e4rkten nimmt die Bedeutung von Sachwerten zu.<\/p>\n\n\n\n<p><strong>Globale Liquidit\u00e4t<\/strong><br>Ein nat\u00fcrlicher Diamant mit einem Zertifikat (GIA\/IGI) und einer Beschriftungsnummer ist weltweit anerkannt. Dies erleichtert die \u00dcberpr\u00fcfung und den Weiterverkauf sowohl im B2B- als auch im B2C-Bereich.<\/p>\n\n\n\n<p><strong>Nur nat\u00fcrliche Diamanten<\/strong><br>Wir bieten ausschlie\u00dflich nat\u00fcrliche Steine mit unabh\u00e4ngigen Zertifikaten an - keine im Labor gez\u00fcchteten Diamanten.<\/p>\n<\/div><\/div>\n\n<\/div><\/div>","protected":false},"excerpt":{"rendered":"<p>Wertbest\u00e4ndigkeit und SeltenheitHochwertige Naturdiamanten (Top-Tier 4Cs, best\u00e4tigt durch Zertifizierung) zeichnen sich durch ein begrenztes Angebot und eine weltweite Nachfrage aus. Langfristig gesehen sind sie einer der klassischsten und greifbarsten \u201cWertaufbewahrungsmittel\u201d. Unabh\u00e4ngigkeit von den Finanzm\u00e4rktenDiamanten sind kein Papierwert; sie diversifizieren ein Portfolio \u00fcber die B\u00f6rsen hinaus. Die Preiskommunikation basiert auf...<\/p>","protected":false},"author":2,"featured_media":0,"parent":0,"menu_order":0,"comment_status":"closed","ping_status":"closed","template":"","meta":{"_kad_blocks_custom_css":"","_kad_blocks_head_custom_js":"","_kad_blocks_body_custom_js":"","_kad_blocks_footer_custom_js":"","_kad_post_transparent":"","_kad_post_title":"","_kad_post_layout":"","_kad_post_sidebar_id":"","_kad_post_content_style":"","_kad_post_vertical_padding":"","_kad_post_feature":"","_kad_post_feature_position":"","_kad_post_header":false,"_kad_post_footer":false,"_kad_post_classname":"","footnotes":""},"class_list":["post-1511","page","type-page","status-publish","hentry"],"taxonomy_info":[],"featured_image_src_large":false,"author_info":{"display_name":"Micha\u0142","author_link":"https:\/\/www.mintofgold.com\/de\/author\/michal\/"},"comment_info":0,"_links":{"self":[{"href":"https:\/\/www.mintofgold.com\/de\/wp-json\/wp\/v2\/pages\/1511","targetHints":{"allow":["GET"]}}],"collection":[{"href":"https:\/\/www.mintofgold.com\/de\/wp-json\/wp\/v2\/pages"}],"about":[{"href":"https:\/\/www.mintofgold.com\/de\/wp-json\/wp\/v2\/types\/page"}],"author":[{"embeddable":true,"href":"https:\/\/www.mintofgold.com\/de\/wp-json\/wp\/v2\/users\/2"}],"replies":[{"embeddable":true,"href":"https:\/\/www.mintofgold.com\/de\/wp-json\/wp\/v2\/comments?post=1511"}],"version-history":[{"count":1,"href":"https:\/\/www.mintofgold.com\/de\/wp-json\/wp\/v2\/pages\/1511\/revisions"}],"predecessor-version":[{"id":1512,"href":"https:\/\/www.mintofgold.com\/de\/wp-json\/wp\/v2\/pages\/1511\/revisions\/1512"}],"wp:attachment":[{"href":"https:\/\/www.mintofgold.com\/de\/wp-json\/wp\/v2\/media?parent=1511"}],"curies":[{"name":"wp","href":"https:\/\/api.w.org\/{rel}","templated":true}]}}