{"id":1466,"date":"2025-12-29T14:45:01","date_gmt":"2025-12-29T13:45:01","guid":{"rendered":"https:\/\/www.mintofgold.com\/?page_id=1466"},"modified":"2026-01-08T15:16:11","modified_gmt":"2026-01-08T14:16:11","slug":"fancy-vivid-collection","status":"publish","type":"page","link":"https:\/\/www.mintofgold.com\/de\/fancy-vivid-collection\/","title":{"rendered":"Fancy Vivid Kollektion"},"content":{"rendered":"<p class=\"has-text-align-center\">Seltene, nat\u00fcrlich gef\u00e4rbte Diamanten (gelb, blau, rosa) mit lebhaften Farbt\u00f6nen - Sch\u00f6nheit gepaart mit einer au\u00dfergew\u00f6hnlichen Investition.<\/p>\n\n\n<p><diamond-connect token=\"eyJ0eXAiOiJKV1QiLCJhbGciOiJIUzI1NiJ9.eyJjdXN0b21lcklkIjoxOCwic3Vic2NyaXB0aW9uSWQiOjI0fQ.KOnnF1_fZlup6EiJqiCt2LqIRZKo7Bq1AavHxPp8WnI\"><\/diamond-connect><\/p>","protected":false},"excerpt":{"rendered":"<p>Seltene, nat\u00fcrlich gef\u00e4rbte Diamanten (gelb, blau, rosa) mit lebhaften Farbt\u00f6nen - Sch\u00f6nheit gepaart mit einer au\u00dfergew\u00f6hnlichen Investition.<\/p>","protected":false},"author":4,"featured_media":0,"parent":0,"menu_order":0,"comment_status":"closed","ping_status":"closed","template":"","meta":{"_kad_blocks_custom_css":"","_kad_blocks_head_custom_js":"","_kad_blocks_body_custom_js":"","_kad_blocks_footer_custom_js":"","_kad_post_transparent":"","_kad_post_title":"","_kad_post_layout":"","_kad_post_sidebar_id":"","_kad_post_content_style":"","_kad_post_vertical_padding":"","_kad_post_feature":"","_kad_post_feature_position":"","_kad_post_header":false,"_kad_post_footer":false,"_kad_post_classname":"","footnotes":""},"class_list":["post-1466","page","type-page","status-publish","hentry"],"taxonomy_info":[],"featured_image_src_large":false,"author_info":{"display_name":"Osman","author_link":"https:\/\/www.mintofgold.com\/de\/author\/osman\/"},"comment_info":0,"_links":{"self":[{"href":"https:\/\/www.mintofgold.com\/de\/wp-json\/wp\/v2\/pages\/1466","targetHints":{"allow":["GET"]}}],"collection":[{"href":"https:\/\/www.mintofgold.com\/de\/wp-json\/wp\/v2\/pages"}],"about":[{"href":"https:\/\/www.mintofgold.com\/de\/wp-json\/wp\/v2\/types\/page"}],"author":[{"embeddable":true,"href":"https:\/\/www.mintofgold.com\/de\/wp-json\/wp\/v2\/users\/4"}],"replies":[{"embeddable":true,"href":"https:\/\/www.mintofgold.com\/de\/wp-json\/wp\/v2\/comments?post=1466"}],"version-history":[{"count":2,"href":"https:\/\/www.mintofgold.com\/de\/wp-json\/wp\/v2\/pages\/1466\/revisions"}],"predecessor-version":[{"id":1529,"href":"https:\/\/www.mintofgold.com\/de\/wp-json\/wp\/v2\/pages\/1466\/revisions\/1529"}],"wp:attachment":[{"href":"https:\/\/www.mintofgold.com\/de\/wp-json\/wp\/v2\/media?parent=1466"}],"curies":[{"name":"wp","href":"https:\/\/api.w.org\/{rel}","templated":true}]}}