{"id":1357,"date":"2025-07-24T10:06:10","date_gmt":"2025-07-24T08:06:10","guid":{"rendered":"https:\/\/www.mintofgold.com\/?page_id=1357"},"modified":"2025-07-24T10:43:34","modified_gmt":"2025-07-24T08:43:34","slug":"terms-and-conditions","status":"publish","type":"page","link":"https:\/\/www.mintofgold.com\/de\/terms-and-conditions\/","title":{"rendered":"Bedingungen und Konditionen"},"content":{"rendered":"<style>.kb-row-layout-id1357_0778fe-42 > .kt-row-column-wrap{align-content:start;}:where(.kb-row-layout-id1357_0778fe-42 > .kt-row-column-wrap) > .wp-block-kadence-column{justify-content:start;}.kb-row-layout-id1357_0778fe-42 > .kt-row-column-wrap{column-gap:var(--global-kb-gap-md, 2rem);row-gap:var(--global-kb-gap-md, 2rem);max-width:var( --global-content-width, 1520px );padding-left:var(--global-content-edge-padding);padding-right:var(--global-content-edge-padding);padding-top:var(--global-kb-spacing-sm, 1.5rem);padding-bottom:var(--global-kb-spacing-sm, 1.5rem);grid-template-columns:minmax(0, 1fr);}.kb-row-layout-id1357_0778fe-42 > .kt-row-layout-overlay{opacity:0.30;}@media all and (max-width: 1024px){.kb-row-layout-id1357_0778fe-42 > .kt-row-column-wrap{grid-template-columns:minmax(0, 1fr);}}@media all and (max-width: 767px){.kb-row-layout-id1357_0778fe-42 > .kt-row-column-wrap{grid-template-columns:minmax(0, 1fr);}}<\/style><div class=\"kb-row-layout-wrap kb-row-layout-id1357_0778fe-42 alignnone wp-block-kadence-rowlayout\"><div class=\"kt-row-column-wrap kt-has-1-columns kt-row-layout-equal kt-tab-layout-inherit kt-mobile-layout-row kt-row-valign-top kb-theme-content-width\">\n<style>.kadence-column1357_48ac83-0a > .kt-inside-inner-col,.kadence-column1357_48ac83-0a > .kt-inside-inner-col:before{border-top-left-radius:0px;border-top-right-radius:0px;border-bottom-right-radius:0px;border-bottom-left-radius:0px;}.kadence-column1357_48ac83-0a > .kt-inside-inner-col{column-gap:var(--global-kb-gap-sm, 1rem);}.kadence-column1357_48ac83-0a > .kt-inside-inner-col{flex-direction:column;}.kadence-column1357_48ac83-0a > .kt-inside-inner-col > .aligncenter{width:100%;}.kadence-column1357_48ac83-0a > .kt-inside-inner-col:before{opacity:0.3;}.kadence-column1357_48ac83-0a{position:relative;}@media all and (max-width: 1024px){.kadence-column1357_48ac83-0a > .kt-inside-inner-col{flex-direction:column;justify-content:center;}}@media all and (max-width: 767px){.kadence-column1357_48ac83-0a > .kt-inside-inner-col{flex-direction:column;justify-content:center;}}<\/style>\n<div class=\"wp-block-kadence-column kadence-column1357_48ac83-0a\"><div class=\"kt-inside-inner-col\">\n<p>Diese Allgemeinen Gesch\u00e4ftsbedingungen regeln die Eink\u00e4ufe bei Mint of Gold und seinen Marken (HOSSMANN, VIVID GOLD). Mit der Aufgabe einer Bestellung erkl\u00e4ren Sie sich mit diesen Bedingungen einverstanden. Der Verk\u00e4ufer ist Mint of Gold (ein polnisches Unternehmen) und, falls verf\u00fcgbar, seine Schweizer Tochtergesellschaft (Details werden noch eingef\u00fcgt). Die wichtigsten Vertragsinformationen werden den Kunden zur Verf\u00fcgung gestellt, einschlie\u00dflich unserer Firmenidentit\u00e4t und -adresse (Polen und Schweiz, wenn aktiv), Produktbeschreibungen, Preise (einschlie\u00dflich aller Steuern), Zahlungs- und Lieferkosten sowie unsere R\u00fcckgabe- und Stornierungsbedingungen. Alle Kundendienstkosten (falls vorhanden), die \u00fcber die Standards\u00e4tze hinausgehen, werden im Voraus bekannt gegeben.<\/p>\n<p>\u00a0<\/p>\n<ul>\n<li>Bestellung &amp; Bezahlung: Bestellungen k\u00f6nnen online \u00fcber unsere Website aufgegeben werden. Wir akzeptieren alle g\u00e4ngigen Zahlungsmethoden (z.B. Kreditkarten, PayPal, Bank\u00fcberweisung). Die Zahlung ist zum Zeitpunkt der Bestellung f\u00e4llig. Alle Preise sind in EUR angegeben und enthalten gegebenenfalls die gesetzliche Mehrwertsteuer; bei Lieferungen au\u00dferhalb der EU sind Einfuhrz\u00f6lle und lokale Steuern vom K\u00e4ufer zu tragen. Das Eigentum an den Waren geht nach vollst\u00e4ndiger Bezahlung auf Sie \u00fcber. Kann die Zahlung nicht abgewickelt werden, ist die Bestellung ung\u00fcltig.<\/li>\n<li>Preisgestaltung: Wir bem\u00fchen uns um Genauigkeit, aber wenn der Preis eines Produkts falsch angegeben ist, werden wir Sie vor dem Versand informieren; wir k\u00f6nnen die Bestellung stornieren, wenn Sie dies nicht w\u00fcnschen. Alle Zahlungen werden sicher verarbeitet; wir speichern keine vollst\u00e4ndigen Kreditkartendaten.<\/li>\n<li>Versand &amp; Lieferung: Wir versenden Lieferzeiten und Kosten variieren je nach Zielort. Produkte k\u00f6nnen aus verschiedenen L\u00e4ndern versandt werden (Dropshipping); Sie werden w\u00e4hrend der Kaufabwicklung \u00fcber die voraussichtlichen Versandbedingungen informiert. Sie sind f\u00fcr alle Zollabfertigungs- und Importgeb\u00fchren in Ihrem Land verantwortlich. Das Verlustrisiko geht auf Sie \u00fcber, sobald der Artikel versandt wurde. Sollten Sie eine Sendung nicht erhalten, kontaktieren Sie uns bitte umgehend.<\/li>\n<li>R\u00fccktrittsrecht: Wenn Sie ein EU-Verbraucher sind, haben Sie ein gesetzliches Widerrufsrecht von 14 Tagen, um Ihren Kauf ohne Angabe von Gr\u00fcnden zu widerrufen. Diese Frist endet 14 Tage, nachdem Sie (oder ein von Ihnen benannter Dritter) die Ware erhalten haben. Um den Widerruf zu erkl\u00e4ren, m\u00fcssen Sie uns innerhalb dieser Frist schriftlich benachrichtigen. Bestimmte Waren sind vom Widerruf ausgeschlossen: insbesondere <em>auf Bestellung hergestellte oder eindeutig personalisierte Waren <\/em>(z.B. gravierte oder ma\u00dfgefertigte Artikel) oder aus hygienischen Gr\u00fcnden versiegelte Artikel. Wenn Sie widerrufen, m\u00fcssen Sie die Ware unbenutzt zur\u00fccksenden; die Kosten f\u00fcr die R\u00fccksendung gehen zu Ihren Lasten (es sei denn, wir haben beim Kauf etwas anderes vereinbart). Bei R\u00fccksendung von Waren, die nicht fehlerhaft sind, erstatten wir Ihnen innerhalb von 14 Tagen nach Erhalt der zur\u00fcckgesandten Artikel alle geleisteten Zahlungen, einschlie\u00dflich der Standardlieferkosten. Es gelten die gesetzlich zul\u00e4ssigen Ausnahmen.<\/li>\n<li>Garantie und Defekte: \u00dcber die freiwillige R\u00fcckgabe hinausgehende gesetzliche Garantien In der EU haben Sie, wenn ein Produkt fehlerhaft ist oder nicht der Beschreibung entspricht, Anspruch auf eine kostenlose Reparatur oder einen Ersatz im Rahmen der EU-weiten zweij\u00e4hrigen Garantie. Ist die Reparatur bzw. der Ersatz unm\u00f6glich oder unverh\u00e4ltnism\u00e4\u00dfig, k\u00f6nnen Sie eine Preisminderung oder eine R\u00fcckerstattung verlangen. Das polnische und das EU-Verbraucherrecht (und, sobald es in Kraft ist, das schweizerische Verbraucherrecht) sch\u00fctzen die Rechte der K\u00e4ufer und haben Vorrang vor allen widerspr\u00fcchlichen Klauseln in diesen Bedingungen. Zum Beispiel sieht das Schweizer Recht eine 2-j\u00e4hrige Garantie f\u00fcr M\u00e4ngel vor. Wenn Sie einen Mangel feststellen, wenden Sie sich innerhalb der Garantiezeit an den Kundendienst, um Anweisungen zu erhalten.<\/li>\n<li>Geistiges Eigentum: Der gesamte Inhalt der Website (einschlie\u00dflich Text, Bilder, Logos, Designs und Software) ist Eigentum von Mint of Gold oder seinen Lizenzgebern. Die Markennamen Mint of Gold, HOSSMANN und VIVID GOLD und die dazugeh\u00f6rigen Logos sind unsere eingetragenen Marken. Sie d\u00fcrfen kein geistiges Eigentum auf dieser Website ohne unsere schriftliche Genehmigung kopieren, verbreiten oder verwenden.<\/li>\n<li>Beschr\u00e4nkung der Haftung: Wir sind f\u00fcr die Erf\u00fcllung dieser Bedingungen und f\u00fcr vors\u00e4tzliches oder grob fahrl\u00e4ssiges Fehlverhalten verantwortlich, lehnen jedoch (au\u00dfer in den gesetzlich vorgeschriebenen F\u00e4llen) jegliche Haftung f\u00fcr indirekte, zuf\u00e4llige oder Folgesch\u00e4den ab. Die gesetzlichen Verbraucherrechte f\u00fcr Personensch\u00e4den oder andere Haftungen, die gesetzlich nicht ausgeschlossen werden k\u00f6nnen, werden hierdurch jedoch nicht eingeschr\u00e4nkt. Insbesondere bleiben die EU-Verbraucherschutz- und Gew\u00e4hrleistungsgesetze in Kraft. .<\/li>\n<li>Geltendes Recht und Rechtsstreitigkeiten: Diese Bedingungen unterliegen den Gesetzen Polens (f\u00fcr den polnischen Verk\u00e4ufer) oder der Schweiz (f\u00fcr das Schweizer Unternehmen, sobald es aktiv ist), je nach Anwendbarkeit. F\u00fcr Verk\u00e4ufe an EU-Verbraucher gilt das zwingende EU-Verbraucherschutzrecht; Sie k\u00f6nnen auch die EU-Plattform f\u00fcr die Online-Streitbeilegung f\u00fcr grenz\u00fcberschreitende Streitigkeiten nutzen, die vor den Gerichten Ihres Landes verhandelt werden, wenn dies aufgrund von Verbraucherschutzvorschriften erforderlich ist, ansonsten in Warschau, Polen.<\/li>\n<\/ul>\n<\/div><\/div>\n\n<\/div><\/div>","protected":false},"excerpt":{"rendered":"<p>These Terms and Conditions govern purchases from Mint of Gold and its brands (HOSSMANN, VIVID GOLD). By placing an order, you agree to these terms. The seller is Mint of Gold (a Polish company) and, when available, its Swiss affiliate (details to be inserted). Key contract information is provided to customers, including our company identity&#8230;<\/p>","protected":false},"author":2,"featured_media":0,"parent":0,"menu_order":0,"comment_status":"closed","ping_status":"closed","template":"","meta":{"_kad_blocks_custom_css":"","_kad_blocks_head_custom_js":"","_kad_blocks_body_custom_js":"","_kad_blocks_footer_custom_js":"","_kad_post_transparent":"","_kad_post_title":"","_kad_post_layout":"","_kad_post_sidebar_id":"","_kad_post_content_style":"","_kad_post_vertical_padding":"","_kad_post_feature":"","_kad_post_feature_position":"","_kad_post_header":false,"_kad_post_footer":false,"_kad_post_classname":"","footnotes":""},"class_list":["post-1357","page","type-page","status-publish","hentry"],"taxonomy_info":[],"featured_image_src_large":false,"author_info":{"display_name":"Micha\u0142","author_link":"https:\/\/www.mintofgold.com\/de\/author\/michal\/"},"comment_info":0,"_links":{"self":[{"href":"https:\/\/www.mintofgold.com\/de\/wp-json\/wp\/v2\/pages\/1357","targetHints":{"allow":["GET"]}}],"collection":[{"href":"https:\/\/www.mintofgold.com\/de\/wp-json\/wp\/v2\/pages"}],"about":[{"href":"https:\/\/www.mintofgold.com\/de\/wp-json\/wp\/v2\/types\/page"}],"author":[{"embeddable":true,"href":"https:\/\/www.mintofgold.com\/de\/wp-json\/wp\/v2\/users\/2"}],"replies":[{"embeddable":true,"href":"https:\/\/www.mintofgold.com\/de\/wp-json\/wp\/v2\/comments?post=1357"}],"version-history":[{"count":2,"href":"https:\/\/www.mintofgold.com\/de\/wp-json\/wp\/v2\/pages\/1357\/revisions"}],"predecessor-version":[{"id":1368,"href":"https:\/\/www.mintofgold.com\/de\/wp-json\/wp\/v2\/pages\/1357\/revisions\/1368"}],"wp:attachment":[{"href":"https:\/\/www.mintofgold.com\/de\/wp-json\/wp\/v2\/media?parent=1357"}],"curies":[{"name":"wp","href":"https:\/\/api.w.org\/{rel}","templated":true}]}}