{"id":968,"date":"2025-03-07T07:20:22","date_gmt":"2025-03-07T06:20:22","guid":{"rendered":"https:\/\/mintofgold.com\/?post_type=product&#038;p=968"},"modified":"2025-03-07T13:48:36","modified_gmt":"2025-03-07T12:48:36","slug":"sztabka-zlota-mint-of-gold-hossmann-2","status":"publish","type":"product","link":"https:\/\/www.mintofgold.com\/ar\/sztabka-zlota-mint-of-gold-hossmann-2\/","title":{"rendered":"\u0633\u0634\u062a\u0627\u0628\u0643\u0627 \u0632\u0648\u0648\u062a\u0627 \u0632\u0644\u0627\u0648\u062a\u0627 \u0623\u0648\u0641 \u062c\u0648\u0644\u062f \u0647\u0648\u0633\u0645\u0627\u0646"},"content":{"rendered":"<p data-start=\"0\" data-end=\"77\"><strong data-start=\"0\" data-end=\"75\">Ekskkluzywna sztabka z\u0142ota \u201eMint of Gold Hossmann\u201d - Inwestycja i Luksus<\/strong><\/p>\n<p data-start=\"79\" data-end=\"361\">\u0628\u0631\u0632\u064a\u062f\u0634\u062a\u0627\u0648\u064a\u0627\u0645\u064a \u064a\u0648\u0646\u064a\u0643\u0627\u062a\u0648\u064a\u0627\u0645\u064a \u064a\u0648\u0646\u064a\u0643\u0627\u062a\u0648 \u0632\u0644\u0627\u0648\u062a\u0627 <strong data-start=\"117\" data-end=\"142\">\u0645\u064a\u0646\u062a \u0623\u0648\u0641 \u062c\u0648\u0644\u062f \u0647\u0648\u0633\u0645\u0627\u0646<\/strong>,  \u064a\u0645\u0643\u0646 \u0623\u0646 \u064a\u0643\u0648\u0646 \u0647\u0630\u0627 \u0627\u0644\u0645\u0646\u062a\u062c \u0639\u0644\u0649 \u0646\u0637\u0627\u0642 \u0648\u0627\u0633\u0639 \u0641\u064a \u062c\u0645\u064a\u0639 \u0623\u0646\u062d\u0627\u0621 \u0627\u0644\u0639\u0627\u0644\u0645 \u0645\u0646 \u062e\u0644\u0627\u0644 \u0645\u0646\u062a\u062c\u0627\u062a \u0630\u0627\u062a \u0642\u064a\u0645\u0629 \u0645\u0636\u0627\u0641\u0629 \u0639\u0627\u0644\u064a\u0629 \u0641\u064a \u062c\u0645\u064a\u0639 \u0623\u0646\u062d\u0627\u0621 \u0627\u0644\u0639\u0627\u0644\u0645.<\/p>\n<ul>\n<li data-start=\"363\" data-end=\"638\"><strong data-start=\"366\" data-end=\"386\">\u0646\u062c\u0648\u064a\u0632\u0627 \u062c\u0627\u0643\u0648\u0634\u064a\u062a\u0634<\/strong> - z\u0142oto inwestycyjne o najwy\u017cszej pr\u00f3bie<\/li>\n<li data-start=\"363\" data-end=\"638\"><strong data-start=\"433\" data-end=\"457\">\u062f\u064a\u0627\u0645\u0646\u062a\u0648\u0641\u064a \u0632\u062f\u0648\u0628\u064a\u0646\u064a\u0627<\/strong> - \u062a\u0635\u0645\u064a\u0645 \u064a\u0648\u0646\u064a\u0643\u0627\u0644\u0646\u064a \u062f\u064a\u0632\u0627\u064a\u0646 dla koneser\u00f3w luksusu<\/li>\n<li data-start=\"363\" data-end=\"638\"><strong data-start=\"503\" data-end=\"528\">\u0628\u064a\u0632\u0628\u064a\u062a\u0634\u064a\u062a\u0634\u0646\u0627 \u0625\u0646\u0648\u064a\u0633\u062a\u064a\u0643\u064a\u0627<\/strong> - \u0623\u0648\u0643\u0631\u0648\u0646\u0627 \u0643\u0627\u0628\u064a\u062a\u0627 \u0643\u0627\u0628\u064a\u062a\u0627\u0643\u0648 \u0645\u0639 \u0643\u0631\u0648\u0633\u0643\u0648<\/li>\n<li data-start=\"363\" data-end=\"638\"><strong data-start=\"570\" data-end=\"592\">\u0625\u064a\u062f\u064a\u0627\u0644\u0646\u0627 \u0646\u0627 \u0628\u0631\u064a\u0632\u0646\u062a<\/strong> - ekskkluzywny podarunek na wyj\u0105tkowe okazazje<\/li>\n<\/ul>\n<p data-start=\"640\" data-end=\"749\">\u064a\u0645\u0643\u0646 \u0623\u0646 \u064a\u0643\u0648\u0646 \u0647\u0630\u0627 \u0647\u0648 \u0627\u0644\u0645\u0643\u0627\u0646 \u0627\u0644\u0630\u064a \u064a\u062a\u0645 \u0641\u064a\u0647 \u0627\u0633\u062a\u062e\u062f\u0627\u0645 \u0631\u0645\u0632 \u0627\u0644\u0631\u0645\u0632 \u0623\u0648 \u0631\u0645\u0632 \u0627\u0644\u062a\u0648\u062b\u064a\u0642 \u0623\u0648 \u0631\u0645\u0632 \u0627\u0644\u062a\u0648\u062b\u064a\u0642 \u0641\u064a \u0627\u0644\u0645\u0633\u062a\u0642\u0628\u0644.<\/p>","protected":false},"excerpt":{"rendered":"<p>\u062a\u0635\u0645\u064a\u0645\u0627\u062a \u0645\u0631\u064a\u062d\u0629 \u0648\u0641\u0639\u0651\u0627\u0644\u0629 \u0645\u0646 \u062d\u064a\u062b \u0627\u0644\u0634\u0643\u0644 \u0648\u0627\u0644\u0645\u0636\u0645\u0648\u0646. \u062a\u0635\u0645\u064a\u0645 \u0633\u0648\u0628\u062a\u064a\u0644\u0646\u064a \u062a\u0635\u0645\u064a\u0645 \u0623\u0646\u064a\u0642 \u0648\u0645\u0628\u062a\u0643\u0631 \u0645\u0646 \u062d\u064a\u062b \u0627\u0644\u0623\u0633\u0644\u0648\u0628\u060c \u0645\u0639 \u0645\u0631\u0627\u0639\u0627\u0629 \u0623\u0646 \u064a\u0643\u0648\u0646 \u0627\u0644\u062a\u0635\u0645\u064a\u0645 \u0623\u0646\u064a\u0642\u064b\u0627 \u0648\u0645\u0628\u062a\u0643\u0631\u064b\u0627.<\/p>","protected":false},"featured_media":972,"comment_status":"closed","ping_status":"closed","template":"","meta":{"_kad_blocks_custom_css":"","_kad_blocks_head_custom_js":"","_kad_blocks_body_custom_js":"","_kad_blocks_footer_custom_js":"","_kad_post_transparent":"default","_kad_post_title":"","_kad_post_layout":"default","_kad_post_sidebar_id":"","_kad_post_content_style":"default","_kad_post_vertical_padding":"default","_kad_post_feature":"","_kad_post_feature_position":"","_kad_post_header":false,"_kad_post_footer":false,"_kad_post_classname":""},"product_brand":[172],"product_cat":[209],"product_tag":[],"class_list":{"0":"post-968","1":"product","2":"type-product","3":"status-publish","4":"has-post-thumbnail","6":"product_brand-mint-of-gold","7":"product_cat-gold-diamonds","9":"first","10":"instock","11":"shipping-taxable","12":"product-type-simple","13":"entry","14":"content-bg","15":"loop-entry"},"taxonomy_info":{"product_brand":[{"value":172,"label":"MINT OF GOLD"}],"product_cat":[{"value":209,"label":"Goldiamonds"}]},"featured_image_src_large":["https:\/\/www.mintofgold.com\/wp-content\/uploads\/2025\/03\/P2.png",650,950,false],"author_info":[],"comment_info":0,"_links":{"self":[{"href":"https:\/\/www.mintofgold.com\/ar\/wp-json\/wp\/v2\/product\/968","targetHints":{"allow":["GET"]}}],"collection":[{"href":"https:\/\/www.mintofgold.com\/ar\/wp-json\/wp\/v2\/product"}],"about":[{"href":"https:\/\/www.mintofgold.com\/ar\/wp-json\/wp\/v2\/types\/product"}],"replies":[{"embeddable":true,"href":"https:\/\/www.mintofgold.com\/ar\/wp-json\/wp\/v2\/comments?post=968"}],"wp:featuredmedia":[{"embeddable":true,"href":"https:\/\/www.mintofgold.com\/ar\/wp-json\/wp\/v2\/media\/972"}],"wp:attachment":[{"href":"https:\/\/www.mintofgold.com\/ar\/wp-json\/wp\/v2\/media?parent=968"}],"wp:term":[{"taxonomy":"product_brand","embeddable":true,"href":"https:\/\/www.mintofgold.com\/ar\/wp-json\/wp\/v2\/product_brand?post=968"},{"taxonomy":"product_cat","embeddable":true,"href":"https:\/\/www.mintofgold.com\/ar\/wp-json\/wp\/v2\/product_cat?post=968"},{"taxonomy":"product_tag","embeddable":true,"href":"https:\/\/www.mintofgold.com\/ar\/wp-json\/wp\/v2\/product_tag?post=968"}],"curies":[{"name":"\u062f\u0628\u0644\u064a\u0648 \u0628\u064a","href":"https:\/\/api.w.org\/{rel}","templated":true}]}}