{"id":948,"date":"2025-03-07T12:25:37","date_gmt":"2025-03-07T11:25:37","guid":{"rendered":"https:\/\/mintofgold.com\/?post_type=product&#038;p=948"},"modified":"2025-03-07T13:57:48","modified_gmt":"2025-03-07T12:57:48","slug":"naturalny-diament-1-00-ct-2","status":"publish","type":"product","link":"https:\/\/www.mintofgold.com\/ar\/naturalny-diament-1-00-ct-2\/","title":{"rendered":"\u0646\u0627\u062a\u0634\u0648\u0631\u0646\u064a \u062f\u064a\u0627\u0645\u0646\u062a 1.00 \u0642\u064a\u0631\u0627\u0637"},"content":{"rendered":"<p><strong>\u062f\u064a\u0627\u0645\u0646\u062a \u0637\u0628\u064a\u0639\u064a 1.00 \u0642\u064a\u0631\u0627\u0637\u060c \u0645\u0639\u062a\u0645\u062f \u0645\u0646 \u0627\u0644\u0645\u0639\u0647\u062f \u0627\u0644\u0639\u0627\u0644\u0645\u064a \u0644\u0639\u0644\u0648\u0645 \u0627\u0644\u0623\u062d\u062c\u0627\u0631 \u0627\u0644\u0643\u0631\u064a\u0645\u0629<\/strong><\/p>\n<p>\u0642\u064a\u0631\u0627\u0637 \u0648\u0627\u062d\u062f \u0642\u064a\u0631\u0627\u0637\u060c \u0642\u064a\u0631\u0627\u0637 \u0637\u0628\u064a\u0639\u064a\u060c \u0645\u0639\u062a\u0645\u062f \u0645\u0646 \u0627\u0644\u062c\u0645\u0627\u0639\u0629 \u0627\u0644\u0625\u0633\u0644\u0627\u0645\u064a\u0629 \u0627\u0644\u0645\u0633\u0644\u062d\u0629.<br \/>\n\u062a\u0634\u0627\u0631\u062a\u0631\u064a\u0632\u0648\u064a\u064a \u062f\u0648\u0633\u0643\u0648\u0646\u0627\u064a\u0645 \u0633\u0632\u0644\u064a\u0641\u060c \u0648\u064a\u064a\u062c\u0648\u0646\u0643\u0648\u0641\u0648 \u0633\u064a\u0643\u0648\u062a\u0634\u064a\u0643 <strong>VVS1<\/strong> \u0637 \u0628\u0627\u0631\u0648\u0627 <strong>D<\/strong>, co zapewnia niezwyk\u0142y blask i przejrzysto\u015b\u0107.<br \/>\n\u0645\u062b\u0627\u0644\u064a\u0629 \u0644\u0644\u0627\u0633\u062a\u062e\u062f\u0627\u0645 \u0641\u064a \u062d\u0627\u0644\u0629 \u062d\u062f\u0648\u062b \u0623\u064a \u0634\u064a\u0621 \u0645\u0646 \u0647\u0630\u0627 \u0627\u0644\u0642\u0628\u064a\u0644.<\/p>\n<p><strong>Luksus, warto\u015b\u015b\u0107 i ponadczasowa elegancja - zam\u00f3w ju\u017c dzi\u015b\u015b!<\/strong><\/p>","protected":false},"excerpt":{"rendered":"<p>\u0645\u062b\u0627\u0644\u064a \u0644\u0644\u0627\u0633\u062a\u062e\u062f\u0627\u0645 \u0641\u064a \u062c\u0645\u064a\u0639 \u0623\u0646\u062d\u0627\u0621 \u0627\u0644\u0639\u0627\u0644\u0645. \u0645\u062b\u0627\u0644\u064a \u0644\u0644\u0645\u062b\u0627\u0644\u064a\u0629 \u0641\u064a \u0647\u0630\u0647 \u0627\u0644\u062d\u0627\u0644\u0629.<\/p>","protected":false},"featured_media":938,"comment_status":"closed","ping_status":"closed","template":"","meta":{"_kad_blocks_custom_css":"","_kad_blocks_head_custom_js":"","_kad_blocks_body_custom_js":"","_kad_blocks_footer_custom_js":"","_kad_post_transparent":"default","_kad_post_title":"","_kad_post_layout":"default","_kad_post_sidebar_id":"","_kad_post_content_style":"default","_kad_post_vertical_padding":"default","_kad_post_feature":"","_kad_post_feature_position":"","_kad_post_header":false,"_kad_post_footer":false,"_kad_post_classname":""},"product_brand":[],"product_cat":[208,207,206],"product_tag":[],"class_list":{"0":"post-948","1":"product","2":"type-product","3":"status-publish","4":"has-post-thumbnail","6":"product_cat-diamonds","7":"product_cat-lab-grown-diamonds","8":"product_cat-fancy-diamonds","10":"first","11":"instock","12":"shipping-taxable","13":"product-type-simple","14":"entry","15":"content-bg","16":"loop-entry"},"taxonomy_info":{"product_cat":[{"value":208,"label":"Diamonds"},{"value":207,"label":"Lab- Grown Diamonds"},{"value":206,"label":"Fancy Diamonds"}]},"featured_image_src_large":["https:\/\/www.mintofgold.com\/wp-content\/uploads\/2025\/03\/diament2.webp",1024,1024,false],"author_info":[],"comment_info":0,"_links":{"self":[{"href":"https:\/\/www.mintofgold.com\/ar\/wp-json\/wp\/v2\/product\/948","targetHints":{"allow":["GET"]}}],"collection":[{"href":"https:\/\/www.mintofgold.com\/ar\/wp-json\/wp\/v2\/product"}],"about":[{"href":"https:\/\/www.mintofgold.com\/ar\/wp-json\/wp\/v2\/types\/product"}],"replies":[{"embeddable":true,"href":"https:\/\/www.mintofgold.com\/ar\/wp-json\/wp\/v2\/comments?post=948"}],"wp:featuredmedia":[{"embeddable":true,"href":"https:\/\/www.mintofgold.com\/ar\/wp-json\/wp\/v2\/media\/938"}],"wp:attachment":[{"href":"https:\/\/www.mintofgold.com\/ar\/wp-json\/wp\/v2\/media?parent=948"}],"wp:term":[{"taxonomy":"product_brand","embeddable":true,"href":"https:\/\/www.mintofgold.com\/ar\/wp-json\/wp\/v2\/product_brand?post=948"},{"taxonomy":"product_cat","embeddable":true,"href":"https:\/\/www.mintofgold.com\/ar\/wp-json\/wp\/v2\/product_cat?post=948"},{"taxonomy":"product_tag","embeddable":true,"href":"https:\/\/www.mintofgold.com\/ar\/wp-json\/wp\/v2\/product_tag?post=948"}],"curies":[{"name":"\u062f\u0628\u0644\u064a\u0648 \u0628\u064a","href":"https:\/\/api.w.org\/{rel}","templated":true}]}}