{"id":923,"date":"2025-03-07T06:50:44","date_gmt":"2025-03-07T05:50:44","guid":{"rendered":"https:\/\/mintofgold.com\/?post_type=product&#038;p=923"},"modified":"2025-03-07T08:01:04","modified_gmt":"2025-03-07T07:01:04","slug":"golddiamond-aurora","status":"publish","type":"product","link":"https:\/\/www.mintofgold.com\/ar\/golddiamond-aurora\/","title":{"rendered":"\u062c\u0648\u0644\u062f \u062f\u064a\u0627\u0645\u0648\u0646\u062f \u0623\u0648\u0631\u0648\u0631\u0627"},"content":{"rendered":"<p data-start=\"58\" data-end=\"352\">Odkryj Golddiamond Aurora - \u0643\u0645\u0627 \u0647\u0648 \u0627\u0644\u062d\u0627\u0644 \u0641\u064a Golddiamond Aurora\u060c \u062d\u064a\u062b \u064a\u0645\u0643\u0646 \u0623\u0646 \u064a\u0643\u0648\u0646 \u0647\u0646\u0627\u0643 \u0627\u0644\u0643\u062b\u064a\u0631 \u0645\u0646 \u0627\u0644\u0623\u0634\u064a\u0627\u0621 \u0627\u0644\u062a\u064a \u064a\u0645\u0643\u0646 \u0623\u0646 \u062a\u0643\u0648\u0646 \u0645\u0641\u064a\u062f\u0629 \u0641\u064a \u0647\u0630\u0627 \u0627\u0644\u0645\u062c\u0627\u0644. \u0643\u0645\u0627 \u064a\u0645\u0643\u0646 \u0623\u0646 \u062a\u0643\u0648\u0646 \u0645\u062b\u0627\u0644\u064a\u0629 \u0641\u064a \u062c\u0645\u064a\u0639 \u0623\u0646\u062d\u0627\u0621 \u0627\u0644\u0639\u0627\u0644\u0645 \u0645\u0646 \u062e\u0644\u0627\u0644 \u062a\u0648\u0641\u064a\u0631\u0647\u0627 \u0641\u064a \u062c\u0645\u064a\u0639 \u0623\u0646\u062d\u0627\u0621 \u0627\u0644\u0639\u0627\u0644\u0645 \u0645\u0646 \u062e\u0644\u0627\u0644 \u062a\u0648\u0641\u064a\u0631\u0647\u0627 \u0641\u064a \u062c\u0645\u064a\u0639 \u0623\u0646\u062d\u0627\u0621 \u0627\u0644\u0639\u0627\u0644\u0645.<\/p>\n<p data-start=\"354\" data-end=\"380\"><strong data-start=\"354\" data-end=\"380\">G\u0142\u00f3wne cechy produktu:<\/strong><\/p>\n<ul data-start=\"381\" data-end=\"912\">\n<li data-start=\"381\" data-end=\"507\"><strong data-start=\"383\" data-end=\"409\">\u0645\u0627\u062f\u0629 Ekskkluzywne materia\u0142y:<\/strong> \u062a\u0645 \u0625\u0639\u062f\u0627\u062f\u0647 \u0645\u0646 \u0642\u0628\u0644 \u0634\u0631\u0643\u0629 Precyzyzyjnie wyselekccjonowane diamenty osadzone wi\u0119knie wypolerowanym z\u0142ocie najwy\u017cszej pr\u00f3by.<\/li>\n<li data-start=\"508\" data-end=\"634\"><strong data-start=\"510\" data-end=\"531\">\u062a\u0635\u0645\u064a\u0645 Wyj\u0105tkowy:<\/strong> \u062f\u064a\u0646\u0627\u0645\u064a\u0643\u064a\u0627\u062a \u062f\u064a\u0646\u0627\u0645\u064a\u0643\u064a\u0629 \u0641\u064a \u0634\u0643\u0644 \u062f\u064a\u0646\u0627\u0645\u064a\u0643\u064a \u0648\u0645\u062a\u0646\u0627\u0633\u0642 \u0645\u0639 \u0623\u0633\u0644\u0648\u0628 \u0627\u0644\u0639\u0645\u0644 \u0627\u0644\u062f\u064a\u0646\u0627\u0645\u064a\u0643\u064a \u0627\u0644\u0630\u064a \u064a\u0631\u0643\u0632 \u0639\u0644\u0649 \u0627\u0644\u0623\u0633\u0644\u0648\u0628.<\/li>\n<li data-start=\"635\" data-end=\"763\"><strong data-start=\"637\" data-end=\"663\">\u064a\u0648\u0646\u064a\u0641\u0631\u0633\u0627\u0644\u0646\u0627 \u0625\u0644\u064a\u062c\u0627\u0646\u0633\u064a\u0627:<\/strong> \u0645\u062b\u0627\u0644\u064a \u0644\u0644\u0645\u0633\u0627\u0639\u062f\u0629 \u0641\u064a \u062d\u0644 \u0627\u0644\u0645\u0634\u0643\u0644\u0627\u062a \u0627\u0644\u062a\u064a \u0642\u062f \u062a\u0648\u0627\u062c\u0647\u0643 \u0641\u064a \u0627\u0644\u0639\u0645\u0644 - \u064a\u0645\u0643\u0646\u0643 \u0623\u0646 \u062a\u0643\u0648\u0646 \u0642\u0627\u062f\u0631\u064b\u0627 \u0639\u0644\u0649 \u062d\u0644\u0647\u0627.<\/li>\n<li data-start=\"764\" data-end=\"912\"><strong data-start=\"766\" data-end=\"792\">\u0646\u064a\u0632\u0627\u0628\u0648\u0645\u0646\u064a\u0627\u0646\u064a \u0628\u0631\u064a\u0632\u0646\u062a:<\/strong> \u064a\u0645\u0643\u0646 \u0623\u0646 \u064a\u0643\u0648\u0646 \u0645\u0646 \u0627\u0644\u0633\u0647\u0644 \u0639\u0644\u0649 \u0623\u064a \u0634\u062e\u0635 \u0623\u0646 \u064a\u062a\u0646\u0642\u0644 \u0628\u064a\u0646 \u0627\u0644\u062f\u0648\u0644 \u0627\u0644\u062a\u064a \u0644\u062f\u064a\u0647\u0627 \u062e\u0628\u0631\u0629 \u0641\u064a \u0645\u062c\u0627\u0644 \u0627\u0644\u0637\u0627\u0642\u0629 \u0627\u0644\u0645\u062a\u062c\u062f\u062f\u0629.<\/li>\n<\/ul>\n<p data-start=\"914\" data-end=\"1113\" data-is-last-node=\"\" data-is-only-node=\"\">\u0648 \u0645\u0646 \u0646\u0627\u062d\u064a\u0629 \u0623\u062e\u0631\u0649\u060c \u0641\u0625\u0646 \u0627\u0644\u0630\u0647\u0628 \u0648\u0627\u0644\u0623\u0644\u0645\u0627\u0633 \u0623\u0648\u0631\u0648\u0631\u0627\u060c \u0627\u0644\u0630\u064a \u064a\u0631\u0645\u0632 \u0625\u0644\u0649 \u0623\u0646 \u064a\u0643\u0648\u0646\u0627 \u0631\u0645\u0632\u064b\u0627 \u0644\u0631\u0645\u0632\u064a\u0646\u060c \u0642\u062f \u062a\u0645 \u0627\u0633\u062a\u062e\u062f\u0627\u0645\u0647 \u0641\u064a \u0628\u0639\u0636 \u0627\u0644\u0623\u062d\u064a\u0627\u0646 \u0641\u064a \u0628\u0639\u0636 \u0627\u0644\u0623\u062d\u064a\u0627\u0646. \u0648\u0644\u0643\u0646\u060c \u0645\u0646 \u062e\u0644\u0627\u0644 \u0639\u0634\u0631\u0629 \u0632\u062e\u0627\u0631\u0641 \u0645\u0646 \u0647\u0630\u0627 \u0627\u0644\u0646\u0648\u0639 \u0645\u0646 \u0627\u0644\u0631\u0645\u0648\u0632 \u0627\u0644\u062a\u064a \u0644\u0627 \u064a\u0645\u0643\u0646 \u0623\u0646 \u062a\u0643\u0648\u0646 \u0631\u0645\u0632\u064b\u0627 \u0644\u0631\u0645\u0632 \u0645\u0646 \u0631\u0645\u0648\u0632 \u0627\u062b\u0646\u064a\u0646 \u0645\u0646 \u0631\u0645\u0648\u0632 \u0627\u0644\u0639\u0627\u0644\u0645.<\/p>","protected":false},"excerpt":{"rendered":"<p>\u064a\u062a\u0645 \u0627\u0644\u0622\u0646 \u062a\u062d\u062f\u064a\u062f \u0645\u0648\u0642\u0639\u0643 \u0639\u0644\u0649 \u0634\u0628\u0643\u0629 \u0627\u0644\u0625\u0646\u062a\u0631\u0646\u062a \u0645\u0646 \u062e\u0644\u0627\u0644 \u0645\u0648\u0642\u0639 \u0627\u0644\u0648\u064a\u0628 \u0627\u0644\u062e\u0627\u0635 \u0628\u0643. \u0644\u0627 \u064a\u0645\u0643\u0646 \u0623\u0646 \u064a\u0643\u0648\u0646 \u0647\u0646\u0627\u0643 \u0623\u064a \u0634\u064a\u0621 \u062f\u064a\u0646\u0627\u0645\u064a\u0643\u064a \u0623\u0648 \u062f\u064a\u0646\u0627\u0645\u064a\u0643\u064a \u0641\u064a \u0623\u064a \u0645\u0643\u0627\u0646 \u0641\u064a \u0627\u0644\u0639\u0627\u0644\u0645.<\/p>","protected":false},"featured_media":918,"comment_status":"closed","ping_status":"closed","template":"","meta":{"_kad_blocks_custom_css":"","_kad_blocks_head_custom_js":"","_kad_blocks_body_custom_js":"","_kad_blocks_footer_custom_js":"","_kad_post_transparent":"default","_kad_post_title":"","_kad_post_layout":"default","_kad_post_sidebar_id":"","_kad_post_content_style":"default","_kad_post_vertical_padding":"default","_kad_post_feature":"","_kad_post_feature_position":"","_kad_post_header":false,"_kad_post_footer":false,"_kad_post_classname":""},"product_brand":[172],"product_cat":[209],"product_tag":[],"class_list":{"0":"post-923","1":"product","2":"type-product","3":"status-publish","4":"has-post-thumbnail","6":"product_brand-mint-of-gold","7":"product_cat-gold-diamonds","9":"first","10":"instock","11":"shipping-taxable","12":"product-type-simple","13":"entry","14":"content-bg","15":"loop-entry"},"taxonomy_info":{"product_brand":[{"value":172,"label":"MINT OF GOLD"}],"product_cat":[{"value":209,"label":"Goldiamonds"}]},"featured_image_src_large":["https:\/\/www.mintofgold.com\/wp-content\/uploads\/2025\/03\/gold-diamonds-3.webp",1024,1024,false],"author_info":[],"comment_info":0,"_links":{"self":[{"href":"https:\/\/www.mintofgold.com\/ar\/wp-json\/wp\/v2\/product\/923","targetHints":{"allow":["GET"]}}],"collection":[{"href":"https:\/\/www.mintofgold.com\/ar\/wp-json\/wp\/v2\/product"}],"about":[{"href":"https:\/\/www.mintofgold.com\/ar\/wp-json\/wp\/v2\/types\/product"}],"replies":[{"embeddable":true,"href":"https:\/\/www.mintofgold.com\/ar\/wp-json\/wp\/v2\/comments?post=923"}],"wp:featuredmedia":[{"embeddable":true,"href":"https:\/\/www.mintofgold.com\/ar\/wp-json\/wp\/v2\/media\/918"}],"wp:attachment":[{"href":"https:\/\/www.mintofgold.com\/ar\/wp-json\/wp\/v2\/media?parent=923"}],"wp:term":[{"taxonomy":"product_brand","embeddable":true,"href":"https:\/\/www.mintofgold.com\/ar\/wp-json\/wp\/v2\/product_brand?post=923"},{"taxonomy":"product_cat","embeddable":true,"href":"https:\/\/www.mintofgold.com\/ar\/wp-json\/wp\/v2\/product_cat?post=923"},{"taxonomy":"product_tag","embeddable":true,"href":"https:\/\/www.mintofgold.com\/ar\/wp-json\/wp\/v2\/product_tag?post=923"}],"curies":[{"name":"\u062f\u0628\u0644\u064a\u0648 \u0628\u064a","href":"https:\/\/api.w.org\/{rel}","templated":true}]}}