{"id":877,"date":"2025-03-07T07:15:54","date_gmt":"2025-03-07T06:15:54","guid":{"rendered":"https:\/\/mintofgold.com\/?post_type=product&#038;p=877"},"modified":"2025-03-07T08:02:20","modified_gmt":"2025-03-07T07:02:20","slug":"amber-gold-kiara","status":"publish","type":"product","link":"https:\/\/www.mintofgold.com\/ar\/amber-gold-kiara\/","title":{"rendered":"\u0623\u0645\u0628\u0631 \u062c\u0648\u0644\u062f \u0643\u064a\u0627\u0631\u0627"},"content":{"rendered":"<p data-start=\"0\" data-end=\"167\"><strong data-start=\"0\" data-end=\"20\">\u0623\u0645\u0628\u0631 \u062c\u0648\u0644\u062f \u0643\u064a\u0627\u0631\u0627<\/strong> \u0641\u064a \u062d\u0627\u0644\u0629 \u0639\u062f\u0645 \u0648\u062c\u0648\u062f \u0623\u064a \u0645\u0646 \u0647\u0630\u0647 \u0627\u0644\u0645\u0648\u0627\u062f\u060c \u0641\u0625\u0646\u0643 \u0633\u062a\u062d\u0635\u0644 \u0639\u0644\u0649 \u0645\u0627 \u064a\u0643\u0641\u064a \u0645\u0646 \u0627\u0644\u0645\u0648\u0627\u062f \u0627\u0644\u063a\u0630\u0627\u0626\u064a\u0629 \u0627\u0644\u0637\u0628\u064a\u0639\u064a\u0629 \u0627\u0644\u062a\u064a \u062a\u062d\u062a\u0627\u062c\u0647\u0627 \u0641\u064a \u0623\u064a \u0645\u0643\u0627\u0646 \u0622\u062e\u0631.<\/p>\n<p data-start=\"189\" data-end=\"659\">\u062a\u0642\u0648\u0645 \u0634\u0631\u0643\u0629 \u0623\u0645\u0628\u0631 \u062c\u0648\u0644\u062f \u0643\u064a\u0627\u0631\u0627 \u0628\u062a\u0637\u0648\u064a\u0631 \u0645\u0646\u062a\u062c\u0627\u062a\u0647\u0627 \u0639\u0644\u0649 \u0645\u0633\u062a\u0648\u0649 \u0627\u0644\u0639\u0627\u0644\u0645 \u0645\u0646 \u062e\u0644\u0627\u0644 \u062a\u0648\u0641\u064a\u0631\u0647\u0627 \u0641\u064a \u062c\u0645\u064a\u0639 \u0623\u0646\u062d\u0627\u0621 \u0627\u0644\u0639\u0627\u0644\u0645. \u064a\u0645\u0643\u0646 \u0623\u0646 \u062a\u0643\u0648\u0646 \u0627\u0644\u0646\u0645\u0627\u0630\u062c \u0627\u0644\u0646\u0645\u0648\u0630\u062c\u064a\u0629 \u0645\u062a\u0648\u0641\u0631\u0629 \u0641\u064a \u062c\u0645\u064a\u0639 \u0623\u0646\u062d\u0627\u0621 \u0627\u0644\u0639\u0627\u0644\u0645 \u0641\u064a \u062c\u0645\u064a\u0639 \u0623\u0646\u062d\u0627\u0621 \u0627\u0644\u0639\u0627\u0644\u0645. \u0643\u0645\u0627 \u0623\u0646 \u0627\u0644\u062a\u0635\u0645\u064a\u0645\u0627\u062a \u0627\u0644\u0637\u0628\u064a\u0639\u064a\u0629 \u0623\u0648 \u0627\u0644\u0646\u062c\u0645\u064a\u0629 \u0627\u0644\u0645\u062a\u0646\u0627\u0633\u0642\u0629 \u0648\u0627\u0644\u0645\u062a\u0646\u0627\u063a\u0645\u0629 \u0645\u0639 \u0628\u0639\u0636\u0647\u0627 \u0627\u0644\u0628\u0639\u0636 - \u0648\u0627\u0644\u062a\u064a \u064a\u0645\u0643\u0646 \u0623\u0646 \u062a\u0643\u0648\u0646 \u0645\u062a\u0646\u0627\u0633\u0642\u0629 \u0645\u0639 \u0628\u0639\u0636\u0647\u0627 \u0627\u0644\u0628\u0639\u0636 - \u064a\u0645\u0643\u0646 \u0623\u0646 \u062a\u0643\u0648\u0646 \u0645\u062a\u0646\u0627\u0633\u0642\u0629 \u0645\u0639 \u0628\u0639\u0636\u0647\u0627 \u0627\u0644\u0628\u0639\u0636 \u0641\u064a \u0646\u0641\u0633 \u0627\u0644\u0648\u0642\u062a.<\/p>\n<p data-start=\"661\" data-end=\"680\"><strong data-start=\"661\" data-end=\"680\">\u0643\u0644\u0648\u062a\u0634\u0648\u0641\u064a \u0633\u064a\u062a\u0634\u064a<\/strong><\/p>\n<ul data-start=\"682\" data-end=\"1301\">\n<li data-start=\"682\" data-end=\"810\"><strong data-start=\"684\" data-end=\"706\">\u0627\u0644\u0639\u0644\u0627\u0648\u0629 \u0627\u0644\u0645\u0627\u062f\u064a\u0629:<\/strong> \u064a\u062c\u0628 \u0623\u0646 \u062a\u0643\u0648\u0646 \u0647\u0646\u0627\u0643 \u062d\u0627\u062c\u0629 \u0625\u0644\u0649 \u0623\u0646 \u064a\u0643\u0648\u0646 \u0647\u0646\u0627\u0643 \u0645\u0627 \u064a\u0643\u0641\u064a \u0645\u0646 \u0627\u0644\u0645\u0639\u0644\u0648\u0645\u0627\u062a \u0639\u0646 \u0637\u0628\u064a\u0639\u0629 \u0639\u0645\u0644\u0646\u0627.<\/li>\n<li data-start=\"811\" data-end=\"930\"><strong data-start=\"813\" data-end=\"833\">\u062a\u0635\u0645\u064a\u0645 \u064a\u0648\u0646\u064a\u0643\u0627\u0644\u0646\u064a:<\/strong> \u064a\u0645\u0643\u0646\u0643\u0645 \u0627\u0644\u0627\u0637\u0644\u0627\u0639 \u0639\u0644\u0649 \u0627\u0644\u062a\u0641\u0627\u0635\u064a\u0644 \u0627\u0644\u062a\u0641\u0635\u064a\u0644\u064a\u0629 \u0627\u0644\u062a\u0627\u0644\u064a\u0629: \"\u0644\u0627 \u062a\u0648\u062c\u062f \u062a\u0641\u0627\u0635\u064a\u0644 \u062f\u0642\u064a\u0642\u0629 \u0641\u064a \u0647\u0630\u0627 \u0627\u0644\u0645\u0642\u0627\u0644.<\/li>\n<li data-start=\"931\" data-end=\"1054\"><strong data-start=\"933\" data-end=\"954\">R\u0119czne wykonanie:<\/strong> \u062a\u0645 \u0625\u0639\u062f\u0627\u062f \u0647\u0630\u0627 \u0627\u0644\u062a\u0642\u0631\u064a\u0631 \u0645\u0646 \u0642\u0628\u0644 \u0634\u0631\u0643\u0629 Precyzyzyjna praca do\u015bwiadczonych rzemie\u015blnik\u00f3nov zapewnia najwy\u017cs\u0105 jako\u015b\u0107 i dbao\u015b\u0107 o ka\u017c\u017cdy szczeg\u00f3g\u00f3\u0142.<\/li>\n<li data-start=\"1055\" data-end=\"1171\"><strong data-start=\"1057\" data-end=\"1077\">\u0633\u064a\u0634\u0633\u062a\u0631\u0648\u0646\u0648\u0641\u064a\u062a\u0634:<\/strong> \u0645\u062b\u0627\u0644\u064a \u0644\u0644\u0627\u0633\u062a\u062e\u062f\u0627\u0645 \u0627\u0644\u0645\u062b\u0627\u0644\u064a \u0644\u0644\u0623\u0646\u0627\u0642\u0629 \u0641\u064a \u062a\u0635\u0645\u064a\u0645 \u0623\u0646\u064a\u0642 \u0648\u0645\u062b\u0627\u0644\u064a \u0641\u064a \u062a\u0635\u0645\u064a\u0645\u0627\u062a \u0623\u0646\u064a\u0642\u0629 \u0623\u0648 \u0641\u064a \u062a\u0635\u0645\u064a\u0645\u0627\u062a \u062e\u0627\u0635\u0629.<\/li>\n<li data-start=\"1172\" data-end=\"1301\"><strong data-start=\"1174\" data-end=\"1194\">\u0625\u064a\u062f\u064a\u0627\u0644\u0646\u064a \u0628\u0631\u064a\u0632\u0646\u062a<\/strong> \u064a\u0645\u0643\u0646\u0643 \u0627\u0644\u0627\u0633\u062a\u0631\u062e\u0627\u0621 \u0641\u064a \u0645\u0643\u0627\u0646 \u0623\u0646\u064a\u0642 \u0648\u0645\u0631\u064a\u062d\u060c \u0645\u0639 \u0645\u0631\u0627\u0639\u0627\u0629 \u0623\u0646 \u064a\u0643\u0648\u0646 \u0630\u0644\u0643 \u0641\u064a \u0645\u0643\u0627\u0646 \u0623\u0646\u064a\u0642 \u0648\u0645\u0631\u064a\u062d\u060c \u0645\u0639 \u0645\u0631\u0627\u0639\u0627\u0629 \u0623\u0646 \u064a\u0643\u0648\u0646 \u0630\u0644\u0643 \u0641\u064a \u0645\u0643\u0627\u0646 \u0623\u0646\u064a\u0642 \u0648\u0645\u0631\u064a\u062d.<\/li>\n<\/ul>\n<p data-start=\"1303\" data-end=\"1507\" data-is-last-node=\"\" data-is-only-node=\"\">\u064a\u062c\u0628 \u0623\u0646 \u064a\u0643\u0648\u0646 \u0644\u062f\u064a\u0643 \u0645\u0627 \u064a\u0643\u0641\u064a \u0645\u0646 \u0627\u0644\u0645\u0627\u0644 \u0644\u062a\u063a\u0637\u064a\u0629 \u0646\u0641\u0642\u0627\u062a\u0643 \u0641\u064a \u0627\u0644\u0645\u0646\u0632\u0644 \u0623\u0648 \u0641\u064a \u0623\u064a \u0645\u0643\u0627\u0646 \u0622\u062e\u0631 \u0641\u064a \u0627\u0644\u0639\u0627\u0644\u0645. \u0644\u0627 \u064a\u0645\u0643\u0646\u0646\u064a \u0623\u0646 \u0623\u062a\u062d\u062f\u062b \u0639\u0646 \u0647\u0630\u0627 \u0627\u0644\u0623\u0645\u0631 \u0639\u0644\u0649 \u0627\u0644\u0625\u0637\u0644\u0627\u0642 - \u0648\u0644\u0643\u0646 \u064a\u0645\u0643\u0646\u0646\u064a \u0623\u0646 \u0623\u062a\u062d\u062f\u062b \u0639\u0646 \u0647\u0630\u0627 \u0627\u0644\u0623\u0645\u0631 \u0641\u064a \u0648\u0642\u062a \u0644\u0627\u062d\u0642.<\/p>","protected":false},"excerpt":{"rendered":"<p>\u0643\u064a\u0627\u0631\u0627 \u0627\u0644\u0643\u0647\u0631\u0645\u0627\u0646 \u0627\u0644\u0630\u0647\u0628\u064a \u0627\u0644\u0643\u0647\u0631\u0645\u0627\u0646\u064a - \u0645\u0646 \u0623\u062c\u0644 \u0627\u0644\u062d\u0641\u0627\u0638 \u0639\u0644\u0649 \u062c\u0645\u0627\u0644 \u0627\u0644\u0637\u0628\u064a\u0639\u0629 \u0648\u062e\u0635\u0627\u0626\u0635\u0647\u0627 \u0627\u0644\u0637\u0628\u064a\u0639\u064a\u0629 \u0627\u0644\u062a\u064a \u062a\u062c\u0639\u0644\u0647\u0627 \u0645\u0646\u0627\u0633\u0628\u0629 \u0644\u0644\u0627\u0633\u062a\u062e\u062f\u0627\u0645 \u0641\u064a \u062c\u0645\u064a\u0639 \u0623\u0646\u062d\u0627\u0621 \u0627\u0644\u0639\u0627\u0644\u0645. \u0643\u0645\u0627 \u064a\u0645\u0643\u0646 \u0623\u0646 \u064a\u0643\u0648\u0646 \u0647\u0646\u0627\u0643 \u0627\u0644\u0643\u062b\u064a\u0631 \u0645\u0646 \u0627\u0644\u062a\u0628\u0627\u064a\u0646 \u0641\u064a \u0623\u0633\u0644\u0648\u0628 \u0627\u0644\u0639\u0645\u0644 \u0627\u0644\u0630\u064a \u0644\u0627 \u064a\u0645\u0643\u0646 \u0623\u0646 \u064a\u0643\u0648\u0646 \u0644\u0647 \u0623\u064a \u062a\u0623\u062b\u064a\u0631 \u0639\u0644\u0649 \u0645\u0633\u062a\u0648\u0649 \u0627\u0644\u0645\u0639\u064a\u0634\u0629.<\/p>","protected":false},"featured_media":897,"comment_status":"closed","ping_status":"closed","template":"","meta":{"_kad_blocks_custom_css":"","_kad_blocks_head_custom_js":"","_kad_blocks_body_custom_js":"","_kad_blocks_footer_custom_js":"","_kad_post_transparent":"default","_kad_post_title":"","_kad_post_layout":"default","_kad_post_sidebar_id":"","_kad_post_content_style":"default","_kad_post_vertical_padding":"default","_kad_post_feature":"","_kad_post_feature_position":"","_kad_post_header":false,"_kad_post_footer":false,"_kad_post_classname":""},"product_brand":[172],"product_cat":[210],"product_tag":[],"class_list":{"0":"post-877","1":"product","2":"type-product","3":"status-publish","4":"has-post-thumbnail","6":"product_brand-mint-of-gold","7":"product_cat-amber-gold","9":"first","10":"instock","11":"shipping-taxable","12":"product-type-simple","13":"entry","14":"content-bg","15":"loop-entry"},"taxonomy_info":{"product_brand":[{"value":172,"label":"MINT OF GOLD"}],"product_cat":[{"value":210,"label":"Amber Gold"}]},"featured_image_src_large":["https:\/\/www.mintofgold.com\/wp-content\/uploads\/2025\/03\/kiara3.webp",1024,1024,false],"author_info":[],"comment_info":0,"_links":{"self":[{"href":"https:\/\/www.mintofgold.com\/ar\/wp-json\/wp\/v2\/product\/877","targetHints":{"allow":["GET"]}}],"collection":[{"href":"https:\/\/www.mintofgold.com\/ar\/wp-json\/wp\/v2\/product"}],"about":[{"href":"https:\/\/www.mintofgold.com\/ar\/wp-json\/wp\/v2\/types\/product"}],"replies":[{"embeddable":true,"href":"https:\/\/www.mintofgold.com\/ar\/wp-json\/wp\/v2\/comments?post=877"}],"wp:featuredmedia":[{"embeddable":true,"href":"https:\/\/www.mintofgold.com\/ar\/wp-json\/wp\/v2\/media\/897"}],"wp:attachment":[{"href":"https:\/\/www.mintofgold.com\/ar\/wp-json\/wp\/v2\/media?parent=877"}],"wp:term":[{"taxonomy":"product_brand","embeddable":true,"href":"https:\/\/www.mintofgold.com\/ar\/wp-json\/wp\/v2\/product_brand?post=877"},{"taxonomy":"product_cat","embeddable":true,"href":"https:\/\/www.mintofgold.com\/ar\/wp-json\/wp\/v2\/product_cat?post=877"},{"taxonomy":"product_tag","embeddable":true,"href":"https:\/\/www.mintofgold.com\/ar\/wp-json\/wp\/v2\/product_tag?post=877"}],"curies":[{"name":"\u062f\u0628\u0644\u064a\u0648 \u0628\u064a","href":"https:\/\/api.w.org\/{rel}","templated":true}]}}