{"id":76,"date":"2025-02-21T09:24:27","date_gmt":"2025-02-21T08:24:27","guid":{"rendered":"https:\/\/mintofgold.com\/?post_type=product&#038;p=76"},"modified":"2025-02-28T14:15:47","modified_gmt":"2025-02-28T13:15:47","slug":"fortuna-gold-minted-bar-10g","status":"publish","type":"product","link":"https:\/\/www.mintofgold.com\/ar\/fortuna-gold-minted-bar-10g\/","title":{"rendered":"\u0633\u0628\u064a\u0643\u0629 \u0641\u0648\u0631\u062a\u0648\u0646\u0627 \u062c\u0648\u0644\u062f \u0645\u064a\u0646\u062a\u064a\u062f - 10 \u062c\u0645"},"content":{"rendered":"<p>\u0628\u0627\u0645 \u0628\u0627\u0645\u0628 PAMP \u0645\u0646 \u062e\u0644\u0627\u0644 \u0648\u0636\u0639 \u0639\u0644\u0627\u0645\u0629 \u0645\u064a\u062a\u0627\u0644 \u0645\u064a\u062a\u0627\u0644 \u0639\u0644\u0649 \u0627\u0644\u0645\u0639\u062f\u0646 \u060c \u062d\u064a\u062b \u064a\u062a\u0645 \u0625\u0639\u0627\u062f\u0629 \u062a\u062f\u0648\u064a\u0631\u0647\u0627 \u0641\u064a \u0648\u0642\u062a \u0648\u0627\u062d\u062f. \u0641\u064a \u0639\u0627\u0645 1979\u060c \u0643\u0627\u0646\u062a \u0644\u064a\u062f\u064a \u0641\u0648\u0631\u062a\u0648\u0646\u0627 \u0641\u064a \u0639\u0627\u0645 1979\u060c \u0643\u0627\u0646\u062a \u0644\u064a\u062f\u064a \u0641\u0648\u0631\u062a\u0648\u0646\u0627 \u0641\u064a \u0639\u0627\u0645 1979\u060c \u0648\u0647\u064a \u0645\u0646 \u0628\u064a\u0646 \u0623\u0643\u062b\u0631 \u0645\u0646 100 \u0641\u0646\u0627\u0646 \u0641\u064a \u0627\u0644\u0639\u0627\u0644\u0645 \u0627\u0644\u0639\u0631\u0628\u064a \u0641\u064a \u0645\u062c\u0627\u0644 \u0627\u0644\u0641\u0646 \u0627\u0644\u062a\u0634\u0643\u064a\u0644\u064a. \u064a\u0645\u0643\u0646 \u0623\u0646 \u064a\u0643\u0648\u0646 \u0627\u0644\u0631\u0645\u0632 \u0645\u062a\u0627\u062d\u064b\u0627 \u0641\u064a \u062c\u0645\u064a\u0639 \u0623\u0646\u062d\u0627\u0621 \u0627\u0644\u0639\u0627\u0644\u0645 \u0645\u0646 \u062e\u0644\u0627\u0644 \u0627\u0633\u062a\u062e\u062f\u0627\u0645 \u0627\u0644\u0631\u0645\u0648\u0632 \u0627\u0644\u062a\u064a \u064a\u0645\u0643\u0646 \u0623\u0646 \u062a\u0643\u0648\u0646 \u0645\u0641\u064a\u062f\u0629 \u0641\u064a \u062c\u0645\u064a\u0639 \u0623\u0646\u062d\u0627\u0621 \u0627\u0644\u0639\u0627\u0644\u0645: \u0627\u0644\u0631\u0645\u0648\u0632 \u0627\u0644\u062a\u064a \u064a\u0645\u0643\u0646 \u0623\u0646 \u062a\u0643\u0648\u0646 \u0645\u0641\u064a\u062f\u0629 \u0641\u064a \u062c\u0645\u064a\u0639 \u0623\u0646\u062d\u0627\u0621 \u0627\u0644\u0639\u0627\u0644\u0645.<\/p>\n<p>\u0644\u0627 \u062f\u0627\u0639\u064a \u0644\u0644\u0642\u0644\u0642\u060c \u0641\u0627\u0644\u0633\u064a\u062f\u0629 \u0641\u0648\u0631\u062a\u0648\u0646\u0627 \u0633\u062a\u0639\u0645\u0644 \u0639\u0644\u0649 \u062a\u0646\u0641\u064a\u0630 \u0645\u0634\u0631\u0648\u0639 \u0636\u062e\u0645 \u0641\u064a \u0627\u0644\u0648\u0644\u0627\u064a\u0627\u062a \u0627\u0644\u0645\u062a\u062d\u062f\u0629 \u0627\u0644\u0623\u0645\u0631\u064a\u0643\u064a\u0629. \u0648\u0642\u062f \u062a\u0645 \u0625\u0639\u062f\u0627\u062f \u0647\u0630\u0627 \u0627\u0644\u0645\u0634\u0631\u0648\u0639 \u0645\u0646 \u0642\u0628\u0644 \u0634\u0631\u0643\u0629 Szwajcarski Federal Urz\u0105d\u060c \u062d\u064a\u062b \u062a\u0645 \u0625\u0639\u062f\u0627\u062f\u0647 \u0628\u0634\u0643\u0644 \u0641\u0631\u062f\u064a \u0645\u0646 \u062e\u0644\u0627\u0644 \u0639\u0645\u0644\u064a\u0629 \u0625\u0635\u062f\u0627\u0631 \u0634\u0647\u0627\u062f\u0627\u062a \u0627\u0644\u0634\u0647\u0627\u062f\u0627\u062a\u060c \u0648\u0647\u0648 \u0645\u0627 \u064a\u0639\u0646\u064a \u0623\u0646 \u0647\u0630\u0627 \u0627\u0644\u0645\u0634\u0631\u0648\u0639 \u0633\u064a\u0648\u0641\u0631 \u0634\u0647\u0627\u062f\u0627\u062a \u0645\u0639\u062a\u0645\u062f\u0629 \u0645\u0646 \u0642\u0628\u0644 \u0648\u0632\u0627\u0631\u0629 \u0627\u0644\u062e\u0627\u0631\u062c\u064a\u0629 \u0627\u0644\u0623\u0645\u0631\u064a\u0643\u064a\u0629.<\/p>","protected":false},"excerpt":{"rendered":"<p>PAMP by\u0142a pierwsz\u0105 mark\u0105 metali szlachetnych, kt\u00f3ra kiedykolwiek udekorowa\u0142a rewers swoich bitych sztabek. Wprowadzona w 1979 roku, Lady Fortuna&#x2122; by\u0142a pierwotnym motywem artystycznym i jest dzi\u015b na ca\u0142ym \u015bwiecie uznawana za zaufany symbol zapewniaj\u0105cy doskona\u0142o\u015b\u0107 jako\u015bci i autentyczno\u015b\u0107 PAMP. Z charakterystycznym wyko\u0144czeniem przypominaj\u0105cym stempel, rzymska bogini dobrobytu jest przedstawiona ze wszystkimi swoimi mitycznymi atrybutami: k\u0142osami&#8230;<\/p>","protected":false},"featured_media":77,"comment_status":"closed","ping_status":"closed","template":"","meta":{"_kad_blocks_custom_css":"","_kad_blocks_head_custom_js":"","_kad_blocks_body_custom_js":"","_kad_blocks_footer_custom_js":"","_kad_post_transparent":"default","_kad_post_title":"","_kad_post_layout":"default","_kad_post_sidebar_id":"","_kad_post_content_style":"default","_kad_post_vertical_padding":"default","_kad_post_feature":"","_kad_post_feature_position":"","_kad_post_header":false,"_kad_post_footer":false,"_kad_post_classname":""},"product_brand":[20],"product_cat":[21],"product_tag":[],"class_list":{"0":"post-76","1":"product","2":"type-product","3":"status-publish","4":"has-post-thumbnail","6":"product_brand-pamp","7":"product_cat-sztabki-zlota","8":"pa_grubosc-1-25-mm","9":"pa_metal-zloto","10":"pa_proba-23","11":"pa_rozmiar-15-8-x-26-5-mm","12":"pa_waga-10g","14":"first","15":"instock","16":"shipping-taxable","17":"product-type-simple","18":"entry","19":"content-bg","20":"loop-entry"},"taxonomy_info":{"product_brand":[{"value":20,"label":"PAMP"}],"product_cat":[{"value":21,"label":"Sztabki z\u0142ota"}],"pa_grubosc":[{"value":56,"label":"1.25 mm"}],"pa_metal":[{"value":98,"label":"Z\u0142oto"}],"pa_proba":[{"value":23,"label":"999,9"}],"pa_rozmiar":[{"value":55,"label":"15.8 x 26.5 mm"}],"pa_waga":[{"value":79,"label":"10g"}]},"featured_image_src_large":["https:\/\/www.mintofgold.com\/wp-content\/uploads\/2025\/02\/Fortuna_Gold_Minted_Bar_10g.png",1000,1000,false],"author_info":[],"comment_info":0,"_links":{"self":[{"href":"https:\/\/www.mintofgold.com\/ar\/wp-json\/wp\/v2\/product\/76","targetHints":{"allow":["GET"]}}],"collection":[{"href":"https:\/\/www.mintofgold.com\/ar\/wp-json\/wp\/v2\/product"}],"about":[{"href":"https:\/\/www.mintofgold.com\/ar\/wp-json\/wp\/v2\/types\/product"}],"replies":[{"embeddable":true,"href":"https:\/\/www.mintofgold.com\/ar\/wp-json\/wp\/v2\/comments?post=76"}],"wp:featuredmedia":[{"embeddable":true,"href":"https:\/\/www.mintofgold.com\/ar\/wp-json\/wp\/v2\/media\/77"}],"wp:attachment":[{"href":"https:\/\/www.mintofgold.com\/ar\/wp-json\/wp\/v2\/media?parent=76"}],"wp:term":[{"taxonomy":"product_brand","embeddable":true,"href":"https:\/\/www.mintofgold.com\/ar\/wp-json\/wp\/v2\/product_brand?post=76"},{"taxonomy":"product_cat","embeddable":true,"href":"https:\/\/www.mintofgold.com\/ar\/wp-json\/wp\/v2\/product_cat?post=76"},{"taxonomy":"product_tag","embeddable":true,"href":"https:\/\/www.mintofgold.com\/ar\/wp-json\/wp\/v2\/product_tag?post=76"}],"curies":[{"name":"\u062f\u0628\u0644\u064a\u0648 \u0628\u064a","href":"https:\/\/api.w.org\/{rel}","templated":true}]}}