{"id":70,"date":"2025-02-21T09:18:56","date_gmt":"2025-02-21T08:18:56","guid":{"rendered":"https:\/\/mintofgold.com\/?post_type=product&#038;p=70"},"modified":"2025-02-28T14:15:11","modified_gmt":"2025-02-28T13:15:11","slug":"fortuna-gold-minted-bar-1-oz","status":"publish","type":"product","link":"https:\/\/www.mintofgold.com\/ar\/fortuna-gold-minted-bar-1-oz\/","title":{"rendered":"\u0633\u0628\u064a\u0643\u0629 \u0641\u0648\u0631\u062a\u0648\u0646\u0627 \u062c\u0648\u0644\u062f \u0645\u064a\u0646\u062a\u064a\u062f - 1 \u0623\u0648\u0646\u0635\u0629"},"content":{"rendered":"<p data-start=\"0\" data-end=\"279\">\u0628\u0627\u0645\u0628 \u0628\u0627\u0645 \u0628\u0627\u0645\u0628 PAMP \u0645\u0646 \u062e\u0644\u0627\u0644 \u0648\u0636\u0639 \u0639\u0644\u0627\u0645\u0629 \u0645\u064a\u062a\u0627\u0644 \u0645\u064a\u062a\u0627\u0644 \u0645\u064a\u062a\u0627\u0644\u0643\u060c \u062d\u064a\u062b \u064a\u062a\u0645 \u0625\u0639\u0627\u062f\u0629 \u062a\u062f\u0648\u064a\u0631\u0647\u0627 \u0641\u064a \u062c\u0645\u064a\u0639 \u0623\u0646\u062d\u0627\u0621 \u0627\u0644\u0639\u0627\u0644\u0645. \u0641\u064a \u0639\u0627\u0645 1979\u060c \u0643\u0627\u0646\u062a \u0644\u064a\u062f\u064a \u0641\u0648\u0631\u062a\u0648\u0646\u0627 \u0641\u064a \u0639\u0627\u0645 1979\u060c \u0643\u0627\u0646\u062a \u0639\u0644\u0627\u0645\u0629 \u0639\u0644\u0649 \u0623\u0646 \u062a\u0643\u0648\u0646 \u0639\u0644\u0627\u0645\u0629 \u0639\u0644\u0649 \u0627\u0644\u0641\u0646 \u0627\u0644\u062a\u0634\u0643\u064a\u0644\u064a \u0641\u064a \u0639\u0627\u0644\u0645 \u0627\u0644\u0645\u0648\u0633\u064a\u0642\u0649\u060c \u0648\u0644\u0643\u0646 \u0628\u0639\u062f \u0630\u0644\u0643 \u0623\u0635\u0628\u062d\u062a \u0639\u0644\u0627\u0645\u0629 \u0639\u0644\u0649 \u0623\u0646 \u062a\u0643\u0648\u0646 \u0639\u0644\u0627\u0645\u0629 \u0639\u0644\u0649 \u0623\u0646 \u062a\u0643\u0648\u0646 \u0631\u0645\u0632\u064b\u0627 \u0644\u0644\u0645\u0648\u0633\u064a\u0642\u0649.<\/p>\n<p data-start=\"281\" data-end=\"500\">\u064a\u0645\u0643\u0646\u0643\u0645 \u0627\u0644\u0627\u0637\u0644\u0627\u0639 \u0639\u0644\u0649 \u0642\u0627\u0626\u0645\u0629 \u0628\u0627\u0644\u0645\u062a\u0637\u0644\u0628\u0627\u062a \u0627\u0644\u0623\u0633\u0627\u0633\u064a\u0629 \u0644\u0644\u0645\u0648\u0638\u0641\u064a\u0646 \u0627\u0644\u0630\u064a\u0646 \u0633\u064a\u062d\u0635\u0644\u0648\u0646 \u0639\u0644\u0649 \u0648\u0638\u0627\u0626\u0641 \u0641\u064a \u0645\u062c\u0627\u0644 \u0627\u0644\u0623\u0639\u0645\u0627\u0644 \u0627\u0644\u062a\u062c\u0627\u0631\u064a\u0629: \u0645\u062b\u0644: \u0625\u062f\u0627\u0631\u0629 \u0627\u0644\u0623\u0639\u0645\u0627\u0644 \u0627\u0644\u062a\u062c\u0627\u0631\u064a\u0629 \u0648\u0627\u0644\u0645\u0627\u0644\u064a\u0629 \u0648\u0627\u0644\u0645\u062d\u0627\u0633\u0628\u0629 \u0648\u0627\u0644\u0645\u062d\u0627\u0633\u0628\u0629 \u0639\u0644\u0649 \u0627\u0644\u0623\u0645\u0648\u0627\u0644\u060c \u0648\u0627\u0644\u0645\u062d\u0627\u0633\u0628\u0629 \u0639\u0644\u0649 \u0627\u0644\u0623\u0645\u0648\u0627\u0644\u060c \u0648\u0627\u0644\u0645\u062d\u0627\u0633\u0628\u0629 \u0639\u0644\u0649 \u0627\u0644\u0623\u0645\u0648\u0627\u0644\u060c \u0648\u0627\u0644\u0645\u062d\u0627\u0633\u0628\u0629 \u0639\u0644\u0649 \u0627\u0644\u0623\u0645\u0648\u0627\u0644.<\/p>\n<p data-start=\"502\" data-end=\"638\">\u064a\u0645\u0643\u0646\u0643\u0645 \u0632\u064a\u0627\u0631\u0629 \u0645\u0648\u0642\u0639 \u0644\u064a\u062f\u064a \u0641\u0648\u0631\u062a\u0648\u0646\u0627 \u0639\u0644\u0649 \u0627\u0644\u0625\u0646\u062a\u0631\u0646\u062a \u0645\u0646 \u062e\u0644\u0627\u0644 \u0645\u0648\u0642\u0639\u0646\u0627 \u0639\u0644\u0649 \u0627\u0644\u0625\u0646\u062a\u0631\u0646\u062a.<\/p>\n<p data-start=\"640\" data-end=\"934\" data-is-last-node=\"\">\u064a\u062a\u0645 \u0627\u0633\u062a\u062e\u062f\u0627\u0645 \u0647\u0630\u0647 \u0627\u0644\u0634\u0647\u0627\u062f\u0627\u062a\u060c \u0627\u0644\u062a\u064a \u064a\u062a\u0645 \u0627\u0644\u062d\u0635\u0648\u0644 \u0639\u0644\u064a\u0647\u0627 \u0645\u0646 \u062e\u0644\u0627\u0644 \u0639\u0645\u0644\u064a\u0629 \u0627\u0644\u062a\u0635\u062f\u064a\u0642 \u0639\u0644\u0649 \u0634\u0647\u0627\u062f\u0627\u062a \u0627\u0644\u0634\u0647\u0627\u062f\u0627\u062a\u060c \u0641\u064a \u0625\u0637\u0627\u0631 \u0639\u0645\u0644\u064a\u0629 \u0627\u0644\u062a\u0635\u062f\u064a\u0642 \u0639\u0644\u0649 \u0634\u0647\u0627\u062f\u0627\u062a \u0627\u0644\u0634\u0647\u0627\u062f\u0627\u062a\u060c \u0641\u064a \u062c\u0645\u064a\u0639 \u0623\u0646\u062d\u0627\u0621 \u0627\u0644\u0639\u0627\u0644\u0645, \u062d\u064a\u062b \u064a\u062a\u0645 \u0627\u0633\u062a\u062e\u062f\u0627\u0645 \u0647\u0630\u0647 \u0627\u0644\u0634\u0647\u0627\u062f\u0627\u062a\u060c \u0645\u0639 \u0645\u0631\u0627\u0639\u0627\u0629 \u0623\u0646 \u062a\u0643\u0648\u0646 \u0647\u0630\u0647 \u0627\u0644\u0634\u0647\u0627\u062f\u0627\u062a\u060c \u0627\u0644\u062a\u064a \u064a\u062a\u0645 \u0627\u0644\u062d\u0635\u0648\u0644 \u0639\u0644\u064a\u0647\u0627 \u0645\u0646 \u062e\u0644\u0627\u0644 \u0639\u0645\u0644\u064a\u0629 \u0627\u0644\u062a\u0635\u062f\u064a\u0642 \u0639\u0644\u0649 \u0627\u0644\u0634\u0647\u0627\u062f\u0627\u062a.<\/p>","protected":false},"excerpt":{"rendered":"<p>PAMP by\u0142a pierwsz\u0105 mark\u0105 metali szlachetnych, kt\u00f3ra ozdobi\u0142a rewersy swoich wybitych sztabek. Wprowadzona w 1979 roku Lady Fortuna&#x2122; by\u0142a pierwszym z tych artystycznych motyw\u00f3w i do dzi\u015b jest \u015bwiatowo rozpoznawalnym symbolem, gwarantuj\u0105cym najwy\u017csz\u0105 jako\u015b\u0107 i autentyczno\u015b\u0107 PAMP. Dzi\u0119ki charakterystycznemu, lustrzanemu wyko\u0144czeniu rzymska bogini dobrobytu jest przedstawiona ze wszystkimi swoimi mitycznymi atrybutami: snopami pszenicy, makami, rogiem&#8230;<\/p>","protected":false},"featured_media":71,"comment_status":"closed","ping_status":"closed","template":"","meta":{"_kad_blocks_custom_css":"","_kad_blocks_head_custom_js":"","_kad_blocks_body_custom_js":"","_kad_blocks_footer_custom_js":"","_kad_post_transparent":"default","_kad_post_title":"","_kad_post_layout":"default","_kad_post_sidebar_id":"","_kad_post_content_style":"default","_kad_post_vertical_padding":"default","_kad_post_feature":"","_kad_post_feature_position":"","_kad_post_header":false,"_kad_post_footer":false,"_kad_post_classname":""},"product_brand":[20],"product_cat":[21],"product_tag":[],"class_list":{"0":"post-70","1":"product","2":"type-product","3":"status-publish","4":"has-post-thumbnail","6":"product_brand-pamp","7":"product_cat-sztabki-zlota","8":"pa_grubosc-1-66-mm","9":"pa_metal-zloto","10":"pa_proba-23","11":"pa_rozmiar-24x41-mm","12":"pa_waga-1-oz-t","14":"first","15":"instock","16":"shipping-taxable","17":"product-type-simple","18":"entry","19":"content-bg","20":"loop-entry"},"taxonomy_info":{"product_brand":[{"value":20,"label":"PAMP"}],"product_cat":[{"value":21,"label":"Sztabki z\u0142ota"}],"pa_grubosc":[{"value":48,"label":"1.66 mm"}],"pa_metal":[{"value":98,"label":"Z\u0142oto"}],"pa_proba":[{"value":23,"label":"999,9"}],"pa_rozmiar":[{"value":24,"label":"24x41 mm"}],"pa_waga":[{"value":76,"label":"1 oz t"}]},"featured_image_src_large":["https:\/\/www.mintofgold.com\/wp-content\/uploads\/2025\/02\/Fortuna_Gold_Minted_Bar_1_oz.png",1000,1000,false],"author_info":[],"comment_info":0,"_links":{"self":[{"href":"https:\/\/www.mintofgold.com\/ar\/wp-json\/wp\/v2\/product\/70","targetHints":{"allow":["GET"]}}],"collection":[{"href":"https:\/\/www.mintofgold.com\/ar\/wp-json\/wp\/v2\/product"}],"about":[{"href":"https:\/\/www.mintofgold.com\/ar\/wp-json\/wp\/v2\/types\/product"}],"replies":[{"embeddable":true,"href":"https:\/\/www.mintofgold.com\/ar\/wp-json\/wp\/v2\/comments?post=70"}],"wp:featuredmedia":[{"embeddable":true,"href":"https:\/\/www.mintofgold.com\/ar\/wp-json\/wp\/v2\/media\/71"}],"wp:attachment":[{"href":"https:\/\/www.mintofgold.com\/ar\/wp-json\/wp\/v2\/media?parent=70"}],"wp:term":[{"taxonomy":"product_brand","embeddable":true,"href":"https:\/\/www.mintofgold.com\/ar\/wp-json\/wp\/v2\/product_brand?post=70"},{"taxonomy":"product_cat","embeddable":true,"href":"https:\/\/www.mintofgold.com\/ar\/wp-json\/wp\/v2\/product_cat?post=70"},{"taxonomy":"product_tag","embeddable":true,"href":"https:\/\/www.mintofgold.com\/ar\/wp-json\/wp\/v2\/product_tag?post=70"}],"curies":[{"name":"\u062f\u0628\u0644\u064a\u0648 \u0628\u064a","href":"https:\/\/api.w.org\/{rel}","templated":true}]}}