{"id":660,"date":"2025-02-20T11:52:59","date_gmt":"2025-02-20T10:52:59","guid":{"rendered":"https:\/\/mintofgold.com\/?post_type=product&#038;p=660"},"modified":"2025-02-28T17:19:39","modified_gmt":"2025-02-28T16:19:39","slug":"50-g-gold-999-9-combibar","status":"publish","type":"product","link":"https:\/\/www.mintofgold.com\/ar\/50-g-gold-999-9-combibar\/","title":{"rendered":"50 \u062c\u0631\u0627\u0645 \u0630\u0647\u0628 999.999.9 - \u0643\u0648\u0645\u0628\u064a \u0628\u0627\u0631"},"content":{"rendered":"<p>\u064a\u0645\u0643\u0646 \u0627\u0633\u062a\u062e\u062f\u0627\u0645 Heraeus CombiBar\u2122 \u0641\u064a \u062c\u0645\u064a\u0639 \u0623\u0646\u062d\u0627\u0621 \u0627\u0644\u0639\u0627\u0644\u0645: 20\u060c 50 \u0648100 \u0642\u0631\u0635 \u0645\u0646 \u0627\u0644\u0643\u0628\u0633\u0648\u0644\u0627\u062a \u0627\u0644\u0635\u063a\u064a\u0631\u0629 \u0627\u0644\u062a\u064a \u064a\u0628\u0644\u063a \u0648\u0632\u0646\u0647\u0627 1 \u062c\u0645\u060c \u0648\u0627\u0644\u062a\u064a \u064a\u0645\u0643\u0646 \u0627\u0633\u062a\u062e\u062f\u0627\u0645\u0647\u0627 \u0641\u064a \u062c\u0645\u064a\u0639 \u0623\u0646\u062d\u0627\u0621 \u0627\u0644\u0639\u0627\u0644\u0645. \u064a\u0645\u0643\u0646 \u0623\u0646 \u064a\u0643\u0648\u0646 \u0642\u062f \u062a\u0645 \u0627\u0644\u0639\u062b\u0648\u0631 \u0639\u0644\u0649 \u0647\u0630\u0647 \u0627\u0644\u0623\u062c\u0632\u0627\u0621 \u0641\u064a \u0648\u0642\u062a \u0644\u0627\u062d\u0642. \u064a\u0645\u0643\u0646 \u0623\u0646 \u064a\u0643\u0648\u0646 \u0647\u0630\u0627 \u0627\u0644\u062c\u0647\u0627\u0632 \u0645\u062a\u0627\u062d\u064b\u0627 \u0641\u064a \u0623\u064a \u0648\u0642\u062a. CombiBar\u2122 \u0643\u0648\u0645\u0628\u064a \u0628\u0627\u0631\u2122 \u0645\u0635\u0646\u0648\u0639 \u0645\u0646 \u0627\u0644\u0628\u0644\u0627\u0633\u062a\u064a\u0643 \u0648\u0627\u0644\u0628\u0644\u0627\u0633\u062a\u064a\u0643 \u0648\u0627\u0644\u062e\u0631\u0633\u0627\u0646\u0629. \u0648\u0644\u0643\u0646 \u064a\u0645\u0643\u0646 \u0623\u0646 \u064a\u0643\u0648\u0646 \u0647\u0630\u0627 \u0627\u0644\u0645\u0646\u062a\u062c \u0645\u062a\u0627\u062d\u064b\u0627 \u0641\u064a \u062c\u0645\u064a\u0639 \u0623\u0646\u062d\u0627\u0621 \u0627\u0644\u0639\u0627\u0644\u0645: 999,9.<\/p>","protected":false},"excerpt":{"rendered":"<p>Heraeus CombiBar&#x2122; jest dost\u0119pny w trzech rozmiarach: 20, 50 lub 100 pojedynczych sztabek z\u0142ota po 1 g, kt\u00f3re s\u0105 po\u0142\u0105czone, tworz\u0105c jedn\u0105 du\u017c\u0105 sztabk\u0119. Pojedyncze sztabki 1 g mo\u017cna \u0142atwo oddzieli\u0107 od siebie. Tylko du\u017ca sztabka posiada numer seryjny. CombiBar&#x2122; jest pakowany w plastikowe etui, kt\u00f3re zawiera r\u00f3wnie\u017c certyfikat. Czysto\u015b\u0107 jest taka sama jak w&#8230;<\/p>","protected":false},"featured_media":661,"comment_status":"closed","ping_status":"closed","template":"","meta":{"_kad_blocks_custom_css":"","_kad_blocks_head_custom_js":"","_kad_blocks_body_custom_js":"","_kad_blocks_footer_custom_js":"","_kad_post_transparent":"default","_kad_post_title":"","_kad_post_layout":"default","_kad_post_sidebar_id":"","_kad_post_content_style":"default","_kad_post_vertical_padding":"default","_kad_post_feature":"","_kad_post_feature_position":"","_kad_post_header":false,"_kad_post_footer":false,"_kad_post_classname":""},"product_brand":[66],"product_cat":[21],"product_tag":[],"class_list":{"0":"post-660","1":"product","2":"type-product","3":"status-publish","4":"has-post-thumbnail","6":"product_brand-heraeus-precious-metals","7":"product_cat-sztabki-zlota","8":"pa_metal-zloto","9":"pa_proba-23","10":"pa_rozmiar-74-x-52-5-x-0-85-mm","11":"pa_waga-50g","13":"first","14":"instock","15":"shipping-taxable","16":"product-type-simple","17":"entry","18":"content-bg","19":"loop-entry"},"taxonomy_info":{"product_brand":[{"value":66,"label":"HERAEUS - PRECIOUS METALS"}],"product_cat":[{"value":21,"label":"Sztabki z\u0142ota"}],"pa_metal":[{"value":98,"label":"Z\u0142oto"}],"pa_proba":[{"value":23,"label":"999,9"}],"pa_rozmiar":[{"value":190,"label":"74 x 52.5 x 0.85 mm"}],"pa_waga":[{"value":73,"label":"50g"}]},"featured_image_src_large":["https:\/\/www.mintofgold.com\/wp-content\/uploads\/2025\/02\/50g-gold-999-9-combibar-h-p-m-1024x1024.png",1024,1024,true],"author_info":[],"comment_info":0,"_links":{"self":[{"href":"https:\/\/www.mintofgold.com\/ar\/wp-json\/wp\/v2\/product\/660","targetHints":{"allow":["GET"]}}],"collection":[{"href":"https:\/\/www.mintofgold.com\/ar\/wp-json\/wp\/v2\/product"}],"about":[{"href":"https:\/\/www.mintofgold.com\/ar\/wp-json\/wp\/v2\/types\/product"}],"replies":[{"embeddable":true,"href":"https:\/\/www.mintofgold.com\/ar\/wp-json\/wp\/v2\/comments?post=660"}],"wp:featuredmedia":[{"embeddable":true,"href":"https:\/\/www.mintofgold.com\/ar\/wp-json\/wp\/v2\/media\/661"}],"wp:attachment":[{"href":"https:\/\/www.mintofgold.com\/ar\/wp-json\/wp\/v2\/media?parent=660"}],"wp:term":[{"taxonomy":"product_brand","embeddable":true,"href":"https:\/\/www.mintofgold.com\/ar\/wp-json\/wp\/v2\/product_brand?post=660"},{"taxonomy":"product_cat","embeddable":true,"href":"https:\/\/www.mintofgold.com\/ar\/wp-json\/wp\/v2\/product_cat?post=660"},{"taxonomy":"product_tag","embeddable":true,"href":"https:\/\/www.mintofgold.com\/ar\/wp-json\/wp\/v2\/product_tag?post=660"}],"curies":[{"name":"\u062f\u0628\u0644\u064a\u0648 \u0628\u064a","href":"https:\/\/api.w.org\/{rel}","templated":true}]}}