{"id":656,"date":"2025-02-20T11:56:52","date_gmt":"2025-02-20T10:56:52","guid":{"rendered":"https:\/\/mintofgold.com\/?post_type=product&#038;p=656"},"modified":"2025-02-28T16:50:29","modified_gmt":"2025-02-28T15:50:29","slug":"1-oz-gold-999-9-kinebar","status":"publish","type":"product","link":"https:\/\/www.mintofgold.com\/ar\/1-oz-gold-999-9-kinebar\/","title":{"rendered":"1 \u0623\u0648\u0646\u0635\u0629 \u0630\u0647\u0628 999.9 - \u0643\u064a\u0646\u0628\u0627\u0631 1 \u0623\u0648\u0646\u0635\u0629 - Kinebar"},"content":{"rendered":"<p>Kinebar\u00ae \u0644\u062a\u0643\u0646\u0648\u0644\u0648\u062c\u064a\u0627 \u0627\u0644\u0647\u0648\u0644\u0648\u063a\u0631\u0627\u0645\u0627\u062a \u0627\u0644\u062b\u0644\u0627\u062b\u064a\u0629 \u0627\u0644\u0623\u0628\u0639\u0627\u062f \u0641\u064a \u0645\u062c\u0627\u0644 \u062a\u0643\u0646\u0648\u0644\u0648\u062c\u064a\u0627 \u0627\u0644\u0647\u0648\u0644\u0648\u063a\u0631\u0627\u0645\u0627\u062a \u0627\u0644\u062b\u0644\u0627\u062b\u064a\u0629 \u0627\u0644\u0623\u0628\u0639\u0627\u062f. \u062a\u064f\u0633\u062a\u062e\u062f\u0645 \u062a\u0642\u0646\u064a\u0629 \u0627\u0644\u0647\u0648\u0644\u0648\u063a\u0631\u0627\u0645\u0627\u062a \u0627\u0644\u062b\u0644\u0627\u062b\u064a\u0629 \u0627\u0644\u0623\u0628\u0639\u0627\u062f \u0641\u064a \u062c\u0645\u064a\u0639 \u0623\u0646\u062d\u0627\u0621 \u0627\u0644\u0639\u0627\u0644\u0645 \u0641\u064a \u0645\u062c\u0627\u0644 \u062a\u0643\u0646\u0648\u0644\u0648\u062c\u064a\u0627 \u0627\u0644\u0635\u0648\u0631 \u0627\u0644\u0645\u062c\u0633\u0645\u0629. \u0644\u0627 \u064a\u0645\u0643\u0646 \u0623\u0646 \u062a\u0643\u0648\u0646 \u0647\u0630\u0647 \u0627\u0644\u062a\u0642\u0646\u064a\u0629 \u0645\u062a\u0648\u0641\u0631\u0629 \u0641\u064a \u062c\u0645\u064a\u0639 \u0623\u0646\u062d\u0627\u0621 \u0627\u0644\u0639\u0627\u0644\u0645 \u0648\u0644\u0643\u0646 \u064a\u0645\u0643\u0646 \u0627\u0633\u062a\u062e\u062f\u0627\u0645\u0647\u0627 \u0641\u064a \u062c\u0645\u064a\u0639 \u0623\u0646\u062d\u0627\u0621 \u0627\u0644\u0639\u0627\u0644\u0645. \u0635\u0648\u0631 \u062b\u0644\u0627\u062b\u064a\u0629 \u0627\u0644\u0623\u0628\u0639\u0627\u062f \u062a\u0648\u0636\u0639 \u0641\u064a \u0645\u0643\u0627\u0646 \u0648\u0627\u062d\u062f. \u0641\u064a \u062c\u0645\u064a\u0639 \u0623\u0646\u062d\u0627\u0621 \u0627\u0644\u0639\u0627\u0644\u0645\u060c \u064a\u062a\u0645 \u0625\u0646\u062a\u0627\u062c\u0647\u0627 \u0639\u0644\u0649 \u0646\u0637\u0627\u0642 \u0648\u0627\u0633\u0639\u060c \u062d\u064a\u062b \u064a\u062a\u0645 \u0627\u0633\u062a\u062e\u062f\u0627\u0645 \u0647\u0630\u0647 \u0627\u0644\u062a\u0642\u0646\u064a\u0629 \u0641\u064a \u062c\u0645\u064a\u0639 \u0623\u0646\u062d\u0627\u0621 \u0627\u0644\u0639\u0627\u0644\u0645 \u0641\u064a \u0639\u0645\u0644\u064a\u0629 \u0627\u0644\u0625\u0646\u062a\u0627\u062c\u060c \u0645\u0639 \u0645\u0631\u0627\u0639\u0627\u0629 \u0623\u0646 \u062a\u0643\u0648\u0646 \u062f\u0642\u064a\u0642\u0629 \u0648\u0645\u0648\u062b\u0648\u0642\u0629.<br \/>\n\u064a\u0645\u0643\u0646 \u0627\u0633\u062a\u062e\u062f\u0627\u0645 \u0627\u0644\u0643\u064a\u0646\u0627\u0631 \u0639\u0644\u0649 \u0634\u0643\u0644 \u0631\u0632\u0645\u0629: 1 \u062c\u0645 \u0623\u0648 2 \u062c\u0645 \u0623\u0648 5 \u062c\u0645 \u0623\u0648 10 \u062c\u0645 \u0623\u0648 20 \u062c\u0645 \u0623\u0648 1 \u0623\u0648\u0646\u0635\u0629. \u064a\u0645\u0643\u0646 \u0627\u0633\u062a\u062e\u062f\u0627\u0645\u0647\u0627 \u0639\u0644\u0649 \u0634\u0643\u0644 \u0646\u0641\u0637\u0629 \u0639\u0644\u0649 \u0634\u0643\u0644 \u0646\u0641\u0637\u0629 \u0639\u0644\u0649 \u0634\u0643\u0644 \u0646\u0641\u0637\u0629. \u062a\u062d\u062a\u0648\u064a \u0627\u0644\u0639\u0628\u0648\u0629 \u0639\u0644\u0649 \u0646\u0641\u0637\u0629 \u0639\u0644\u0649 \u0634\u0643\u0644 \u0646\u0641\u0637\u0629 \u0639\u0644\u0649 \u0634\u0643\u0644 \u062d\u0631\u0641 PET \u0648\u0648\u0632\u0646\u0647\u0627 \u0623\u0643\u0628\u0631 \u0645\u0646 \u062d\u062c\u0645\u0647\u0627: 85 \u0645\u0645 \u00d7 54 \u0645\u0645.<\/p>","protected":false},"excerpt":{"rendered":"<p>Kinebar\u00ae to wybita sztabka z\u0142ota z dodatkowym zabezpieczeniem \u2013 Kinegramem\u00ae. Ta technologia hologramowa jest powszechnie znana z u\u017cycia w paszportach i banknotach. Jest nie tylko atrakcyjna wizualnie, ale tak\u017ce zwi\u0119ksza bezpiecze\u0144stwo tej sztabki. Hologram pokrywa tyln\u0105 stron\u0119 Kinebar\u00ae. W tym celu, podczas procesu produkcji, na powierzchni aplikowane s\u0105 finezyjne mikrostruktury, tworz\u0105c efekt po\u0142ysku. Kinebar jest&#8230;<\/p>","protected":false},"featured_media":657,"comment_status":"closed","ping_status":"closed","template":"","meta":{"_kad_blocks_custom_css":"","_kad_blocks_head_custom_js":"","_kad_blocks_body_custom_js":"","_kad_blocks_footer_custom_js":"","_kad_post_transparent":"default","_kad_post_title":"","_kad_post_layout":"default","_kad_post_sidebar_id":"","_kad_post_content_style":"default","_kad_post_vertical_padding":"default","_kad_post_feature":"","_kad_post_feature_position":"","_kad_post_header":false,"_kad_post_footer":false,"_kad_post_classname":""},"product_brand":[66],"product_cat":[21],"product_tag":[],"class_list":{"0":"post-656","1":"product","2":"type-product","3":"status-publish","4":"has-post-thumbnail","6":"product_brand-heraeus-precious-metals","7":"product_cat-sztabki-zlota","8":"pa_metal-zloto","9":"pa_proba-23","10":"pa_rozmiar-40-4-x-23-3-x-1-3-mm","11":"pa_waga-1-oz","13":"first","14":"instock","15":"shipping-taxable","16":"product-type-simple","17":"entry","18":"content-bg","19":"loop-entry"},"taxonomy_info":{"product_brand":[{"value":66,"label":"HERAEUS - PRECIOUS METALS"}],"product_cat":[{"value":21,"label":"Sztabki z\u0142ota"}],"pa_metal":[{"value":98,"label":"Z\u0142oto"}],"pa_proba":[{"value":23,"label":"999,9"}],"pa_rozmiar":[{"value":90,"label":"40.4 x 23.3 x 1.3 mm"}],"pa_waga":[{"value":107,"label":"1 oz"}]},"featured_image_src_large":["https:\/\/www.mintofgold.com\/wp-content\/uploads\/2025\/02\/1-oz-gold-999-9-kinebar-h-p-m-1024x1024.png",1024,1024,true],"author_info":[],"comment_info":0,"_links":{"self":[{"href":"https:\/\/www.mintofgold.com\/ar\/wp-json\/wp\/v2\/product\/656","targetHints":{"allow":["GET"]}}],"collection":[{"href":"https:\/\/www.mintofgold.com\/ar\/wp-json\/wp\/v2\/product"}],"about":[{"href":"https:\/\/www.mintofgold.com\/ar\/wp-json\/wp\/v2\/types\/product"}],"replies":[{"embeddable":true,"href":"https:\/\/www.mintofgold.com\/ar\/wp-json\/wp\/v2\/comments?post=656"}],"wp:featuredmedia":[{"embeddable":true,"href":"https:\/\/www.mintofgold.com\/ar\/wp-json\/wp\/v2\/media\/657"}],"wp:attachment":[{"href":"https:\/\/www.mintofgold.com\/ar\/wp-json\/wp\/v2\/media?parent=656"}],"wp:term":[{"taxonomy":"product_brand","embeddable":true,"href":"https:\/\/www.mintofgold.com\/ar\/wp-json\/wp\/v2\/product_brand?post=656"},{"taxonomy":"product_cat","embeddable":true,"href":"https:\/\/www.mintofgold.com\/ar\/wp-json\/wp\/v2\/product_cat?post=656"},{"taxonomy":"product_tag","embeddable":true,"href":"https:\/\/www.mintofgold.com\/ar\/wp-json\/wp\/v2\/product_tag?post=656"}],"curies":[{"name":"\u062f\u0628\u0644\u064a\u0648 \u0628\u064a","href":"https:\/\/api.w.org\/{rel}","templated":true}]}}