{"id":48,"date":"2025-02-21T09:00:55","date_gmt":"2025-02-21T08:00:55","guid":{"rendered":"https:\/\/mintofgold.com\/?post_type=product&#038;p=48"},"modified":"2025-02-28T14:19:11","modified_gmt":"2025-02-28T13:19:11","slug":"newmont-1oz-pure-gold-bar-lady-of-liberty","status":"publish","type":"product","link":"https:\/\/www.mintofgold.com\/ar\/newmont-1oz-pure-gold-bar-lady-of-liberty\/","title":{"rendered":"\u0633\u0628\u064a\u0643\u0629 \u0630\u0647\u0628 \u0646\u064a\u0648\u0645\u0648\u0646\u062a 1 \u0623\u0648\u0646\u0635\u0629 \u0630\u0647\u0628 \u0646\u0642\u064a - \u0633\u064a\u062f\u0629 \u0627\u0644\u062d\u0631\u064a\u0629"},"content":{"rendered":"<p>Sztabka cztabka czystystystego z\u0142ota PAMP \/ Newmont 1 oz Lady of Liberty \u0625\u0644\u0649 sztabka z\u0142tabka z\u0142ota, kt\u00f3r\u0105\u017cna mozeledzi\u0107 od kopalni do rynku, wykonana wy\u0142\u0105cznie ze ze z\u0142ota wydobywanego przez Newmont, rafinowana i bita przez MKS PAMP w Szwajcarii - wspierana przez Provenance. \u062a\u0645 \u062a\u0635\u0645\u064a\u0645 \u0647\u0630\u0627 \u0627\u0644\u0645\u0634\u0631\u0648\u0639 \u0639\u0644\u0649 \u0637\u0631\u0627\u0632 \u0641\u0646 \u0627\u0644\u0622\u0631\u062a \u062f\u064a\u0643\u0648 \u0639\u0644\u0649 \u063a\u0631\u0627\u0631 \u0633\u064a\u062f\u0629 \u0627\u0644\u062d\u0631\u064a\u0629\u060c \u0631\u0645\u0632\u064b\u0627 \u0644\u0633\u064a\u062f\u0629 \u0627\u0644\u062d\u0631\u064a\u0629\u060c \u0648\u0631\u0645\u0632\u064b\u0627 \u0644\u0644\u062d\u0631\u064a\u0629 \u0648\u0627\u0644\u062f\u064a\u0645\u0642\u0631\u0627\u0637\u064a\u0629 \u0648\u0627\u0644\u062a\u0642\u062f\u0645. \u0644\u0642\u062f \u0643\u0627\u0646 \u0631\u0645\u0632\u064b\u0627 \u0631\u0645\u0632\u064a\u064b\u0627 \u0644\u0633\u064a\u062f\u0629 \u0627\u0644\u062d\u0631\u064a\u0629\u060c \u0631\u0645\u0632\u064b\u0627 \u0644\u0633\u064a\u062f\u0629 \u0627\u0644\u062d\u0631\u064a\u0629\u060c \u0648\u0631\u0645\u0632\u064b\u0627 \u0644\u0644\u062f\u064a\u0645\u0642\u0631\u0627\u0637\u064a\u0629 \u0648\u0627\u0644\u062f\u064a\u0645\u0642\u0631\u0627\u0637\u064a\u0629 \u0641\u064a \u0627\u0644\u0648\u0642\u062a \u0646\u0641\u0633\u0647\u060c \u0648\u0644\u0643\u0646 \u0647\u0630\u0627 \u0627\u0644\u0631\u0645\u0632 \u0644\u0627 \u064a\u0645\u062b\u0644 \u0641\u0643\u0631\u0629 \u062f\u064a\u0645\u0642\u0631\u0627\u0637\u064a\u0629 \u0628\u0644 \u0647\u0648 \u0631\u0645\u0632 \u0644\u0644\u062f\u064a\u0645\u0642\u0631\u0627\u0637\u064a\u0629 \u0641\u064a \u0627\u0644\u0648\u0642\u062a \u0646\u0641\u0633\u0647.<\/p>\n<p>\u062a\u0642\u0648\u0645 \u0634\u0631\u0643\u0629 \u0646\u064a\u0648\u0645\u0648\u0646\u062a \u0628\u062a\u0637\u0648\u064a\u0631 \u0634\u0631\u0643\u0629 \u0646\u064a\u0648\u0645\u0648\u0646\u062a \u0645\u0646 \u062e\u0644\u0627\u0644 \u0634\u0631\u0643\u0629 \u0645\u062a\u062e\u0635\u0635\u0629 \u0641\u064a \u0645\u062c\u0627\u0644 \u0625\u0646\u062a\u0627\u062c \u0627\u0644\u0645\u0648\u0627\u062f \u0627\u0644\u062e\u0627\u0645 \u0623\u0648 \u0627\u0644\u0645\u0646\u062a\u062c\u0627\u062a \u0623\u0648 \u0627\u0644\u0645\u0646\u062a\u062c\u0627\u062a \u0627\u0644\u0632\u0631\u0627\u0639\u064a\u0629 \u0623\u0648 \u0627\u0644\u0635\u0646\u0627\u0639\u064a\u0629 \u0623\u0648 \u0627\u0644\u0635\u0646\u0627\u0639\u064a\u0629 \u0623\u0648 \u0627\u0644\u062a\u062c\u0627\u0631\u064a\u0629 \u0623\u0648 \u0627\u0644\u0635\u0646\u0627\u0639\u064a\u0629 \u0623\u0648 \u0627\u0644\u062a\u062c\u0627\u0631\u064a\u0629 \u0623\u0648 \u0627\u0644\u0635\u0646\u0627\u0639\u064a\u0629. \u062a\u0646\u062a\u0645\u064a \u0645\u062d\u0641\u0638\u0629 \u0627\u0644\u0634\u0631\u0643\u0629 \u0625\u0644\u0649 \u0627\u0644\u0634\u0631\u0643\u0627\u062a \u0627\u0644\u062a\u064a \u062a\u0639\u0645\u0644 \u0641\u064a \u0645\u062c\u0627\u0644 \u0627\u0644\u0627\u0633\u062a\u062b\u0645\u0627\u0631 \u0641\u064a \u0645\u062c\u0627\u0644 \u0627\u0644\u0623\u0639\u0645\u0627\u0644 \u0627\u0644\u062a\u062c\u0627\u0631\u064a\u0629 \u0648\u0627\u0644\u0645\u0634\u0627\u0631\u064a\u0639 \u0648\u0627\u0644\u0645\u0648\u0627\u0647\u0628 \u0648\u062a\u0633\u0639\u0649 \u0625\u0644\u0649 \u062a\u0639\u0632\u064a\u0632\u0647\u0627 \u0641\u064a \u0645\u0646\u0627\u0637\u0642 \u0645\u062e\u062a\u0644\u0641\u0629 \u0645\u0646 \u0627\u0644\u0639\u0627\u0644\u0645 \u0641\u064a \u0623\u0641\u0631\u064a\u0642\u064a\u0627 \u0648\u0623\u0633\u062a\u0631\u0627\u0644\u064a\u0627 \u0648\u0623\u0645\u0631\u064a\u0643\u0627 \u0627\u0644\u0644\u0627\u062a\u064a\u0646\u064a\u0629 \u0648\u0627\u0644\u0643\u0627\u0631\u064a\u0628\u064a \u0648\u0623\u0645\u0631\u064a\u0643\u0627 \u0627\u0644\u062c\u0646\u0648\u0628\u064a\u0629 \u0623\u0648 \u0641\u064a \u0645\u0646\u0637\u0642\u0629 \u0628\u0627\u0628\u0648\u0627 \u063a\u064a\u0646\u064a\u0627 \u0627\u0644\u062c\u062f\u064a\u062f\u0629. \u0646\u064a\u0648\u0645\u0648\u0646\u062a \u0647\u064a \u0627\u0644\u0634\u0631\u0643\u0629 \u0627\u0644\u0645\u0646\u062a\u062c\u0629 \u0627\u0644\u0648\u062d\u064a\u062f\u0629 \u0641\u064a \u0627\u0644\u0639\u0627\u0644\u0645 \u0627\u0644\u062a\u064a \u062a\u0639\u0645\u0644 \u0641\u064a \u0645\u062c\u0627\u0644 \u0627\u0644\u0625\u0646\u062a\u0627\u062c \u0641\u064a \u0645\u0624\u0634\u0631 S&amp;P 500\u060c \u0648\u0647\u064a \u062a\u0639\u0645\u0644 \u0639\u0644\u0649 \u062a\u0637\u0648\u064a\u0631 \u0645\u0645\u0627\u0631\u0633\u0627\u062a\u0647\u0627 \u0641\u064a \u0645\u062c\u0627\u0644 \u0627\u0644\u062a\u0639\u0644\u064a\u0645 \u0648\u0627\u0644\u062a\u062f\u0631\u064a\u0628\u060c \u0648\u062e\u062f\u0645\u0629 \u0627\u0644\u0645\u062c\u062a\u0645\u0639. \u0646\u064a\u0648\u0645\u0648\u0646\u062a \u0647\u064a \u0627\u0644\u0634\u0631\u0643\u0629 \u0627\u0644\u0631\u0627\u0626\u062f\u0629 \u0641\u064a \u0645\u062c\u0627\u0644 \u0627\u0644\u0623\u0639\u0645\u0627\u0644 \u0627\u0644\u062a\u062c\u0627\u0631\u064a\u0629 \u0641\u064a \u0645\u062c\u0627\u0644 \u0627\u0644\u0623\u0639\u0645\u0627\u0644 \u0627\u0644\u062a\u062c\u0627\u0631\u064a\u0629 \u0641\u064a \u0627\u0644\u0639\u0627\u0644\u0645 \u0627\u0644\u0639\u0631\u0628\u064a \u0641\u064a \u0645\u062c\u0627\u0644 \u0627\u0644\u0623\u0639\u0645\u0627\u0644 \u0627\u0644\u062a\u062c\u0627\u0631\u064a\u0629 \u0627\u0644\u0645\u062a\u0643\u0627\u0645\u0644\u0629 \u0627\u0644\u062a\u064a \u062a\u0639\u0645\u0644 \u0639\u0644\u0649 \u062a\u062d\u0642\u064a\u0642 \u0627\u0644\u0623\u0647\u062f\u0627\u0641\u060c \u0648\u062a\u0633\u0639\u0649 \u0625\u0644\u0649 \u062a\u062d\u0642\u064a\u0642\u0647\u0627 \u0648\u062a\u0648\u0638\u064a\u0641\u0647\u0627 \u062a\u0642\u0646\u064a\u064b\u0627. \u062a\u0645 \u0625\u0646\u0634\u0627\u0621 \u0627\u0644\u0634\u0631\u0643\u0629 \u0641\u064a \u0639\u0627\u0645 1921\u060c \u0648\u0641\u064a \u0639\u0627\u0645 1925 \u0644\u0645 \u064a\u062a\u0645 \u0625\u0646\u0634\u0627\u0621 \u0627\u0644\u0634\u0631\u0643\u0629 \u0641\u064a \u0639\u0627\u0645 1925.<\/p>","protected":false},"excerpt":{"rendered":"<p>Sztabka czystego z\u0142ota PAMP\/Newmont 1 oz Lady of Liberty to sztabka z\u0142ota, kt\u00f3r\u0105 mo\u017cna prze\u015bledzi\u0107 od kopalni do rynku, wykonana wy\u0142\u0105cznie ze z\u0142ota wydobywanego przez Newmont, rafinowana i bita przez MKS PAMP w Szwajcarii \u2013 wspierana przez Provenance. Ta pi\u0119kna sztabka prezentuje interpretacj\u0119 projektu w stylu Art Deco, przedstawiaj\u0105c\u0105 Lady of Liberty, symbol wolno\u015bci, demokracji&#8230;<\/p>","protected":false},"featured_media":49,"comment_status":"closed","ping_status":"closed","template":"","meta":{"_kad_blocks_custom_css":"","_kad_blocks_head_custom_js":"","_kad_blocks_body_custom_js":"","_kad_blocks_footer_custom_js":"","_kad_post_transparent":"default","_kad_post_title":"","_kad_post_layout":"default","_kad_post_sidebar_id":"","_kad_post_content_style":"default","_kad_post_vertical_padding":"default","_kad_post_feature":"","_kad_post_feature_position":"","_kad_post_header":false,"_kad_post_footer":false,"_kad_post_classname":""},"product_brand":[20],"product_cat":[21],"product_tag":[],"class_list":{"0":"post-48","1":"product","2":"type-product","3":"status-publish","4":"has-post-thumbnail","6":"product_brand-pamp","7":"product_cat-sztabki-zlota","8":"pa_grubosc-166-mm","9":"pa_metal-zloto","10":"pa_proba-23","11":"pa_rozmiar-24x41-mm","12":"pa_waga-1-ounce","14":"first","15":"instock","16":"shipping-taxable","17":"product-type-simple","18":"entry","19":"content-bg","20":"loop-entry"},"taxonomy_info":{"product_brand":[{"value":20,"label":"PAMP"}],"product_cat":[{"value":21,"label":"Sztabki z\u0142ota"}],"pa_grubosc":[{"value":26,"label":"1,66 mm"}],"pa_metal":[{"value":98,"label":"Z\u0142oto"}],"pa_proba":[{"value":23,"label":"999,9"}],"pa_rozmiar":[{"value":24,"label":"24x41 mm"}],"pa_waga":[{"value":68,"label":"1 Ounce"}]},"featured_image_src_large":["https:\/\/www.mintofgold.com\/wp-content\/uploads\/2025\/02\/lady-of-liberty_reverse_certipamp_0.png",1000,1000,false],"author_info":[],"comment_info":0,"_links":{"self":[{"href":"https:\/\/www.mintofgold.com\/ar\/wp-json\/wp\/v2\/product\/48","targetHints":{"allow":["GET"]}}],"collection":[{"href":"https:\/\/www.mintofgold.com\/ar\/wp-json\/wp\/v2\/product"}],"about":[{"href":"https:\/\/www.mintofgold.com\/ar\/wp-json\/wp\/v2\/types\/product"}],"replies":[{"embeddable":true,"href":"https:\/\/www.mintofgold.com\/ar\/wp-json\/wp\/v2\/comments?post=48"}],"wp:featuredmedia":[{"embeddable":true,"href":"https:\/\/www.mintofgold.com\/ar\/wp-json\/wp\/v2\/media\/49"}],"wp:attachment":[{"href":"https:\/\/www.mintofgold.com\/ar\/wp-json\/wp\/v2\/media?parent=48"}],"wp:term":[{"taxonomy":"product_brand","embeddable":true,"href":"https:\/\/www.mintofgold.com\/ar\/wp-json\/wp\/v2\/product_brand?post=48"},{"taxonomy":"product_cat","embeddable":true,"href":"https:\/\/www.mintofgold.com\/ar\/wp-json\/wp\/v2\/product_cat?post=48"},{"taxonomy":"product_tag","embeddable":true,"href":"https:\/\/www.mintofgold.com\/ar\/wp-json\/wp\/v2\/product_tag?post=48"}],"curies":[{"name":"\u062f\u0628\u0644\u064a\u0648 \u0628\u064a","href":"https:\/\/api.w.org\/{rel}","templated":true}]}}