{"id":370,"date":"2025-02-19T12:47:55","date_gmt":"2025-02-19T11:47:55","guid":{"rendered":"https:\/\/mintofgold.com\/?post_type=product&#038;p=370"},"modified":"2025-02-21T22:29:56","modified_gmt":"2025-02-21T21:29:56","slug":"250g-au-cast-retail-999-9","status":"publish","type":"product","link":"https:\/\/www.mintofgold.com\/ar\/250g-au-cast-retail-999-9\/","title":{"rendered":"250 \u062c\u0631\u0627\u0645 \u0623\u0648\u0648 \u0643\u0627\u0633\u062a \u0644\u0644\u0628\u064a\u0639 \u0628\u0627\u0644\u062a\u062c\u0632\u0626\u0629 999.9 \u062c\u0631\u0627\u0645"},"content":{"rendered":"","protected":false},"excerpt":{"rendered":"<p>Zamkni\u0119te pr\u00f3\u017cniowo z numerowanym certyfikatem.<\/p>","protected":false},"featured_media":368,"comment_status":"closed","ping_status":"closed","template":"","meta":{"_kad_blocks_custom_css":"","_kad_blocks_head_custom_js":"","_kad_blocks_body_custom_js":"","_kad_blocks_footer_custom_js":"","_kad_post_transparent":"default","_kad_post_title":"","_kad_post_layout":"default","_kad_post_sidebar_id":"","_kad_post_content_style":"default","_kad_post_vertical_padding":"default","_kad_post_feature":"","_kad_post_feature_position":"","_kad_post_header":false,"_kad_post_footer":false,"_kad_post_classname":""},"product_brand":[95],"product_cat":[21],"product_tag":[],"class_list":{"0":"post-370","1":"product","2":"type-product","3":"status-publish","4":"has-post-thumbnail","6":"product_brand-argor-heraeus","7":"product_cat-sztabki-zlota","8":"pa_kolekcja-classic-cast-retail","9":"pa_metal-zloto","10":"pa_proba-23","11":"pa_rozmiar-50-0-x-31-0-x-9-0-mm","12":"pa_waga-250g","14":"first","15":"instock","16":"shipping-taxable","17":"product-type-simple","18":"entry","19":"content-bg","20":"loop-entry"},"taxonomy_info":{"product_brand":[{"value":95,"label":"ARGOR HERAEUS"}],"product_cat":[{"value":21,"label":"Sztabki z\u0142ota"}],"pa_kolekcja":[{"value":165,"label":"Classic Cast Retail"}],"pa_metal":[{"value":98,"label":"Z\u0142oto"}],"pa_proba":[{"value":23,"label":"999,9"}],"pa_rozmiar":[{"value":163,"label":"50.0 x 31.0 x 9.0 mm"}],"pa_waga":[{"value":71,"label":"250g"}]},"featured_image_src_large":["https:\/\/www.mintofgold.com\/wp-content\/uploads\/2025\/02\/Au-Cast-250g-Retail-Front-a.png",887,887,false],"author_info":[],"comment_info":0,"_links":{"self":[{"href":"https:\/\/www.mintofgold.com\/ar\/wp-json\/wp\/v2\/product\/370","targetHints":{"allow":["GET"]}}],"collection":[{"href":"https:\/\/www.mintofgold.com\/ar\/wp-json\/wp\/v2\/product"}],"about":[{"href":"https:\/\/www.mintofgold.com\/ar\/wp-json\/wp\/v2\/types\/product"}],"replies":[{"embeddable":true,"href":"https:\/\/www.mintofgold.com\/ar\/wp-json\/wp\/v2\/comments?post=370"}],"wp:featuredmedia":[{"embeddable":true,"href":"https:\/\/www.mintofgold.com\/ar\/wp-json\/wp\/v2\/media\/368"}],"wp:attachment":[{"href":"https:\/\/www.mintofgold.com\/ar\/wp-json\/wp\/v2\/media?parent=370"}],"wp:term":[{"taxonomy":"product_brand","embeddable":true,"href":"https:\/\/www.mintofgold.com\/ar\/wp-json\/wp\/v2\/product_brand?post=370"},{"taxonomy":"product_cat","embeddable":true,"href":"https:\/\/www.mintofgold.com\/ar\/wp-json\/wp\/v2\/product_cat?post=370"},{"taxonomy":"product_tag","embeddable":true,"href":"https:\/\/www.mintofgold.com\/ar\/wp-json\/wp\/v2\/product_tag?post=370"}],"curies":[{"name":"\u062f\u0628\u0644\u064a\u0648 \u0628\u064a","href":"https:\/\/api.w.org\/{rel}","templated":true}]}}