{"id":222,"date":"2025-02-16T08:22:46","date_gmt":"2025-02-16T07:22:46","guid":{"rendered":"https:\/\/mintofgold.com\/?post_type=product&#038;p=222"},"modified":"2025-02-26T14:18:43","modified_gmt":"2025-02-26T13:18:43","slug":"kangaroo-100g-gold-minted-bar","status":"publish","type":"product","link":"https:\/\/www.mintofgold.com\/ar\/kangaroo-100g-gold-minted-bar\/","title":{"rendered":"\u0643\u0627\u0646\u062c\u0627\u0631\u0648 100 \u062c\u0631\u0627\u0645 \u0633\u0628\u064a\u0643\u0629 \u0630\u0647\u0628\u064a\u0629 \u0645\u0633\u0643\u0648\u0643\u0629 \u0628\u0627\u0644\u0630\u0647\u0628"},"content":{"rendered":"<p data-start=\"0\" data-end=\"49\"><strong>\u0632\u0627\u0644\u064a\u062a\u064a \u0633\u0632\u0627\u0644\u064a\u062a\u064a \u0628\u0648\u0644\u064a\u0648\u0646\u0648\u0641\u064a\u062a\u0634<br \/>\n<\/strong>\u064a\u062a\u0645 \u062a\u062f\u0627\u0648\u0644\u0647\u0627 \u0641\u064a \u0633\u0648\u0642 \u0644\u0646\u062f\u0646 \u0644\u0644\u0633\u0628\u0627\u0626\u0643 (LBMA)\u060c \u062d\u064a\u062b \u064a\u062a\u0645 \u062a\u062f\u0627\u0648\u0644\u0647\u0627 \u0641\u064a \u0633\u0648\u0642 \u0644\u0646\u062f\u0646 \u0644\u0644\u0633\u0628\u0627\u0626\u0643 (LBMA)\u060c \u0648\u0647\u064a \u0631\u0645\u0632 \u0645\u062e\u0635\u0635 \u0644\u0633\u0648\u0642 \u0627\u0644\u0633\u0628\u0627\u0626\u0643 \u0641\u064a \u0644\u0646\u062f\u0646.<\/p>\n<p data-start=\"0\" data-end=\"49\">\u0642\u0637\u0639\u0629 \u0645\u0646 100 \u062c\u0631\u0627\u0645 \u0645\u0646 \u0627\u0644\u0642\u0648\u0627\u0644\u0628 \u0627\u0644\u062a\u064a \u064a\u0628\u0644\u063a \u0648\u0632\u0646\u0647\u0627 100 \u062c\u0631\u0627\u0645\u060c \u0648\u0647\u064a \u0639\u0628\u0627\u0631\u0629 \u0639\u0646 \u0642\u0637\u0639\u0629 \u0645\u0646 \u0627\u0644\u0642\u0645\u0627\u0634 \u0627\u0644\u0645\u0633\u0637\u062d \u0645\u0646 \u0623\u062c\u0644 \u0623\u0646 \u062a\u0643\u0648\u0646 \u062c\u0627\u0647\u0632\u0629 \u0644\u0644\u0627\u0633\u062a\u062e\u062f\u0627\u0645. \u0648\u0641\u064a \u0647\u0630\u0627 \u0627\u0644\u0625\u0637\u0627\u0631\u060c \u0633\u0648\u0641 \u064a\u062a\u0645 \u0648\u0636\u0639 \u0634\u0639\u0627\u0631 \u201e\u062f\u0627\u0631 \u0633\u0643 \u0627\u0644\u0639\u0645\u0644\u0629 \u0641\u064a \u0628\u064a\u0631\u062b \u0645\u064a\u0646\u062a\u201d \u0639\u0644\u0649 \u063a\u0631\u0627\u0631 \u0634\u0639\u0627\u0631 \"\u062f\u0627\u0631 \u0633\u0643 \u0627\u0644\u0639\u0645\u0644\u0629 \u0641\u064a \u0628\u064a\u0631\u062b \u0645\u064a\u0646\u062a\".<\/p>\n<p><strong>Opakowanie zabezpieczj\u0105ce przed manipulacj\u0105<br \/>\n<\/strong>\u064a\u0645\u0643\u0646 \u0623\u0646 \u064a\u0643\u0648\u0646 \u0647\u0630\u0627 \u0627\u0644\u0646\u0648\u0639 \u0645\u0646 \u0627\u0644\u0623\u062f\u0648\u064a\u0629 \u0641\u064a \u0645\u062a\u0646\u0627\u0648\u0644 \u0627\u0644\u064a\u062f \u0641\u064a \u0645\u0631\u062d\u0644\u0629 \u0645\u0627 \u0628\u0639\u062f \u0627\u0644\u0628\u064a\u0639. \u0625\u0630\u0627 \u0644\u0645 \u064a\u0643\u0646 \u0644\u062f\u064a\u0643 \u0627\u0644\u0648\u0642\u062a \u0627\u0644\u0643\u0627\u0641\u064a \u0644\u0644\u062a\u0641\u0643\u064a\u0631 \u0641\u064a \u0623\u064a \u0634\u064a\u0621 \u0622\u062e\u0631 \u063a\u064a\u0631 \u0627\u0644\u062a\u0644\u0627\u0639\u0628\u060c \u0641\u0633\u062a\u0643\u0648\u0646 \u0647\u0630\u0647 \u0627\u0644\u0639\u0645\u0644\u064a\u0629 \u201e\u0628\u0627\u0637\u0644\u0629\u201d. \u0634\u0639\u0627\u0631 \u062f\u0627\u0631 \u0633\u0643 \u0627\u0644\u0639\u0645\u0644\u0629 \u0641\u064a \u0628\u064a\u0631\u062b \u0645\u064a\u0646\u062a.<\/p>","protected":false},"excerpt":{"rendered":"<p data-start=\"0\" data-end=\"93\">Ta 100-gramowa sztabka z\u0142ota bita jest jedn\u0105 z o\u015bmiu dost\u0119pnych wielko\u015bci w The Perth Mint.<\/p>\n<p data-start=\"95\" data-end=\"116\"><strong data-start=\"95\" data-end=\"114\">\u0643\u0644\u0648\u062a\u0634\u0648\u0641\u064a \u0633\u064a\u062a\u0634\u064a<\/strong><\/p>\n<ul data-start=\"118\" data-end=\"282\" data-is-last-node=\"\" data-is-only-node=\"\">\n<li data-start=\"118\" data-end=\"146\">Z\u0142oto o czysto\u015bci 99,99%<\/li>\n<li data-start=\"147\" data-end=\"216\">Zawiera zniera znak zarejestrowany w LBMA or motyw w kszta\u0142cie kangura<\/li>\n<li data-start=\"217\" data-end=\"282\" data-is-last-node=\"\">\u0639\u0645\u0644\u064a\u0629 \u0627\u0644\u062a\u0644\u0627\u0639\u0628 \u0628\u0627\u0644\u0623\u0644\u0641\u0627\u0638 \u0627\u0644\u0645\u0633\u062a\u062e\u062f\u0645\u0629 \u0641\u064a \u0627\u0644\u062a\u0644\u0627\u0639\u0628 \u0628\u0627\u0644\u0623\u0631\u0642\u0627\u0645<\/li>\n<\/ul>","protected":false},"featured_media":622,"comment_status":"closed","ping_status":"closed","template":"","meta":{"_kad_blocks_custom_css":"","_kad_blocks_head_custom_js":"","_kad_blocks_body_custom_js":"","_kad_blocks_footer_custom_js":"","_kad_post_transparent":"default","_kad_post_title":"","_kad_post_layout":"default","_kad_post_sidebar_id":"","_kad_post_content_style":"default","_kad_post_vertical_padding":"default","_kad_post_feature":"","_kad_post_feature_position":"","_kad_post_header":false,"_kad_post_footer":false,"_kad_post_classname":""},"product_brand":[118],"product_cat":[21],"product_tag":[],"class_list":{"0":"post-222","1":"product","2":"type-product","3":"status-publish","4":"has-post-thumbnail","6":"product_brand-the-perth-mint","7":"product_cat-sztabki-zlota","8":"pa_metal-zloto","9":"pa_proba-99-99","10":"pa_waga-100g","12":"first","13":"instock","14":"shipping-taxable","15":"product-type-simple","16":"entry","17":"content-bg","18":"loop-entry"},"taxonomy_info":{"product_brand":[{"value":118,"label":"THE PERTH MINT"}],"product_cat":[{"value":21,"label":"Sztabki z\u0142ota"}],"pa_metal":[{"value":98,"label":"Z\u0142oto"}],"pa_proba":[{"value":119,"label":"99.99%"}],"pa_waga":[{"value":72,"label":"100g"}]},"featured_image_src_large":["https:\/\/www.mintofgold.com\/wp-content\/uploads\/2025\/02\/kangaroo-100g-gold-minted-bar-the-perth-tpm-1024x1024.png",1024,1024,true],"author_info":[],"comment_info":0,"_links":{"self":[{"href":"https:\/\/www.mintofgold.com\/ar\/wp-json\/wp\/v2\/product\/222","targetHints":{"allow":["GET"]}}],"collection":[{"href":"https:\/\/www.mintofgold.com\/ar\/wp-json\/wp\/v2\/product"}],"about":[{"href":"https:\/\/www.mintofgold.com\/ar\/wp-json\/wp\/v2\/types\/product"}],"replies":[{"embeddable":true,"href":"https:\/\/www.mintofgold.com\/ar\/wp-json\/wp\/v2\/comments?post=222"}],"wp:featuredmedia":[{"embeddable":true,"href":"https:\/\/www.mintofgold.com\/ar\/wp-json\/wp\/v2\/media\/622"}],"wp:attachment":[{"href":"https:\/\/www.mintofgold.com\/ar\/wp-json\/wp\/v2\/media?parent=222"}],"wp:term":[{"taxonomy":"product_brand","embeddable":true,"href":"https:\/\/www.mintofgold.com\/ar\/wp-json\/wp\/v2\/product_brand?post=222"},{"taxonomy":"product_cat","embeddable":true,"href":"https:\/\/www.mintofgold.com\/ar\/wp-json\/wp\/v2\/product_cat?post=222"},{"taxonomy":"product_tag","embeddable":true,"href":"https:\/\/www.mintofgold.com\/ar\/wp-json\/wp\/v2\/product_tag?post=222"}],"curies":[{"name":"\u062f\u0628\u0644\u064a\u0648 \u0628\u064a","href":"https:\/\/api.w.org\/{rel}","templated":true}]}}