{"id":197,"date":"2025-02-16T08:04:37","date_gmt":"2025-02-16T07:04:37","guid":{"rendered":"https:\/\/mintofgold.com\/?post_type=product&#038;p=197"},"modified":"2025-02-26T13:35:23","modified_gmt":"2025-02-26T12:35:23","slug":"kangaroo-50g-gold-minted-bar","status":"publish","type":"product","link":"https:\/\/www.mintofgold.com\/ar\/kangaroo-50g-gold-minted-bar\/","title":{"rendered":"\u0643\u0627\u0646\u062c\u0627\u0631\u0648 50 \u062c\u0631\u0627\u0645 \u0633\u0628\u064a\u0643\u0629 \u0630\u0647\u0628\u064a\u0629 \u0645\u0633\u0643\u0648\u0643\u0629 \u0628\u0627\u0644\u0630\u0647\u0628"},"content":{"rendered":"<p data-start=\"0\" data-end=\"43\"><strong>\u0632\u0627\u0644\u064a\u062a\u064a \u0633\u0632\u0627\u0644\u064a\u062a\u064a \u0628\u0648\u0644\u064a\u0648\u0646\u0648\u0641\u064a\u062a\u0634<br \/>\n<\/strong>\u062a\u0645 \u062a\u062e\u0635\u064a\u0635 \u0645\u0628\u0644\u063a 99,991 \u062a\u064a\u0631\u0627\u0628\u0627\u064a\u062a 3 \u062a\u064a\u0631\u0627\u0628\u0627\u064a\u062a \u0645\u0646 \u0627\u0644\u0630\u0647\u0628 \u0644\u0631\u0627\u0628\u0637\u0629 \u0633\u0648\u0642 \u0627\u0644\u0633\u0628\u0627\u0626\u0643 \u0641\u064a \u0644\u0646\u062f\u0646 (LBMA) \u0641\u064a \u0628\u064a\u0631\u062b\u060c \u062d\u064a\u062b \u062a\u0645 \u062a\u062e\u0635\u064a\u0635 \u0645\u0628\u0644\u063a 99,991 \u062a\u064a\u0631\u0627\u0628\u0627\u064a\u062a 3 \u062a\u064a\u0631\u0627\u0628\u0627\u064a\u062a \u0645\u0646 \u0627\u0644\u0630\u0647\u0628 \u0644\u0631\u0627\u0628\u0637\u0629 \u0633\u0648\u0642 \u0627\u0644\u0633\u0628\u0627\u0626\u0643 \u0641\u064a \u0644\u0646\u062f\u0646 (LBMA) \u0641\u064a \u0628\u064a\u0631\u062b\u060c \u0648\u0647\u0648 \u0645\u0627 \u064a\u0639\u0646\u064a \u0623\u0646 \u0647\u0630\u0627 \u0627\u0644\u0645\u0628\u0644\u063a \u0633\u064a\u0635\u0628\u062d \u0641\u064a \u0645\u062a\u0646\u0627\u0648\u0644 \u0627\u0644\u064a\u062f.<\/p>\n<p data-start=\"269\" data-end=\"479\" data-is-last-node=\"\" data-is-only-node=\"\">\u064a\u0645\u0643\u0646 \u0623\u0646 \u064a\u0643\u0648\u0646 \u0647\u0630\u0627 \u0627\u0644\u0634\u0639\u0627\u0631 \u0639\u0644\u0649 \u0634\u0643\u0644 \u062d\u0631\u0641 Sztabka z\u0142ota o wadze 50 g jest jedn\u0105n\u0105t z o\u015b\u015bbnych dost\u0119pnych wielko\u015bcci\u060c \u0648 \u0639\u0644\u0649 \u0627\u0644\u0631\u063a\u0645 \u0645\u0646 \u0630\u0644\u0643 \u0641\u0625\u0646 \u0634\u0639\u0627\u0631 \u201eMennicy Perth\u201d \u0647\u0648 \u0634\u0639\u0627\u0631 \"Mennicy Perth\" \u0627\u0644\u0630\u064a \u064a\u062a\u0645 \u0627\u0633\u062a\u062e\u062f\u0627\u0645\u0647 \u0641\u064a \u062c\u0645\u064a\u0639 \u0623\u0646\u062d\u0627\u0621 \u0627\u0644\u0639\u0627\u0644\u0645.<\/p>\n<p data-start=\"0\" data-end=\"48\"><strong data-start=\"0\" data-end=\"46\">Opakowanie zabezpieczone przed manipulacj\u0105<br \/>\n<\/strong>\u064a\u0645\u0643\u0646 \u0623\u0646 \u062a\u0643\u0648\u0646 \u0647\u0630\u0647 \u0627\u0644\u0639\u0645\u0644\u064a\u0629 \u0645\u062a\u0627\u062d\u0629 \u0641\u064a \u062c\u0645\u064a\u0639 \u0623\u0646\u062d\u0627\u0621 \u0627\u0644\u0639\u0627\u0644\u0645. \u0642\u062f \u0644\u0627 \u064a\u0643\u0648\u0646 \u0647\u0646\u0627\u0643 \u0623\u064a \u062a\u0644\u0627\u0639\u0628\u060c \u0648\u0644\u0643\u0646 \u064a\u0645\u0643\u0646 \u0623\u0646 \u064a\u0643\u0648\u0646 \u0647\u0646\u0627\u0643 \u062a\u0644\u0627\u0639\u0628 \u0641\u064a \u0628\u0639\u0636 \u0627\u0644\u0623\u062d\u064a\u0627\u0646. \u062a\u0645 \u062a\u0635\u0645\u064a\u0645 \u0627\u0644\u0634\u0639\u0627\u0631 \u0639\u0644\u0649 \u0634\u0643\u0644 \u062d\u0631\u0641 \u201eVOID\u201d \u0639\u0644\u0649 \u0634\u0643\u0644 \u062d\u0631\u0641 \"VOID\" \u0641\u064a \u0645\u0646\u0637\u0642\u0629 \u0628\u064a\u0631\u062b.<\/p>","protected":false},"excerpt":{"rendered":"<p>\u062a\u064f\u0639\u062f\u0651 \u0647\u0630\u0647 \u0627\u0644\u0645\u0646\u0634\u0648\u0631\u0627\u062a \u0627\u0644\u062a\u064a \u064a\u0628\u0644\u063a \u062d\u062c\u0645\u0647\u0627 50 \u062c\u0631\u0627\u0645\u064b\u0627 \u0645\u0646 \u0627\u0644\u0630\u0647\u0628 \u0648\u0627\u0644\u0641\u0636\u0629 \u0645\u0646 \u0628\u064a\u0646 \u0623\u0643\u062b\u0631 \u0645\u0646 50 \u0645\u0646\u0634\u0648\u0631\u064b\u0627 \u0641\u064a \u0627\u0644\u0639\u0627\u0644\u0645.<\/p>\n<p data-start=\"0\" data-end=\"17\"><strong>\u0643\u0644\u0648\u062a\u0634\u0648\u0641\u064a \u0633\u064a\u062a\u0634\u064a<\/strong><\/p>\n<ul data-start=\"19\" data-end=\"181\" data-is-last-node=\"\" data-is-only-node=\"\">\n<li data-start=\"19\" data-end=\"47\">Z\u0142oto o czysto\u015bci 99,99%<\/li>\n<li data-start=\"48\" data-end=\"117\">Zawiera zniera znak zarejestrowany w LBMA or motyw w kszta\u0142cie kangura<\/li>\n<li data-start=\"118\" data-end=\"181\" data-is-last-node=\"\">\u0627\u0644\u062a\u0644\u0627\u0639\u0628 \u0641\u064a \u0623\u0631\u0642\u0627\u0645 \u0627\u0644\u0647\u0648\u0627\u062a\u0641 \u0627\u0644\u0645\u062d\u0645\u0648\u0644\u0629 \u0641\u064a \u0627\u0644\u0645\u0646\u0627\u0637\u0642 \u0627\u0644\u0646\u0627\u0626\u064a\u0629<\/li>\n<\/ul>\n<p>&nbsp;<\/p>","protected":false},"featured_media":612,"comment_status":"closed","ping_status":"closed","template":"","meta":{"_kad_blocks_custom_css":"","_kad_blocks_head_custom_js":"","_kad_blocks_body_custom_js":"","_kad_blocks_footer_custom_js":"","_kad_post_transparent":"default","_kad_post_title":"","_kad_post_layout":"default","_kad_post_sidebar_id":"","_kad_post_content_style":"default","_kad_post_vertical_padding":"default","_kad_post_feature":"","_kad_post_feature_position":"","_kad_post_header":false,"_kad_post_footer":false,"_kad_post_classname":""},"product_brand":[118],"product_cat":[21],"product_tag":[],"class_list":{"0":"post-197","1":"product","2":"type-product","3":"status-publish","4":"has-post-thumbnail","6":"product_brand-the-perth-mint","7":"product_cat-sztabki-zlota","8":"pa_metal-zloto","9":"pa_proba-99-99","10":"pa_rozmiar-47-60-x-27-60-mm","12":"first","13":"instock","14":"shipping-taxable","15":"product-type-simple","16":"entry","17":"content-bg","18":"loop-entry"},"taxonomy_info":{"product_brand":[{"value":118,"label":"THE PERTH MINT"}],"product_cat":[{"value":21,"label":"Sztabki z\u0142ota"}],"pa_metal":[{"value":98,"label":"Z\u0142oto"}],"pa_proba":[{"value":119,"label":"99.99%"}],"pa_rozmiar":[{"value":128,"label":"47.60 x 27.60 mm"}]},"featured_image_src_large":["https:\/\/www.mintofgold.com\/wp-content\/uploads\/2025\/02\/kangaroo-50g-gold-minted-bar-the-perth-tpm-1024x1024.png",1024,1024,true],"author_info":[],"comment_info":0,"_links":{"self":[{"href":"https:\/\/www.mintofgold.com\/ar\/wp-json\/wp\/v2\/product\/197","targetHints":{"allow":["GET"]}}],"collection":[{"href":"https:\/\/www.mintofgold.com\/ar\/wp-json\/wp\/v2\/product"}],"about":[{"href":"https:\/\/www.mintofgold.com\/ar\/wp-json\/wp\/v2\/types\/product"}],"replies":[{"embeddable":true,"href":"https:\/\/www.mintofgold.com\/ar\/wp-json\/wp\/v2\/comments?post=197"}],"wp:featuredmedia":[{"embeddable":true,"href":"https:\/\/www.mintofgold.com\/ar\/wp-json\/wp\/v2\/media\/612"}],"wp:attachment":[{"href":"https:\/\/www.mintofgold.com\/ar\/wp-json\/wp\/v2\/media?parent=197"}],"wp:term":[{"taxonomy":"product_brand","embeddable":true,"href":"https:\/\/www.mintofgold.com\/ar\/wp-json\/wp\/v2\/product_brand?post=197"},{"taxonomy":"product_cat","embeddable":true,"href":"https:\/\/www.mintofgold.com\/ar\/wp-json\/wp\/v2\/product_cat?post=197"},{"taxonomy":"product_tag","embeddable":true,"href":"https:\/\/www.mintofgold.com\/ar\/wp-json\/wp\/v2\/product_tag?post=197"}],"curies":[{"name":"\u062f\u0628\u0644\u064a\u0648 \u0628\u064a","href":"https:\/\/api.w.org\/{rel}","templated":true}]}}