{"id":188,"date":"2025-02-17T13:01:41","date_gmt":"2025-02-17T12:01:41","guid":{"rendered":"https:\/\/mintofgold.com\/?post_type=product&#038;p=188"},"modified":"2025-02-27T11:18:20","modified_gmt":"2025-02-27T10:18:20","slug":"2025-our-purest-maple-leaf-1-oz-99999","status":"publish","type":"product","link":"https:\/\/www.mintofgold.com\/ar\/2025-our-purest-maple-leaf-1-oz-99999\/","title":{"rendered":"2025 \u0648\u0631\u0642\u0629 \u0627\u0644\u0642\u064a\u0642\u0628 \u0627\u0644\u0623\u0646\u0642\u0649 \u0644\u062f\u064a\u0646\u0627 - 1 \u0623\u0648\u0642\u064a\u0629 99,999%"},"content":{"rendered":"<p data-start=\"0\" data-end=\"155\">\u0645\u0627 \u0647\u064a \u0627\u0644\u0623\u0645\u0648\u0627\u0644 \u0627\u0644\u062a\u064a \u062a\u0645 \u0627\u0644\u062d\u0635\u0648\u0644 \u0639\u0644\u064a\u0647\u0627\u061f <strong data-start=\"36\" data-end=\"55\">\u0633\u0628\u0627\u0626\u0643 \u0645\u0645\u062a\u0627\u0632\u0629<\/strong>, \u060c kt\u00f3ra zawiera z\u0142awiera z\u0142oto o pi\u0119ciu dziewi\u0105tkach, co czyni j\u0105 <strong data-start=\"112\" data-end=\"152\">Naszym Najczystsym Li\u015bciem Klonowym<\/strong>.<br \/>\n\u0625\u0644\u0649 ekscytuj\u0105ce nowe uzupe\u0142nienienie naszezej linii <strong data-start=\"203\" data-end=\"246\">\u0633\u0628\u0627\u0626\u0643 \u0628\u0631\u064a\u0645\u064a\u0648\u0645 \u0628\u0631\u064a\u0645\u064a\u0648\u0645 \u0645\u0639 \u0633\u0628\u0627\u0626\u0643 \u0645\u0646 \u0646\u0648\u0639 specjalnym opakowaniu<\/strong> \u0627\u0633\u062a\u0639\u062f\u0648\u0627 \u0644\u0632\u064a\u0627\u0631\u062a\u0646\u0627 \u0641\u064a \u0627\u0644\u0648\u0642\u062a \u0627\u0644\u0645\u0646\u0627\u0633\u0628 <strong data-start=\"314\" data-end=\"322\">1 \u0623\u0648\u0646\u0635\u0629<\/strong>.<\/p>\n<p data-start=\"327\" data-end=\"811\">Ka\u017cda z tych monet o warto\u015b\u0107 inwestycyjnej zawiera kultowy wz\u00f3r <strong data-start=\"392\" data-end=\"420\">Z\u0142otego Li\u015bcia Klonowego<\/strong> (GML) \u0645\u0646 \u062a\u0623\u0644\u064a\u0641 \u0648\u0627\u0644\u062a\u0631 \u0623\u0648\u062a\u0627 \u060c \u0648\u0647\u0648 \u0645\u0624\u0644\u0641 \u0643\u062a\u0627\u0628 \"GML\" \u060c \u0648\u0647\u0648 \u0639\u0628\u0627\u0631\u0629 \u0639\u0646 \u0645\u062c\u0645\u0648\u0639\u0629 \u0645\u0646 \u0627\u0644\u0644\u0648\u062d\u0627\u062a \u0627\u0644\u0625\u0631\u0634\u0627\u062f\u064a\u0629 \u0627\u0644\u062a\u064a \u062a\u0639\u062f \u0628\u0627\u0644\u062d\u064a\u0648\u064a\u0629 \u0648\u0627\u0644\u0637\u0627\u0642\u0629. \u0648\u0642\u062f \u062a\u0645 \u0625\u0646\u0634\u0627\u0621 \u0647\u0630\u0647 \u0627\u0644\u0645\u062c\u0645\u0648\u0639\u0629 \u0641\u064a <strong data-start=\"544\" data-end=\"563\">99,999999% czystym<\/strong> z\u0142ocie (pi\u0119\u0107 dziewi\u0105tek), <strong data-start=\"590\" data-end=\"623\">\u0646\u0627\u0632 \u0646\u0627\u064a\u062a\u0634\u064a\u0633\u062a\u064a\u0632\u064a \u0644\u064a\u062a\u0634 \u0643\u0644\u0648\u0646\u0648\u064a<\/strong> \u0641\u064a \u0627\u0644\u0648\u0642\u062a \u0627\u0644\u0630\u064a \u0644\u0627 \u064a\u0645\u0643\u0646 \u0641\u064a\u0647 \u0623\u0646 \u064a\u0643\u0648\u0646 \u0647\u0646\u0627\u0643 \u0623\u064a \u0646\u0648\u0639 \u0645\u0646 \u0623\u0646\u0648\u0627\u0639 \u0627\u0644\u062a\u0628\u0627\u064a\u0646 \u0641\u064a \u0627\u0644\u0634\u0643\u0644\u060c \u0641\u0625\u0646 \u0647\u0630\u0627 \u0627\u0644\u0646\u0648\u0639 \u0645\u0646 \u0627\u0644\u062a\u0628\u0627\u064a\u0646 \u0641\u064a \u0627\u0644\u0634\u0643\u0644 \u0647\u0648 \u0645\u0627 \u064a\u0633\u0645\u0649 \u0628 \"\u0627\u0644\u062a\u0628\u0627\u064a\u0646 \u0641\u064a \u0627\u0644\u0634\u0643\u0644\".<\/p>\n<p data-start=\"813\" data-end=\"843\"><strong data-start=\"817\" data-end=\"841\">Specjalne opakowanie<br \/>\n<\/strong><strong data-start=\"845\" data-end=\"888\">\u0647\u0644 \u062a\u0631\u064a\u062f \u0627\u0644\u062d\u0635\u0648\u0644 \u0639\u0644\u0649 \u0627\u0644\u0633\u0628\u0627\u0626\u0643 \u0627\u0644\u0645\u0645\u062a\u0627\u0632\u0629\u061f<\/strong><br data-start=\"888\" data-end=\"891\" \/>\u062a\u0648\u064a\u0627 \u0645\u0648\u0646\u064a\u062a\u0627 <strong data-start=\"904\" data-end=\"923\">\u0633\u0628\u0627\u0626\u0643 \u0645\u0645\u062a\u0627\u0632\u0629<\/strong> \u062c\u0633\u062a <strong data-start=\"929\" data-end=\"962\">zamkni\u0119\u0119ta w kapsule ochronnej<\/strong> \u0623\u0646\u0627 \u0632\u0627\u0628\u0631\u064a\u0632\u0646\u062a\u0648\u0627\u0646\u0627 \u062b <strong data-start=\"982\" data-end=\"1026\">indywidualnie zaprojektowowanym opakowaniu<\/strong>, \u060c \u062d\u064a\u062b \u064a\u0645\u0643\u0646 \u0623\u0646 \u064a\u0624\u062f\u064a \u0630\u0644\u0643 \u0625\u0644\u0649 \u062a\u062d\u0633\u064a\u0646 \u062c\u0648\u062f\u0629 \u0627\u0644\u062d\u064a\u0627\u0629 \u0641\u064a \u062c\u0645\u064a\u0639 \u0623\u0646\u062d\u0627\u0621 \u0627\u0644\u0639\u0627\u0644\u0645. \u0641\u064a \u0627\u0644\u0648\u0642\u062a \u0627\u0644\u062d\u0627\u0644\u064a\u060c \u064a\u0645\u0643\u0646 \u0623\u0646 \u064a\u0643\u0648\u0646 \u0647\u0646\u0627\u0643 \u0627\u0644\u0643\u062b\u064a\u0631 \u0645\u0646 \u0627\u0644\u0645\u0639\u0644\u0648\u0645\u0627\u062a \u0639\u0644\u0649 \u0627\u0644\u0625\u0646\u062a\u0631\u0646\u062a \u0639\u0644\u0649 \u0646\u0637\u0627\u0642 \u0648\u0627\u0633\u0639\u060c \u0648\u0644\u0643\u0646 \u064a\u0645\u0643\u0646 \u0623\u0646 \u064a\u0643\u0648\u0646 \u0647\u0646\u0627\u0643 \u0627\u0644\u0643\u062b\u064a\u0631 \u0645\u0646 \u0627\u0644\u0645\u0639\u0644\u0648\u0645\u0627\u062a \u0639\u0644\u0649 \u0627\u0644\u0625\u0646\u062a\u0631\u0646\u062a \u0639\u0644\u0649 \u0646\u0637\u0627\u0642 \u0648\u0627\u0633\u0639\u060c \u0648\u0644\u0643\u0646 \u064a\u0645\u0643\u0646 \u0623\u0646 \u064a\u0643\u0648\u0646 \u0647\u0646\u0627\u0643 \u0627\u0644\u0643\u062b\u064a\u0631 \u0645\u0646 \u0627\u0644\u0645\u0639\u0644\u0648\u0645\u0627\u062a \u0639\u0644\u0649 \u0627\u0644\u0625\u0646\u062a\u0631\u0646\u062a.<\/p>","protected":false},"excerpt":{"rendered":"<p>Jedna z najczystystszych z\u0142otych monet bulionowych<br \/>\n<strong>\u0627\u0644\u0622\u0646 \u015aO\u0106\u0106!<\/strong> \u064a\u0645\u0643\u0646 \u0623\u0646 \u064a\u0643\u0648\u0646 \u0647\u0630\u0627 \u0647\u0648 \u0627\u0644\u0645\u0639\u064a\u0627\u0631 \u0627\u0644\u0642\u064a\u0627\u0633\u064a \u0627\u0644\u0630\u064a \u064a\u062c\u0628 \u0623\u0646 \u064a\u0643\u0648\u0646 \u0645\u062a\u0627\u062d\u064b\u0627 \u0641\u064a \u062c\u0645\u064a\u0639 \u0623\u0646\u062d\u0627\u0621 \u0627\u0644\u0639\u0627\u0644\u0645 - \u0648\u0647\u0648 \u0645\u0639\u064a\u0627\u0631 99,9991 \u062a\u064a\u0631\u0627\u0628\u0627\u064a\u062a (0,9999999 \u0644\u0648\u0628) - \u0648\u0647\u0648 \u0645\u0639\u064a\u0627\u0631 \u0642\u064a\u0627\u0633\u064a \u062c\u062f\u064a\u062f \u0644\u0645\u0639\u0627\u064a\u064a\u0631 \u0645\u0639\u0627\u064a\u064a\u0631 \u0623\u062e\u0631\u0649.<\/p>","protected":false},"featured_media":629,"comment_status":"closed","ping_status":"closed","template":"","meta":{"_kad_blocks_custom_css":"","_kad_blocks_head_custom_js":"","_kad_blocks_body_custom_js":"","_kad_blocks_footer_custom_js":"","_kad_post_transparent":"default","_kad_post_title":"","_kad_post_layout":"default","_kad_post_sidebar_id":"","_kad_post_content_style":"default","_kad_post_vertical_padding":"default","_kad_post_feature":"","_kad_post_feature_position":"","_kad_post_header":false,"_kad_post_footer":false,"_kad_post_classname":""},"product_brand":[116],"product_cat":[117],"product_tag":[],"class_list":{"0":"post-188","1":"product","2":"type-product","3":"status-publish","4":"has-post-thumbnail","6":"product_brand-the-royal-canadian-mint","7":"product_cat-monety","8":"pa_metal-zloto","9":"pa_proba-99-999","10":"pa_rozmiar-30-mm","11":"pa_waga-31-16g","13":"first","14":"instock","15":"shipping-taxable","16":"product-type-simple","17":"entry","18":"content-bg","19":"loop-entry"},"taxonomy_info":{"product_brand":[{"value":116,"label":"THE ROYAL CANADIAN MINT"}],"product_cat":[{"value":117,"label":"Monety"}],"pa_metal":[{"value":98,"label":"Z\u0142oto"}],"pa_proba":[{"value":125,"label":"99.999%"}],"pa_rozmiar":[{"value":126,"label":"30 mm"}],"pa_waga":[{"value":127,"label":"31.16g"}]},"featured_image_src_large":["https:\/\/www.mintofgold.com\/wp-content\/uploads\/2025\/02\/najczystszy-lisc-klonowy-royal-canadian-rcm.png",800,800,false],"author_info":[],"comment_info":0,"_links":{"self":[{"href":"https:\/\/www.mintofgold.com\/ar\/wp-json\/wp\/v2\/product\/188","targetHints":{"allow":["GET"]}}],"collection":[{"href":"https:\/\/www.mintofgold.com\/ar\/wp-json\/wp\/v2\/product"}],"about":[{"href":"https:\/\/www.mintofgold.com\/ar\/wp-json\/wp\/v2\/types\/product"}],"replies":[{"embeddable":true,"href":"https:\/\/www.mintofgold.com\/ar\/wp-json\/wp\/v2\/comments?post=188"}],"wp:featuredmedia":[{"embeddable":true,"href":"https:\/\/www.mintofgold.com\/ar\/wp-json\/wp\/v2\/media\/629"}],"wp:attachment":[{"href":"https:\/\/www.mintofgold.com\/ar\/wp-json\/wp\/v2\/media?parent=188"}],"wp:term":[{"taxonomy":"product_brand","embeddable":true,"href":"https:\/\/www.mintofgold.com\/ar\/wp-json\/wp\/v2\/product_brand?post=188"},{"taxonomy":"product_cat","embeddable":true,"href":"https:\/\/www.mintofgold.com\/ar\/wp-json\/wp\/v2\/product_cat?post=188"},{"taxonomy":"product_tag","embeddable":true,"href":"https:\/\/www.mintofgold.com\/ar\/wp-json\/wp\/v2\/product_tag?post=188"}],"curies":[{"name":"\u062f\u0628\u0644\u064a\u0648 \u0628\u064a","href":"https:\/\/api.w.org\/{rel}","templated":true}]}}