{"id":186,"date":"2025-02-17T13:04:39","date_gmt":"2025-02-17T12:04:39","guid":{"rendered":"https:\/\/mintofgold.com\/?post_type=product&#038;p=186"},"modified":"2025-02-27T11:07:58","modified_gmt":"2025-02-27T10:07:58","slug":"the-majestic-polar-bears-1-10-oz-99-99","status":"publish","type":"product","link":"https:\/\/www.mintofgold.com\/ar\/the-majestic-polar-bears-1-10-oz-99-99\/","title":{"rendered":"\u0630\u0627 \u0645\u0627\u062c\u0633\u062a\u064a\u0643 \u0627\u0644\u062f\u0628\u0628\u0629 \u0627\u0644\u0642\u0637\u0628\u064a\u0629 - 1\/10 \u0623\u0648\u0642\u064a\u0629 99.99%"},"content":{"rendered":"<p data-start=\"0\" data-end=\"63\"><strong data-start=\"0\" data-end=\"61\">Premium Bullion: Rzadko\u015b\u0107, czysto\u015b\u0107 i jako\u015b\u0107 gwarantowane<br \/>\n<\/strong>Kontynuuj\u0105c narracj\u0119 ustanowion\u0105 w pierwszej (2022) edycji <strong data-start=\"124\" data-end=\"167\">\u0633\u0628\u0627\u0626\u0643 \u0628\u0631\u064a\u0645\u064a\u0648\u0645 \u0628\u0631\u064a\u0645\u064a\u0648\u0645 \u0645\u0639 \u0633\u0628\u0627\u0626\u0643 \u0645\u0646 \u0646\u0648\u0639 specjalnym opakowaniu<\/strong>, edycja z 2024 roku przedstawia uroczy widok nied\u017awiedzia polarnego z niemal samodzielnym cubem, przytulaj\u0105cych si\u0119 w ich arktycznym \u015brodowisku.<\/p>\n<p data-start=\"316\" data-end=\"793\">Zaprezentowana zar\u00f3wno dla kolekcjoner\u00f3w, jak i inwestor\u00f3w, ka\u017cda moneta o warto\u015bci inwestycyjnej zosta\u0142a wykonana w z\u0142ocie 24-karatowym (99,99% czystym) z minimaln\u0105 gwarantowan\u0105 wag\u0105 <strong data-start=\"500\" data-end=\"514\">1\/10 uncji<\/strong>. Moneta umieszczona jest w etui kartonowym, kt\u00f3re zapewnia niezak\u0142\u00f3cony widok na niezwyk\u0142e cechy monety, w tym ol\u015bniewaj\u0105ce wyko\u0144czenie w stylu \u201esunburst\u201d oraz odciski \u0142ap na rewersie, a na awersie znajduje si\u0119 kanadyjski wizerunek <strong data-start=\"747\" data-end=\"790\">Jego Kr\u00f3lewskiej Mo\u015bci Kr\u00f3la Karola III<\/strong>.<\/p>\n<p data-start=\"795\" data-end=\"922\" data-is-last-node=\"\">Bezpo\u015brednio od <strong data-start=\"811\" data-end=\"847\">Kanadyjskiej Mennicy Kr\u00f3lewskiej<\/strong>, <strong data-start=\"849\" data-end=\"868\">\u0633\u0628\u0627\u0626\u0643 \u0645\u0645\u062a\u0627\u0632\u0629<\/strong> dostarcza najczystsze metale szlachetne w Twoje r\u0119ce.<\/p>","protected":false},"excerpt":{"rendered":"<p><strong>Odciski \u0142ap<\/strong><\/p>\n<p>Odciski \u0142ap nied\u017awiedzia polarnego na rewersie ka\u017cdej monety s\u0105 cech\u0105 charakterystyczn\u0105 ca\u0142ej kolekcji i wyst\u0119puj\u0105 wy\u0142\u0105cznie w tej linii monet bulionowych Premium.<\/p>","protected":false},"featured_media":628,"comment_status":"closed","ping_status":"closed","template":"","meta":{"_kad_blocks_custom_css":"","_kad_blocks_head_custom_js":"","_kad_blocks_body_custom_js":"","_kad_blocks_footer_custom_js":"","_kad_post_transparent":"default","_kad_post_title":"","_kad_post_layout":"default","_kad_post_sidebar_id":"","_kad_post_content_style":"default","_kad_post_vertical_padding":"default","_kad_post_feature":"","_kad_post_feature_position":"","_kad_post_header":false,"_kad_post_footer":false,"_kad_post_classname":""},"product_brand":[116],"product_cat":[117],"product_tag":[],"class_list":{"0":"post-186","1":"product","2":"type-product","3":"status-publish","4":"has-post-thumbnail","6":"product_brand-the-royal-canadian-mint","7":"product_cat-monety","8":"pa_metal-zloto","9":"pa_proba-99-99","10":"pa_rozmiar-16-mm","11":"pa_waga-3-11g","13":"first","14":"instock","15":"shipping-taxable","16":"product-type-simple","17":"entry","18":"content-bg","19":"loop-entry"},"taxonomy_info":{"product_brand":[{"value":116,"label":"THE ROYAL CANADIAN MINT"}],"product_cat":[{"value":117,"label":"Monety"}],"pa_metal":[{"value":98,"label":"Z\u0142oto"}],"pa_proba":[{"value":119,"label":"99.99%"}],"pa_rozmiar":[{"value":122,"label":"16 mm"}],"pa_waga":[{"value":123,"label":"3.11g"}]},"featured_image_src_large":["https:\/\/www.mintofgold.com\/wp-content\/uploads\/2025\/02\/wielkie-niedzwiedzie-royal-canadian-rcm.png",800,800,false],"author_info":[],"comment_info":0,"_links":{"self":[{"href":"https:\/\/www.mintofgold.com\/ar\/wp-json\/wp\/v2\/product\/186","targetHints":{"allow":["GET"]}}],"collection":[{"href":"https:\/\/www.mintofgold.com\/ar\/wp-json\/wp\/v2\/product"}],"about":[{"href":"https:\/\/www.mintofgold.com\/ar\/wp-json\/wp\/v2\/types\/product"}],"replies":[{"embeddable":true,"href":"https:\/\/www.mintofgold.com\/ar\/wp-json\/wp\/v2\/comments?post=186"}],"wp:featuredmedia":[{"embeddable":true,"href":"https:\/\/www.mintofgold.com\/ar\/wp-json\/wp\/v2\/media\/628"}],"wp:attachment":[{"href":"https:\/\/www.mintofgold.com\/ar\/wp-json\/wp\/v2\/media?parent=186"}],"wp:term":[{"taxonomy":"product_brand","embeddable":true,"href":"https:\/\/www.mintofgold.com\/ar\/wp-json\/wp\/v2\/product_brand?post=186"},{"taxonomy":"product_cat","embeddable":true,"href":"https:\/\/www.mintofgold.com\/ar\/wp-json\/wp\/v2\/product_cat?post=186"},{"taxonomy":"product_tag","embeddable":true,"href":"https:\/\/www.mintofgold.com\/ar\/wp-json\/wp\/v2\/product_tag?post=186"}],"curies":[{"name":"\u062f\u0628\u0644\u064a\u0648 \u0628\u064a","href":"https:\/\/api.w.org\/{rel}","templated":true}]}}