{"id":127,"date":"2025-02-20T12:06:45","date_gmt":"2025-02-20T11:06:45","guid":{"rendered":"https:\/\/mintofgold.com\/?post_type=product&#038;p=127"},"modified":"2025-02-28T16:35:43","modified_gmt":"2025-02-28T15:35:43","slug":"2g-gold-999-9-kinebar","status":"publish","type":"product","link":"https:\/\/www.mintofgold.com\/ar\/2g-gold-999-9-kinebar\/","title":{"rendered":"2 \u062c\u0631\u0627\u0645 \u0630\u0647\u0628 999.9 - \u0643\u064a\u0646\u0628\u0627\u0631 2 \u062c\u0631\u0627\u0645 - Kinebar"},"content":{"rendered":"<p>Kinebar\u00ae \u0644\u062a\u0643\u0646\u0648\u0644\u0648\u062c\u064a\u0627 \u0627\u0644\u0647\u0648\u0644\u0648\u063a\u0631\u0627\u0645\u0627\u062a \u0627\u0644\u062b\u0644\u0627\u062b\u064a\u0629 \u0627\u0644\u0623\u0628\u0639\u0627\u062f \u0641\u064a \u0645\u0648\u0642\u0639 Kinegramu\u00ae. \u062a\u064f\u0633\u062a\u062e\u062f\u0645 \u062a\u0642\u0646\u064a\u0629 \u0627\u0644\u0647\u0648\u0644\u0648\u063a\u0631\u0627\u0645 \u0641\u064a \u0645\u062c\u0627\u0644 \u062a\u0642\u0646\u064a\u0629 \u0627\u0644\u0647\u0648\u0644\u0648\u063a\u0631\u0627\u0645 \u0641\u064a \u062c\u0645\u064a\u0639 \u0623\u0646\u062d\u0627\u0621 \u0627\u0644\u0639\u0627\u0644\u0645. \u0644\u0627 \u064a\u0645\u0643\u0646 \u0627\u0633\u062a\u062e\u062f\u0627\u0645 \u0647\u0630\u0647 \u0627\u0644\u062a\u0642\u0646\u064a\u0629 \u0641\u064a \u062c\u0645\u064a\u0639 \u0623\u0646\u062d\u0627\u0621 \u0627\u0644\u0639\u0627\u0644\u0645 \u0641\u064a \u0627\u0644\u0648\u0642\u062a \u0627\u0644\u062d\u0627\u0644\u064a\u060c \u0648\u0644\u0643\u0646 \u064a\u0645\u0643\u0646 \u0627\u0633\u062a\u062e\u062f\u0627\u0645\u0647\u0627 \u0641\u064a \u062c\u0645\u064a\u0639 \u0623\u0646\u062d\u0627\u0621 \u0627\u0644\u0639\u0627\u0644\u0645. \u0635\u0648\u0631 \u062b\u0644\u0627\u062b\u064a\u0629 \u0627\u0644\u0623\u0628\u0639\u0627\u062f \u062a\u0648\u0636\u0639 \u0641\u064a \u0645\u0643\u0627\u0646 \u0648\u0627\u062d\u062f. \u0641\u064a \u0647\u0630\u0647 \u0627\u0644\u0645\u0631\u062d\u0644\u0629\u060c \u064a\u062a\u0645 \u0625\u0646\u062a\u0627\u062c\u0647\u0627 \u0645\u0646 \u062e\u0644\u0627\u0644 \u0639\u0645\u0644\u064a\u0627\u062a \u0627\u0644\u0625\u0646\u062a\u0627\u062c\u060c \u062d\u064a\u062b \u064a\u062a\u0645 \u0627\u0633\u062a\u062e\u062f\u0627\u0645 \u0647\u0630\u0647 \u0627\u0644\u062a\u0642\u0646\u064a\u0629 \u0641\u064a \u0639\u0645\u0644\u064a\u0627\u062a \u0627\u0644\u0625\u0646\u062a\u0627\u062c\u060c \u062d\u064a\u062b \u064a\u062a\u0645 \u0627\u0633\u062a\u062e\u062f\u0627\u0645 \u0647\u0630\u0647 \u0627\u0644\u062a\u0642\u0646\u064a\u0629 \u0641\u064a \u0639\u0645\u0644\u064a\u0627\u062a \u0627\u0644\u0625\u0646\u062a\u0627\u062c.<\/p>\n<p>\u064a\u0645\u0643\u0646 \u0627\u0633\u062a\u062e\u062f\u0627\u0645 \u0627\u0644\u0643\u0645\u064a\u0629 \u0627\u0644\u0645\u062a\u0648\u0641\u0631\u0629 \u0645\u0646 \u0627\u0644\u0643\u064a\u0646\u0627\u0631 \u0628\u0627\u0644\u0648\u0632\u0646: 1 \u062c\u0645\u060c 2 \u062c\u0645\u060c 5 \u062c\u0645\u060c 10 \u062c\u0645\u060c 20 \u062c\u0645\u060c 1 \u0623\u0648\u0646\u0635\u0629. \u062a\u064f\u0633\u062a\u062e\u062f\u0645 \u0647\u0630\u0647 \u0627\u0644\u0643\u0645\u064a\u0629 \u0641\u064a \u0635\u0646\u0627\u0639\u0629 \u0627\u0644\u0628\u0648\u0644\u064a\u0633\u062a\u0631\u0648 \u0627\u0644\u0630\u064a \u064a\u062d\u062a\u0648\u064a \u0639\u0644\u0649 \u0645\u0648\u0627\u062f \u0643\u064a\u0645\u064a\u0627\u0626\u064a\u0629. \u064a\u062a\u0645 \u062a\u0635\u0646\u064a\u0639\u0647\u0627 \u0639\u0644\u0649 \u0634\u0643\u0644 \u062d\u0631\u0641 PET \u0648\u0648\u0632\u0646\u0647\u0627 \u0623\u0643\u0628\u0631 \u0645\u0646 \u062d\u062c\u0645\u0647\u0627 \u0627\u0644\u0623\u0635\u0644\u064a \u0639\u0644\u0649 \u0634\u0643\u0644 \u062d\u0631\u0641 PET\u060c \u0645\u0642\u0627\u0633 85 \u0645\u0645 \u00d7 54 \u0645\u0645.<\/p>","protected":false},"excerpt":{"rendered":"<p>Kinebar\u00ae to bita sztabka z\u0142ota z dodatkowymi zabezpieczeniami w postaci Kinegramu\u00ae. Ta technologia hologramowa jest powszechnie znana z zastosowania w paszportach i banknotach. Jest nie tylko atrakcyjna wizualnie, ale tak\u017ce zwi\u0119ksza bezpiecze\u0144stwo tej sztabki. Hologram pokrywa tyln\u0105 stron\u0119 Kinebar\u00ae. W tym celu, podczas procesu produkcji, na powierzchni stosowane s\u0105 drobne mikrostruktury, kt\u00f3re tworz\u0105 efekt migotania&#8230;.<\/p>","protected":false},"featured_media":624,"comment_status":"closed","ping_status":"closed","template":"","meta":{"_kad_blocks_custom_css":"","_kad_blocks_head_custom_js":"","_kad_blocks_body_custom_js":"","_kad_blocks_footer_custom_js":"","_kad_post_transparent":"default","_kad_post_title":"","_kad_post_layout":"default","_kad_post_sidebar_id":"","_kad_post_content_style":"default","_kad_post_vertical_padding":"default","_kad_post_feature":"","_kad_post_feature_position":"","_kad_post_header":false,"_kad_post_footer":false,"_kad_post_classname":""},"product_brand":[66],"product_cat":[21],"product_tag":[],"class_list":{"0":"post-127","1":"product","2":"type-product","3":"status-publish","4":"has-post-thumbnail","6":"product_brand-heraeus-precious-metals","7":"product_cat-sztabki-zlota","8":"pa_metal-zloto","9":"pa_proba-23","10":"pa_rozmiar-19-1-x-11-5-x-0-5-mm","11":"pa_waga-2g","13":"first","14":"instock","15":"shipping-taxable","16":"product-type-simple","17":"entry","18":"content-bg","19":"loop-entry"},"taxonomy_info":{"product_brand":[{"value":66,"label":"HERAEUS - PRECIOUS METALS"}],"product_cat":[{"value":21,"label":"Sztabki z\u0142ota"}],"pa_metal":[{"value":98,"label":"Z\u0142oto"}],"pa_proba":[{"value":23,"label":"999,9"}],"pa_rozmiar":[{"value":84,"label":"19.1 x 11.5 x 0.5 mm"}],"pa_waga":[{"value":85,"label":"2g"}]},"featured_image_src_large":["https:\/\/www.mintofgold.com\/wp-content\/uploads\/2025\/02\/2_g_Gold_999_9_01_Kinebar-1024x1024.png",1024,1024,true],"author_info":[],"comment_info":0,"_links":{"self":[{"href":"https:\/\/www.mintofgold.com\/ar\/wp-json\/wp\/v2\/product\/127","targetHints":{"allow":["GET"]}}],"collection":[{"href":"https:\/\/www.mintofgold.com\/ar\/wp-json\/wp\/v2\/product"}],"about":[{"href":"https:\/\/www.mintofgold.com\/ar\/wp-json\/wp\/v2\/types\/product"}],"replies":[{"embeddable":true,"href":"https:\/\/www.mintofgold.com\/ar\/wp-json\/wp\/v2\/comments?post=127"}],"wp:featuredmedia":[{"embeddable":true,"href":"https:\/\/www.mintofgold.com\/ar\/wp-json\/wp\/v2\/media\/624"}],"wp:attachment":[{"href":"https:\/\/www.mintofgold.com\/ar\/wp-json\/wp\/v2\/media?parent=127"}],"wp:term":[{"taxonomy":"product_brand","embeddable":true,"href":"https:\/\/www.mintofgold.com\/ar\/wp-json\/wp\/v2\/product_brand?post=127"},{"taxonomy":"product_cat","embeddable":true,"href":"https:\/\/www.mintofgold.com\/ar\/wp-json\/wp\/v2\/product_cat?post=127"},{"taxonomy":"product_tag","embeddable":true,"href":"https:\/\/www.mintofgold.com\/ar\/wp-json\/wp\/v2\/product_tag?post=127"}],"curies":[{"name":"\u062f\u0628\u0644\u064a\u0648 \u0628\u064a","href":"https:\/\/api.w.org\/{rel}","templated":true}]}}