{"id":125,"date":"2025-02-20T12:04:31","date_gmt":"2025-02-20T11:04:31","guid":{"rendered":"https:\/\/mintofgold.com\/?post_type=product&#038;p=125"},"modified":"2025-02-28T16:36:59","modified_gmt":"2025-02-28T15:36:59","slug":"2g-gold-999-9-gift-bar","status":"publish","type":"product","link":"https:\/\/www.mintofgold.com\/ar\/2g-gold-999-9-gift-bar\/","title":{"rendered":"2 \u062c\u0631\u0627\u0645 \u0630\u0647\u0628 999.999.9 - \u0633\u0628\u064a\u0643\u0629 \u0647\u062f\u0627\u064a\u0627 999.9 - \u0633\u0628\u064a\u0643\u0629 \u0647\u062f\u0627\u064a\u0627"},"content":{"rendered":"<div class=\"flex max-w-full flex-col flex-grow\">\n<div class=\"min-h-8 text-message flex w-full flex-col items-end gap-2 whitespace-normal break-words text-start [.text-message+&amp;]:mt-5\" dir=\"auto\" data-message-author-role=\"assistant\" data-message-id=\"57daad4d-f8ea-4fb0-aa0e-32c0d04f6566\" data-message-model-slug=\"gpt-4o-mini\">\n<div class=\"flex w-full flex-col gap-1 empty:hidden first:pt-[3px]\">\n<div class=\"markdown prose w-full break-words dark:prose-invert light\">\n<p data-start=\"0\" data-end=\"345\" data-is-last-node=\"\">Sztabka bite 2 g wyr\u00f3\u017cnia si\u0119 dwoma cechami designu: tylna strona sztabki ozdobiona jest wst\u0105\u017ck\u0105, a certyfikat ma specjalny wz\u00f3r. Uniwersalny design sprawia, \u017ce sztabka jest odpowiednia na ka\u017cd\u0105 okazj\u0119. Sztabka jest pakowana w opakowanie blistrowe i posiada numer seryjny. Czysto\u015b\u0107 jest taka sama jak dla wszystkich sztabek z\u0142ota Heraeus: 999,9<\/p>\n<\/div>\n<\/div>\n<\/div>\n<\/div>\n","protected":false},"excerpt":{"rendered":"<p>\u0637\u0642\u0645 \u0637\u0627\u0648\u0644\u0627\u062a \u0635\u063a\u064a\u0631\u0629 \u0628\u062d\u062c\u0645 2 \u062c\u0631\u0627\u0645 \u0645\u0646 \u062a\u0635\u0645\u064a\u0645\u0627\u062a \u0645\u062e\u062a\u0644\u0641\u0629: \u062a\u0635\u0645\u064a\u0645\u0627\u062a \u0645\u062a\u0634\u0627\u0628\u0647\u0629 \u0641\u064a \u062c\u0645\u064a\u0639 \u0623\u0646\u062d\u0627\u0621 \u0627\u0644\u0639\u0627\u0644\u0645: \u062a\u0635\u0645\u064a\u0645\u0627\u062a \u0645\u062a\u0634\u0627\u0628\u0647\u0629 \u0641\u064a \u062c\u0645\u064a\u0639 \u0623\u0646\u062d\u0627\u0621 \u0627\u0644\u0639\u0627\u0644\u0645 \u0647\u064a \u062a\u0635\u0645\u064a\u0645\u0627\u062a \u0645\u062a\u0634\u0627\u0628\u0647\u0629 \u0641\u064a \u062c\u0645\u064a\u0639 \u0623\u0646\u062d\u0627\u0621 \u0627\u0644\u0639\u0627\u0644\u0645. \u0627\u0644\u062a\u0635\u0645\u064a\u0645 \u0627\u0644\u0623\u062d\u0627\u062f\u064a \u0627\u0644\u062c\u0627\u0646\u0628\u060c \u062d\u064a\u062b \u064a\u0645\u0643\u0646 \u0623\u0646 \u064a\u0643\u0648\u0646 \u0627\u0644\u062a\u0635\u0645\u064a\u0645 \u0639\u0644\u0649 \u0634\u0643\u0644 \u062d\u0631\u0641 UI\u060c \u0648\u0644\u0643\u0646 \u064a\u0645\u0643\u0646 \u0623\u0646 \u064a\u0643\u0648\u0646 \u0627\u0644\u062a\u0635\u0645\u064a\u0645 \u0639\u0644\u0649 \u0634\u0643\u0644 \u062d\u0631\u0641 UI. \u064a\u0645\u0643\u0646 \u0623\u0646 \u062a\u0643\u0648\u0646 \u0647\u0630\u0647 \u0627\u0644\u0642\u0637\u0639\u0629 \u0645\u062a\u0648\u0641\u0631\u0629 \u0641\u064a \u0645\u0643\u0627\u0646\u0647\u0627 \u0627\u0644\u0635\u062d\u064a\u062d. \u064a\u0645\u0643\u0646 \u0623\u0646 \u064a\u0643\u0648\u0646 \u0647\u0630\u0627 \u0627\u0644\u062c\u0647\u0627\u0632 \u0645\u062a\u0627\u062d\u064b\u0627 \u0641\u064a \u062c\u0645\u064a\u0639 \u0623\u0646\u062d\u0627\u0621 \u0627\u0644\u0639\u0627\u0644\u0645: 999,9<\/p>","protected":false},"featured_media":623,"comment_status":"closed","ping_status":"closed","template":"","meta":{"_kad_blocks_custom_css":"","_kad_blocks_head_custom_js":"","_kad_blocks_body_custom_js":"","_kad_blocks_footer_custom_js":"","_kad_post_transparent":"default","_kad_post_title":"","_kad_post_layout":"default","_kad_post_sidebar_id":"","_kad_post_content_style":"default","_kad_post_vertical_padding":"default","_kad_post_feature":"","_kad_post_feature_position":"","_kad_post_header":false,"_kad_post_footer":false,"_kad_post_classname":""},"product_brand":[66],"product_cat":[21],"product_tag":[],"class_list":{"0":"post-125","1":"product","2":"type-product","3":"status-publish","4":"has-post-thumbnail","6":"product_brand-heraeus-precious-metals","7":"product_cat-sztabki-zlota","8":"pa_metal-zloto","9":"pa_proba-23","10":"pa_rozmiar-19-1-x-11-5-x-0-5-mm","11":"pa_waga-2g","13":"first","14":"instock","15":"shipping-taxable","16":"product-type-simple","17":"entry","18":"content-bg","19":"loop-entry"},"taxonomy_info":{"product_brand":[{"value":66,"label":"HERAEUS - PRECIOUS METALS"}],"product_cat":[{"value":21,"label":"Sztabki z\u0142ota"}],"pa_metal":[{"value":98,"label":"Z\u0142oto"}],"pa_proba":[{"value":23,"label":"999,9"}],"pa_rozmiar":[{"value":84,"label":"19.1 x 11.5 x 0.5 mm"}],"pa_waga":[{"value":85,"label":"2g"}]},"featured_image_src_large":["https:\/\/www.mintofgold.com\/wp-content\/uploads\/2025\/02\/2_g_Gold_999_9_Gift_01_Bar-1024x1024.png",1024,1024,true],"author_info":[],"comment_info":0,"_links":{"self":[{"href":"https:\/\/www.mintofgold.com\/ar\/wp-json\/wp\/v2\/product\/125","targetHints":{"allow":["GET"]}}],"collection":[{"href":"https:\/\/www.mintofgold.com\/ar\/wp-json\/wp\/v2\/product"}],"about":[{"href":"https:\/\/www.mintofgold.com\/ar\/wp-json\/wp\/v2\/types\/product"}],"replies":[{"embeddable":true,"href":"https:\/\/www.mintofgold.com\/ar\/wp-json\/wp\/v2\/comments?post=125"}],"wp:featuredmedia":[{"embeddable":true,"href":"https:\/\/www.mintofgold.com\/ar\/wp-json\/wp\/v2\/media\/623"}],"wp:attachment":[{"href":"https:\/\/www.mintofgold.com\/ar\/wp-json\/wp\/v2\/media?parent=125"}],"wp:term":[{"taxonomy":"product_brand","embeddable":true,"href":"https:\/\/www.mintofgold.com\/ar\/wp-json\/wp\/v2\/product_brand?post=125"},{"taxonomy":"product_cat","embeddable":true,"href":"https:\/\/www.mintofgold.com\/ar\/wp-json\/wp\/v2\/product_cat?post=125"},{"taxonomy":"product_tag","embeddable":true,"href":"https:\/\/www.mintofgold.com\/ar\/wp-json\/wp\/v2\/product_tag?post=125"}],"curies":[{"name":"\u062f\u0628\u0644\u064a\u0648 \u0628\u064a","href":"https:\/\/api.w.org\/{rel}","templated":true}]}}